{"id":58546,"date":"2021-06-06T08:54:38","date_gmt":"2021-06-06T07:54:39","guid":{"rendered":"https:\/\/www.customeeple.com\/?post_type=product&#038;p=58546"},"modified":"2024-07-11T02:32:03","modified_gmt":"2024-07-11T01:32:03","slug":"morvenn-vahl-abbess-sanctorum-of-the-adepta-sororitas-pre-order","status":"publish","type":"product","link":"https:\/\/www.customeeple.com\/es\/producto\/morvenn-vahl-abbess-sanctorum-of-the-adepta-sororitas-pre-order\/","title":{"rendered":"Morvenn Vahl, Abadesa Sanctorum del Adepta Sororitas"},"content":{"rendered":"<p>Cuando la Eclesiarqu\u00eda trat\u00f3 de elegir una nueva abadesa Sanctorum para dirigir a las Adepta Sororitas, eligieron a Morvenn Vahl. Creyendo que la joven Superiora Celeste pod\u00eda ser f\u00e1cilmente manipulada en la arena pol\u00edtica, en cambio encontraron a una guerrera sincera y de voluntad f\u00e9rrea que us\u00f3 su placa de batalla completa en las reuniones del Santo S\u00ednodo e intimid\u00f3 a muchos que buscaban influenciarla. Insatisfecha con el ejercicio de su mando desde la seguridad de la Sagrada Terra, Vahl parti\u00f3 casi tan pronto como lleg\u00f3 y desde entonces ha estado al frente de muchas cruzadas.<\/p>\n<p>La Comandante Suprema del Adepta Sororitas es una figura poderosa de contemplar en el campo de batalla, marchando a la guerra en su armadura reliquia Exoesqueleto Ejemplar, Purgator Mirabilis, y portando una antigua lanza que le obsequiaron los Adeptus Custodes. Igual de c\u00f3moda est\u00e1 dirigiendo a sus Hermanas de Batalla que atrapada en el fragor del combate, Vahl es un potente multiplicador de fuerza capaz de cambiar el flujo de la batalla solo con su presencia, impulsando a las tropas cercanas al m\u00e1ximo de su capacidad y viendo cumplir la voluntad del Emperador bajo su mirada acerada.<\/p>\n<p>El kit consta de 41 piezas de pl\u00e1stico, con las que puedes montar una Morvenn Vahl, Abadesa Sanctorum del Adepta Sororitas, y se suministra con 1 peana redonda Citadel de 60 mm. Este kit tambi\u00e9n incluye tres opciones de cabeza, una con casco y dos sin \u00e9l.<\/p>\n","protected":false},"excerpt":{"rendered":"<p>Games Workshop boardgame.<\/p>\n","protected":false},"featured_media":58509,"template":"","meta":{"_acf_changed":false},"product_brand":[],"product_cat":[1177,1180,1372,1229],"product_tag":[1422,1957,1264,1179,1958,785],"class_list":{"0":"post-58546","1":"product","2":"type-product","3":"status-publish","4":"has-post-thumbnail","6":"product_cat-games-workshop-es","7":"product_cat-retail-products-es","8":"product_cat-sci-fi-es","9":"product_cat-warhammer-40k-es","10":"product_tag-40000-es","11":"product_tag-adepta-es","12":"product_tag-boardgame-es","13":"product_tag-gamesworkshop-es","14":"product_tag-sororitas-es","15":"product_tag-wargame-es-2","16":"pa_language-in","17":"pa_language-spanish","19":"first","20":"onbackorder","21":"sale","22":"taxable","23":"shipping-taxable","24":"purchasable","25":"product-type-simple"},"exclude_global_add_ons":[],"addons":[],"acf":[],"_links":{"self":[{"href":"https:\/\/www.customeeple.com\/es\/wp-json\/wp\/v2\/product\/58546","targetHints":{"allow":["GET"]}}],"collection":[{"href":"https:\/\/www.customeeple.com\/es\/wp-json\/wp\/v2\/product"}],"about":[{"href":"https:\/\/www.customeeple.com\/es\/wp-json\/wp\/v2\/types\/product"}],"wp:featuredmedia":[{"embeddable":true,"href":"https:\/\/www.customeeple.com\/es\/wp-json\/wp\/v2\/media\/58509"}],"wp:attachment":[{"href":"https:\/\/www.customeeple.com\/es\/wp-json\/wp\/v2\/media?parent=58546"}],"wp:term":[{"taxonomy":"product_brand","embeddable":true,"href":"https:\/\/www.customeeple.com\/es\/wp-json\/wp\/v2\/product_brand?post=58546"},{"taxonomy":"product_cat","embeddable":true,"href":"https:\/\/www.customeeple.com\/es\/wp-json\/wp\/v2\/product_cat?post=58546"},{"taxonomy":"product_tag","embeddable":true,"href":"https:\/\/www.customeeple.com\/es\/wp-json\/wp\/v2\/product_tag?post=58546"}],"curies":[{"name":"wp","href":"https:\/\/api.w.org\/{rel}","templated":true}]}}