{"id":58544,"date":"2021-06-06T08:47:29","date_gmt":"2021-06-06T07:47:29","guid":{"rendered":"https:\/\/www.customeeple.com\/?post_type=product&#038;p=58544"},"modified":"2021-06-12T11:03:49","modified_gmt":"2021-06-12T10:03:49","slug":"paragon-warsuits","status":"publish","type":"product","link":"https:\/\/www.customeeple.com\/es\/producto\/paragon-warsuits\/","title":{"rendered":"Adepta Sororitas Exoesqueletos Ejemplares"},"content":{"rendered":"<p>La mayor\u00eda de integrantes de la Orden Celeste de \u00e9lite van al campo de batalla a pie, pero unas pocas privilegiadas tienen el honor de luchar con potentes armaduras Ejemplar. Los esp\u00edritus m\u00e1quinas de tan poderosas m\u00e1quinas de guerra son realmente volubles, y la piloto debe tener una fe inmensa y una habilidad incre\u00edble para controlar su m\u00e1quina de manera eficaz. Las que llegan a dominan este arte, son capaces de luchar contra algunos de los enemigos m\u00e1s grandes del Imperium y salir victoriosas.<\/p>\n<p>Los Exoesqueletos Ejemplares son el ep\u00edtome de la infanter\u00eda pesada de las Adepta Sororitas, ya que llevan una gran potencia de fuego y enormes armas de combate cuerpo a cuerpo a la refriega. Tanto si es para eliminar hordas de infanter\u00eda enemiga o para batirse en duelo con sus guerreros m\u00e1s fuertes, las pilotos de estas armaduras se enfrentan a cualquier desaf\u00edo, confiando en el grueso blindaje de la m\u00e1quina para protegerlas de cualquier da\u00f1o.<\/p>\n<p>El kit consta de 179 piezas de pl\u00e1stico, con las que puedes montar tres Exoesqueletos Ejemplares, y se suministra con 3 peanas redondas Citadel de 50 mm. Este kit incluye opciones para equipar los exoesqueletos con dos armas de combate diferentes, tres armas a distancia diferentes, dos armas de caparaz\u00f3n diferentes e incluye opciones de cabeza con y sin casco.<\/p>\n","protected":false},"excerpt":{"rendered":"<p>Games Workshop miniature.<\/p>\n","protected":false},"featured_media":58517,"template":"","meta":{"_acf_changed":false},"product_brand":[],"product_cat":[1177,1180,1372,1623,1229],"product_tag":[1957,1179,1958,1740,787],"class_list":{"0":"post-58544","1":"product","2":"type-product","3":"status-publish","4":"has-post-thumbnail","6":"product_cat-games-workshop-es","7":"product_cat-retail-products-es","8":"product_cat-sci-fi-es","9":"product_cat-wargames-es-2","10":"product_cat-warhammer-40k-es","11":"product_tag-adepta-es","12":"product_tag-gamesworkshop-es","13":"product_tag-sororitas-es","14":"product_tag-space-marines-es","15":"product_tag-warhammer-40k-es-2","17":"first","18":"onbackorder","19":"sale","20":"taxable","21":"shipping-taxable","22":"purchasable","23":"product-type-simple"},"exclude_global_add_ons":[],"addons":[],"acf":[],"_links":{"self":[{"href":"https:\/\/www.customeeple.com\/es\/wp-json\/wp\/v2\/product\/58544","targetHints":{"allow":["GET"]}}],"collection":[{"href":"https:\/\/www.customeeple.com\/es\/wp-json\/wp\/v2\/product"}],"about":[{"href":"https:\/\/www.customeeple.com\/es\/wp-json\/wp\/v2\/types\/product"}],"wp:featuredmedia":[{"embeddable":true,"href":"https:\/\/www.customeeple.com\/es\/wp-json\/wp\/v2\/media\/58517"}],"wp:attachment":[{"href":"https:\/\/www.customeeple.com\/es\/wp-json\/wp\/v2\/media?parent=58544"}],"wp:term":[{"taxonomy":"product_brand","embeddable":true,"href":"https:\/\/www.customeeple.com\/es\/wp-json\/wp\/v2\/product_brand?post=58544"},{"taxonomy":"product_cat","embeddable":true,"href":"https:\/\/www.customeeple.com\/es\/wp-json\/wp\/v2\/product_cat?post=58544"},{"taxonomy":"product_tag","embeddable":true,"href":"https:\/\/www.customeeple.com\/es\/wp-json\/wp\/v2\/product_tag?post=58544"}],"curies":[{"name":"wp","href":"https:\/\/api.w.org\/{rel}","templated":true}]}}