{"id":58542,"date":"2021-06-06T08:39:25","date_gmt":"2021-06-06T07:39:26","guid":{"rendered":"https:\/\/www.customeeple.com\/?post_type=product&#038;p=58542"},"modified":"2021-06-12T11:03:47","modified_gmt":"2021-06-12T10:03:47","slug":"adepta-sororitas-palatine","status":"publish","type":"product","link":"https:\/\/www.customeeple.com\/es\/producto\/adepta-sororitas-palatine\/","title":{"rendered":"Adepta Sororitas Palatina"},"content":{"rendered":"<p>Como comandantes experimentadas y combatientes h\u00e1biles, las Palatinas act\u00faan como lugartenientes de sus respectivas Canonesas, ayudando a dirigir la potencia de fuego de sus Hermanas de Batalla y gui\u00e1ndolas en la carga cuando el deber exige que la retribuci\u00f3n sea entregada en combate. Inquebrantables en su fe y llenas de prop\u00f3sito divino, inspiran a todas a su alrededor en pos de la victoria.<\/p>\n<p>Refuerza la l\u00ednea de fuego de tus Hermanas de Batalla con una Palatina, que vigilar\u00e1 atentamente a las tropas del Adepta Sororitas cuando la atenci\u00f3n de la Canonesa se requiera en otra parte. Como poderosa multiplicadora de fuerza, es un eje excelente para las l\u00edneas de fuego que buscan derribar m\u00e1quinas de guerra profanas o grandes hordas de guerreros enemigos.<\/p>\n<p>El kit consta de 10 piezas de pl\u00e1stico, con las que puedes montar una Palatina, y se suministra con 1 peana redonda Citadel de 32 mm.<\/p>\n","protected":false},"excerpt":{"rendered":"<p>Games Workshop Miniature.<\/p>\n","protected":false},"featured_media":58521,"template":"","meta":{"_acf_changed":false},"product_brand":[],"product_cat":[1177,1180,1372,1623,1229],"product_tag":[1957,1179,1958,786,787],"class_list":{"0":"post-58542","1":"product","2":"type-product","3":"status-publish","4":"has-post-thumbnail","6":"product_cat-games-workshop-es","7":"product_cat-retail-products-es","8":"product_cat-sci-fi-es","9":"product_cat-wargames-es-2","10":"product_cat-warhammer-40k-es","11":"product_tag-adepta-es","12":"product_tag-gamesworkshop-es","13":"product_tag-sororitas-es","14":"product_tag-warhammer-es-2","15":"product_tag-warhammer-40k-es-2","17":"first","18":"onbackorder","19":"sale","20":"taxable","21":"shipping-taxable","22":"purchasable","23":"product-type-simple"},"exclude_global_add_ons":[],"addons":[],"acf":[],"_links":{"self":[{"href":"https:\/\/www.customeeple.com\/es\/wp-json\/wp\/v2\/product\/58542","targetHints":{"allow":["GET"]}}],"collection":[{"href":"https:\/\/www.customeeple.com\/es\/wp-json\/wp\/v2\/product"}],"about":[{"href":"https:\/\/www.customeeple.com\/es\/wp-json\/wp\/v2\/types\/product"}],"wp:featuredmedia":[{"embeddable":true,"href":"https:\/\/www.customeeple.com\/es\/wp-json\/wp\/v2\/media\/58521"}],"wp:attachment":[{"href":"https:\/\/www.customeeple.com\/es\/wp-json\/wp\/v2\/media?parent=58542"}],"wp:term":[{"taxonomy":"product_brand","embeddable":true,"href":"https:\/\/www.customeeple.com\/es\/wp-json\/wp\/v2\/product_brand?post=58542"},{"taxonomy":"product_cat","embeddable":true,"href":"https:\/\/www.customeeple.com\/es\/wp-json\/wp\/v2\/product_cat?post=58542"},{"taxonomy":"product_tag","embeddable":true,"href":"https:\/\/www.customeeple.com\/es\/wp-json\/wp\/v2\/product_tag?post=58542"}],"curies":[{"name":"wp","href":"https:\/\/api.w.org\/{rel}","templated":true}]}}