{"id":58444,"date":"2021-05-29T14:27:39","date_gmt":"2021-05-29T13:27:39","guid":{"rendered":"https:\/\/www.customeeple.com\/?post_type=product&#038;p=58444"},"modified":"2021-06-06T08:15:04","modified_gmt":"2021-06-06T07:15:04","slug":"dexcessa-the-talon-of-slaanesh","status":"publish","type":"product","link":"https:\/\/www.customeeple.com\/es\/producto\/dexcessa-the-talon-of-slaanesh\/","title":{"rendered":"Dexcessa, the Talon of Slaanesh"},"content":{"rendered":"<p>Fue en la c\u00faspide de la ascensi\u00f3n a la divinidad de Mortahi que una gota de la esencia divina de Slaanesh escap\u00f3 de su prisi\u00f3n y huy\u00f3 de la caverna entre reinos. Llamado el Reci\u00e9n Nacido, este h\u00edbrido maldito estaba imbuido por el poder del Pr\u00edncipe Oscuro y la energ\u00eda residual absorbida por la propia Morathi, que se fusionaron en dos seres gemelos que se reflejaban en cuerpo y alma.<\/p>\n<p>Quiz\u00e1 de acuerdo a las tendencias violentas de su \u00abmadre\u00bb, el daemon llamado Dexcessa personifica el exceso f\u00edsico del combate cuerpo a cuerpo letal, y siente una perversa alegr\u00eda al masacrar mortales por decenas mientras danza por el campo de batalla.<\/p>\n<p>Dexcessa supera varias veces en altura a un mortal y es un derviche giratorio de masacre garruda en el campo de batalla, igualmente capaz de destripar a sus enemigos con garras y con el b\u00e1culo que lleva a la guerra. Su cuerpo \u00e1gil y cambiante dificulta especialmente que hasta los guerreros veteranos alcancen a la Garra de Slaanesh, lo que permite al daemon cruzar sus filas sin esfuerzos y separar la cabeza del general enemigo de sus hombros.<\/p>\n<p>The kit is comprised of 50 plastic components, with which you can assemble one Dexcessa, the Talon of Slaanesh, and is supplied with a Citadel 105mm Oval Base. This model can alternatively be assembled as Synessa, the Voice of Slaanesh.<\/p>\n<p>Este kit se compone de 50 piezas de pl\u00e1stico, con las que puedes montar una Dexcessa, the Talon of Slaanesh, y viene con una peana ovalada Citadel de 105 mm. Alternativamente, esta miniatura se puede montar como Synessa, the Voice of Slaanesh.<\/p>\n","protected":false},"excerpt":{"rendered":"<p>Games Workshop boardgame.<\/p>\n","protected":false},"featured_media":58419,"template":"","meta":{"_acf_changed":false},"product_brand":[],"product_cat":[1400,1177,1555,1556,1180,1554,1623,1654],"product_tag":[1710,1264,1179,1826,785],"class_list":{"0":"post-58444","1":"product","2":"type-product","3":"status-publish","4":"has-post-thumbnail","6":"product_cat-fantasia","7":"product_cat-games-workshop-es","8":"product_cat-miniature-games-es","9":"product_cat-board-games-es","10":"product_cat-retail-products-es","11":"product_cat-wargames-es","12":"product_cat-wargames-es-2","13":"product_cat-warhammer-age-of-sigmar-es-2","14":"product_tag-aos-es","15":"product_tag-boardgame-es","16":"product_tag-gamesworkshop-es","17":"product_tag-slaanesh-es","18":"product_tag-wargame-es-2","20":"first","21":"onbackorder","22":"sale","23":"taxable","24":"shipping-taxable","25":"purchasable","26":"product-type-simple"},"exclude_global_add_ons":[],"addons":[],"acf":[],"_links":{"self":[{"href":"https:\/\/www.customeeple.com\/es\/wp-json\/wp\/v2\/product\/58444","targetHints":{"allow":["GET"]}}],"collection":[{"href":"https:\/\/www.customeeple.com\/es\/wp-json\/wp\/v2\/product"}],"about":[{"href":"https:\/\/www.customeeple.com\/es\/wp-json\/wp\/v2\/types\/product"}],"wp:featuredmedia":[{"embeddable":true,"href":"https:\/\/www.customeeple.com\/es\/wp-json\/wp\/v2\/media\/58419"}],"wp:attachment":[{"href":"https:\/\/www.customeeple.com\/es\/wp-json\/wp\/v2\/media?parent=58444"}],"wp:term":[{"taxonomy":"product_brand","embeddable":true,"href":"https:\/\/www.customeeple.com\/es\/wp-json\/wp\/v2\/product_brand?post=58444"},{"taxonomy":"product_cat","embeddable":true,"href":"https:\/\/www.customeeple.com\/es\/wp-json\/wp\/v2\/product_cat?post=58444"},{"taxonomy":"product_tag","embeddable":true,"href":"https:\/\/www.customeeple.com\/es\/wp-json\/wp\/v2\/product_tag?post=58444"}],"curies":[{"name":"wp","href":"https:\/\/api.w.org\/{rel}","templated":true}]}}