{"id":58442,"date":"2021-05-29T14:23:03","date_gmt":"2021-05-29T13:23:03","guid":{"rendered":"https:\/\/www.customeeple.com\/?post_type=product&#038;p=58442"},"modified":"2021-06-06T08:15:00","modified_gmt":"2021-06-06T07:15:00","slug":"galen-and-doralia-ven-denst","status":"publish","type":"product","link":"https:\/\/www.customeeple.com\/es\/producto\/galen-and-doralia-ven-denst\/","title":{"rendered":"Ciudades de Sigmar: Galen y Doralia ven Denst"},"content":{"rendered":"<p>En lo profundo de la ciudad de Excelsis hay varios distritos sellados mediante el dolor de la muerte, \u00e1reas arrasadas para siempre por hechizos tzeentchianos dejados atr\u00e1s tras la rebeli\u00f3n del traidor Ortam Vermyre. Para lidiar con las criaturas m\u00e1gicas y los hechizos peligrosos que salen de esas zonas en cuarentena, se form\u00f3 la Orden de Azyr, y el cazabrujas veterano Galen ven Denst la lidera. Junto a su hija Doralia, una tiradora sin par que ha perfeccionado el arte de desterrar daemons con sus proyectiles de ballesta r\u00fanicos, dedica su vida a extinguir todo tipo de amenazas arcanas contra Excelsis.<\/p>\n<p>Los estilos de lucha \u00fanicos de este d\u00fao padre e hija salen a la palestra cuando son desplegados en el campo de batalla; Galen se lanza al combate cuerpo a cuerpo furioso y Doralia acaba con sus blancos a distancia. Ambos poseen armas preparadas para cazar rivales arcanos, y son capaces de disipar energ\u00edas m\u00e1gicas y convertir en inofensivos los mayores hechizos permanentes.<\/p>\n<p>Este kit se compone de 18 piezas de pl\u00e1stico con las que puedes montar un Galen ven Denst y una Doralia ven Denst. Galen puede ser montado con la opci\u00f3n de armas de pistola y antorcha o espada y pistola. Doralia puede ser montada con o si su sombrero de ala ancha de cazabrujas. Estas miniaturas vienen con 2x peanas redondas Citadel de 28 mm.<\/p>\n","protected":false},"excerpt":{"rendered":"<p>Games Workshop accesories.<\/p>\n","protected":false},"featured_media":58425,"template":"","meta":{"_acf_changed":false},"product_brand":[],"product_cat":[1400,1177,1180,1623,1654],"product_tag":[1178,1950,1179,1943],"class_list":{"0":"post-58442","1":"product","2":"type-product","3":"status-publish","4":"has-post-thumbnail","6":"product_cat-fantasia","7":"product_cat-games-workshop-es","8":"product_cat-retail-products-es","9":"product_cat-wargames-es-2","10":"product_cat-warhammer-age-of-sigmar-es-2","11":"product_tag-ageofsigmar-es","12":"product_tag-cities-of-sigmar-es","13":"product_tag-gamesworkshop-es","14":"product_tag-gw-es","16":"first","17":"onbackorder","18":"sale","19":"taxable","20":"shipping-taxable","21":"purchasable","22":"product-type-simple"},"exclude_global_add_ons":[],"addons":[],"acf":[],"_links":{"self":[{"href":"https:\/\/www.customeeple.com\/es\/wp-json\/wp\/v2\/product\/58442","targetHints":{"allow":["GET"]}}],"collection":[{"href":"https:\/\/www.customeeple.com\/es\/wp-json\/wp\/v2\/product"}],"about":[{"href":"https:\/\/www.customeeple.com\/es\/wp-json\/wp\/v2\/types\/product"}],"wp:featuredmedia":[{"embeddable":true,"href":"https:\/\/www.customeeple.com\/es\/wp-json\/wp\/v2\/media\/58425"}],"wp:attachment":[{"href":"https:\/\/www.customeeple.com\/es\/wp-json\/wp\/v2\/media?parent=58442"}],"wp:term":[{"taxonomy":"product_brand","embeddable":true,"href":"https:\/\/www.customeeple.com\/es\/wp-json\/wp\/v2\/product_brand?post=58442"},{"taxonomy":"product_cat","embeddable":true,"href":"https:\/\/www.customeeple.com\/es\/wp-json\/wp\/v2\/product_cat?post=58442"},{"taxonomy":"product_tag","embeddable":true,"href":"https:\/\/www.customeeple.com\/es\/wp-json\/wp\/v2\/product_tag?post=58442"}],"curies":[{"name":"wp","href":"https:\/\/api.w.org\/{rel}","templated":true}]}}