{"id":58438,"date":"2021-05-29T14:15:27","date_gmt":"2021-05-29T13:15:28","guid":{"rendered":"https:\/\/www.customeeple.com\/?post_type=product&#038;p=58438"},"modified":"2021-06-06T08:14:45","modified_gmt":"2021-06-06T07:14:45","slug":"kragnos-the-end-of-empires","status":"publish","type":"product","link":"https:\/\/www.customeeple.com\/es\/producto\/kragnos-the-end-of-empires\/","title":{"rendered":"Kragnos, the End of Empires"},"content":{"rendered":"<p>En la Era de los Mitos, mucho antes del reinado de Sigmar Heldenhammer, los dioses caminaron entre mortales por los nueve reinos. Una de estas deidades era Kragnos, el Terremoto Viviente, el m\u00e1s grande de los centauros Drogrukh, que se zamp\u00f3 las ofrendas de tu\u00e9tano de monstruo y ambar\u00f3seo hasta que el verdadero poder divino corri\u00f3 por sus venas. Derrotado y apresado por los \u00faltimos pr\u00edncipes Draconith y el slann Lord Kroak, Kragnos se pas\u00f3 a\u00f1os incontables bajo una monta\u00f1a hasta que el Rito de la Vida de Alarielle destruy\u00f3 su prisi\u00f3n y liber\u00f3 al dios. Ahora libre para continuar su frenes\u00ed, el Fin de los Imperios cruza los reinos en una tormenta de violencia que hace temblar el suelo.<\/p>\n<p>Kragnos, the End of Empires, llega a Warhammer Age of Sigmar con un golpe estruendoso y dispuesto a liderar un ej\u00e9rcito de Destrucci\u00f3n. Es la personificaci\u00f3n del salvajismo de Ghur y una figura tot\u00e9mica que provoca asombro entre la Gran Alianza de la Destrucci\u00f3n, cuyo poder\u00edo abrumador pr\u00e1cticamente no tiene rival. Aplastar grupos de soldados enemigos y maltratar a sus monstruos con la Maza del Pavor es un juego de ni\u00f1os, y su escudo legendario Rompecolmillos (llamado as\u00ed por mellarle un diente a Gorkamorka) convierte la magia enemiga en una brisa inocua. Pese a esto, quiz\u00e1 su rasgo m\u00e1s aterrador sea su carga berserker, que posee fuerza suficiente para matar a un drag\u00f3n adulto de un solo golpe.<\/p>\n<p>Este kit se compone de 74 piezas de pl\u00e1stico, con. las que puedes montar un Kragnos, the End of Empires. Se ofrecen m\u00faltiples opciones de montaje, incluyendo tres caras diferentes y dos poses para su cuello y cabeza (una mira a la izquierda, la otra a la derecha). La miniatura viene con una peana redonda Citadel de 130 mm.<\/p>\n","protected":false},"excerpt":{"rendered":"<p>Games Workshop boardgame.<\/p>\n","protected":false},"featured_media":58429,"template":"","meta":{"_acf_changed":false},"product_brand":[],"product_cat":[1400,1177,1555,1556,1180,1554,1623,1229,1654],"product_tag":[1710,1264,1179,785],"class_list":{"0":"post-58438","1":"product","2":"type-product","3":"status-publish","4":"has-post-thumbnail","6":"product_cat-fantasia","7":"product_cat-games-workshop-es","8":"product_cat-miniature-games-es","9":"product_cat-board-games-es","10":"product_cat-retail-products-es","11":"product_cat-wargames-es","12":"product_cat-wargames-es-2","13":"product_cat-warhammer-40k-es","14":"product_cat-warhammer-age-of-sigmar-es-2","15":"product_tag-aos-es","16":"product_tag-boardgame-es","17":"product_tag-gamesworkshop-es","18":"product_tag-wargame-es-2","20":"first","21":"onbackorder","22":"sale","23":"taxable","24":"shipping-taxable","25":"purchasable","26":"product-type-simple"},"exclude_global_add_ons":[],"addons":[],"acf":[],"_links":{"self":[{"href":"https:\/\/www.customeeple.com\/es\/wp-json\/wp\/v2\/product\/58438","targetHints":{"allow":["GET"]}}],"collection":[{"href":"https:\/\/www.customeeple.com\/es\/wp-json\/wp\/v2\/product"}],"about":[{"href":"https:\/\/www.customeeple.com\/es\/wp-json\/wp\/v2\/types\/product"}],"wp:featuredmedia":[{"embeddable":true,"href":"https:\/\/www.customeeple.com\/es\/wp-json\/wp\/v2\/media\/58429"}],"wp:attachment":[{"href":"https:\/\/www.customeeple.com\/es\/wp-json\/wp\/v2\/media?parent=58438"}],"wp:term":[{"taxonomy":"product_brand","embeddable":true,"href":"https:\/\/www.customeeple.com\/es\/wp-json\/wp\/v2\/product_brand?post=58438"},{"taxonomy":"product_cat","embeddable":true,"href":"https:\/\/www.customeeple.com\/es\/wp-json\/wp\/v2\/product_cat?post=58438"},{"taxonomy":"product_tag","embeddable":true,"href":"https:\/\/www.customeeple.com\/es\/wp-json\/wp\/v2\/product_tag?post=58438"}],"curies":[{"name":"wp","href":"https:\/\/api.w.org\/{rel}","templated":true}]}}