{"id":58376,"date":"2021-05-25T09:48:53","date_gmt":"2021-05-25T08:48:54","guid":{"rendered":"https:\/\/www.customeeple.com\/?post_type=product&#038;p=58376"},"modified":"2021-05-29T13:55:14","modified_gmt":"2021-05-29T12:55:14","slug":"dire-wolves","status":"publish","type":"product","link":"https:\/\/www.customeeple.com\/es\/producto\/dire-wolves\/","title":{"rendered":"Dire Wolves"},"content":{"rendered":"<p>Se dice que escuchar el aullido de un Dire Wolf es estar condenado. Estos no muertos lupinos son cazadores incansables, y cuando por fin dan con su presa, sus poderosas mand\u00edbulas se encargan de matarla r\u00e1pidamente.<\/p>\n<p>Los Dire Wolves son una unidad r\u00e1pida de l\u00ednea de batalla que se ha ganado un lugar (o unos cuantos lugares) en todo ej\u00e9rcito de Soulblight Gravelords. Golpean con fuerza a la carga, lo que los convierte en la opci\u00f3n perfecta para acosar y distraer a tu enemigo o abrumarlo con su n\u00famero.<\/p>\n<p>Este kit contiene 74 piezas de pl\u00e1stico, con las que podr\u00e1s montar 9 Dire Wolves, y 1 Doom Wolf. Estas miniaturas se suministran con 10 peanas Citadel ovaladas de 60 mm<\/p>\n","protected":false},"excerpt":{"rendered":"<p>Games Workshop accesories.<\/p>\n","protected":false},"featured_media":58309,"template":"","meta":{"_acf_changed":false},"product_brand":[],"product_cat":[1400,1177,1180,1654],"product_tag":[1178,1179,1943,1948],"class_list":{"0":"post-58376","1":"product","2":"type-product","3":"status-publish","4":"has-post-thumbnail","6":"product_cat-fantasia","7":"product_cat-games-workshop-es","8":"product_cat-retail-products-es","9":"product_cat-warhammer-age-of-sigmar-es-2","10":"product_tag-ageofsigmar-es","11":"product_tag-gamesworkshop-es","12":"product_tag-gw-es","13":"product_tag-soulblight-gravelords-es","15":"first","16":"onbackorder","17":"sale","18":"taxable","19":"shipping-taxable","20":"purchasable","21":"product-type-simple"},"exclude_global_add_ons":[],"addons":[],"acf":[],"_links":{"self":[{"href":"https:\/\/www.customeeple.com\/es\/wp-json\/wp\/v2\/product\/58376","targetHints":{"allow":["GET"]}}],"collection":[{"href":"https:\/\/www.customeeple.com\/es\/wp-json\/wp\/v2\/product"}],"about":[{"href":"https:\/\/www.customeeple.com\/es\/wp-json\/wp\/v2\/types\/product"}],"wp:featuredmedia":[{"embeddable":true,"href":"https:\/\/www.customeeple.com\/es\/wp-json\/wp\/v2\/media\/58309"}],"wp:attachment":[{"href":"https:\/\/www.customeeple.com\/es\/wp-json\/wp\/v2\/media?parent=58376"}],"wp:term":[{"taxonomy":"product_brand","embeddable":true,"href":"https:\/\/www.customeeple.com\/es\/wp-json\/wp\/v2\/product_brand?post=58376"},{"taxonomy":"product_cat","embeddable":true,"href":"https:\/\/www.customeeple.com\/es\/wp-json\/wp\/v2\/product_cat?post=58376"},{"taxonomy":"product_tag","embeddable":true,"href":"https:\/\/www.customeeple.com\/es\/wp-json\/wp\/v2\/product_tag?post=58376"}],"curies":[{"name":"wp","href":"https:\/\/api.w.org\/{rel}","templated":true}]}}