{"id":58372,"date":"2021-05-25T09:45:49","date_gmt":"2021-05-25T08:45:54","guid":{"rendered":"https:\/\/www.customeeple.com\/?post_type=product&#038;p=58372"},"modified":"2024-07-13T00:00:07","modified_gmt":"2024-07-12T23:00:07","slug":"lady-annika-the-thirsting-blade","status":"publish","type":"product","link":"https:\/\/www.customeeple.com\/es\/producto\/lady-annika-the-thirsting-blade\/","title":{"rendered":"Lady Annika La Espada Sedienta"},"content":{"rendered":"<p>Incluso entre los vampiros Soulblight, la sed de sangre de Lady Annika es legendaria. En batalla, ataca como un borr\u00f3n sanguinolento, con su estoque encantado recogiendo una roja cosecha mientras sus enemigos tropiezan fatalmente y resbalan en la sangre que sin parar se acumula a sus pies.<\/p>\n<p>Abre un camino carmes\u00ed en el coraz\u00f3n de las l\u00edneas enemigas con Lady Annika. Es una asesina sin l\u00edmite, cuyo \u00fanico prop\u00f3sito es acabar con la vida de tus enemigos. Solo tienes que dirigirla en la direcci\u00f3n correcta y ver c\u00f3mo se deja llevar.<\/p>\n<p>Con este kit de pl\u00e1stico de 10 piezas puedes montar una miniatura de Lady Annika y se suministra con una peana Citadel ovalada Citadel de 60 mm.<\/p>\n","protected":false},"excerpt":{"rendered":"<p>Games Workshop accesories.<\/p>\n","protected":false},"featured_media":58307,"template":"","meta":{"_acf_changed":false},"product_brand":[],"product_cat":[1400,1177,1180,1654],"product_tag":[1178,1179,1943,1948],"class_list":{"0":"post-58372","1":"product","2":"type-product","3":"status-publish","4":"has-post-thumbnail","6":"product_cat-fantasia","7":"product_cat-games-workshop-es","8":"product_cat-retail-products-es","9":"product_cat-warhammer-age-of-sigmar-es-2","10":"product_tag-ageofsigmar-es","11":"product_tag-gamesworkshop-es","12":"product_tag-gw-es","13":"product_tag-soulblight-gravelords-es","15":"first","16":"onbackorder","17":"sale","18":"taxable","19":"shipping-taxable","20":"purchasable","21":"product-type-simple"},"exclude_global_add_ons":[],"addons":[],"acf":[],"_links":{"self":[{"href":"https:\/\/www.customeeple.com\/es\/wp-json\/wp\/v2\/product\/58372","targetHints":{"allow":["GET"]}}],"collection":[{"href":"https:\/\/www.customeeple.com\/es\/wp-json\/wp\/v2\/product"}],"about":[{"href":"https:\/\/www.customeeple.com\/es\/wp-json\/wp\/v2\/types\/product"}],"wp:featuredmedia":[{"embeddable":true,"href":"https:\/\/www.customeeple.com\/es\/wp-json\/wp\/v2\/media\/58307"}],"wp:attachment":[{"href":"https:\/\/www.customeeple.com\/es\/wp-json\/wp\/v2\/media?parent=58372"}],"wp:term":[{"taxonomy":"product_brand","embeddable":true,"href":"https:\/\/www.customeeple.com\/es\/wp-json\/wp\/v2\/product_brand?post=58372"},{"taxonomy":"product_cat","embeddable":true,"href":"https:\/\/www.customeeple.com\/es\/wp-json\/wp\/v2\/product_cat?post=58372"},{"taxonomy":"product_tag","embeddable":true,"href":"https:\/\/www.customeeple.com\/es\/wp-json\/wp\/v2\/product_tag?post=58372"}],"curies":[{"name":"wp","href":"https:\/\/api.w.org\/{rel}","templated":true}]}}