{"id":58370,"date":"2021-05-25T09:35:39","date_gmt":"2021-05-25T08:35:39","guid":{"rendered":"https:\/\/www.customeeple.com\/?post_type=product&#038;p=58370"},"modified":"2021-10-09T10:53:29","modified_gmt":"2021-10-09T09:53:29","slug":"radukar-the-beast","status":"publish","type":"product","link":"https:\/\/www.customeeple.com\/es\/producto\/radukar-the-beast\/","title":{"rendered":"Radukar, The Beast"},"content":{"rendered":"<p>Dominado por su ira, Radukar ha sufrido una aterradora transformaci\u00f3n. El monstruo bestial que lleva dentro ha conseguido consumir al vampiro casi por completo, y ahora lucha con furia cruda y brutal, resonando sus feroces aullidos en la noche.<\/p>\n<p>Libera al temible se\u00f1or de la dinast\u00eda Vyrkos, Radukar the Beast. Con la forma de una monstruosidad horrible y bestial, Radukar es una fuerza de destrucci\u00f3n imparable. Lo acompa\u00f1an un par de Vyrkos Blood-born, sus secuaces asesinos que luchan junto a su amo con armas mal\u00e9volamente afiladas.<\/p>\n<p>Con este kit de pl\u00e1stico de 29 piezas puedes montar una miniatura de Radukar the Beast (con dos Vyrkos Blood-born que lo acompa\u00f1an) y se suministra con una peana Citadel redonda de 60 mm.<\/p>\n","protected":false},"excerpt":{"rendered":"<p>Games Workshop accesories.<\/p>\n","protected":false},"featured_media":58305,"template":"","meta":{"_acf_changed":false},"product_brand":[],"product_cat":[1400,1177,1180,1654],"product_tag":[1178,1179,1943,1948],"class_list":{"0":"post-58370","1":"product","2":"type-product","3":"status-publish","4":"has-post-thumbnail","6":"product_cat-fantasia","7":"product_cat-games-workshop-es","8":"product_cat-retail-products-es","9":"product_cat-warhammer-age-of-sigmar-es-2","10":"product_tag-ageofsigmar-es","11":"product_tag-gamesworkshop-es","12":"product_tag-gw-es","13":"product_tag-soulblight-gravelords-es","15":"first","16":"onbackorder","17":"sale","18":"taxable","19":"shipping-taxable","20":"purchasable","21":"product-type-simple"},"exclude_global_add_ons":[],"addons":[],"acf":[],"_links":{"self":[{"href":"https:\/\/www.customeeple.com\/es\/wp-json\/wp\/v2\/product\/58370","targetHints":{"allow":["GET"]}}],"collection":[{"href":"https:\/\/www.customeeple.com\/es\/wp-json\/wp\/v2\/product"}],"about":[{"href":"https:\/\/www.customeeple.com\/es\/wp-json\/wp\/v2\/types\/product"}],"wp:featuredmedia":[{"embeddable":true,"href":"https:\/\/www.customeeple.com\/es\/wp-json\/wp\/v2\/media\/58305"}],"wp:attachment":[{"href":"https:\/\/www.customeeple.com\/es\/wp-json\/wp\/v2\/media?parent=58370"}],"wp:term":[{"taxonomy":"product_brand","embeddable":true,"href":"https:\/\/www.customeeple.com\/es\/wp-json\/wp\/v2\/product_brand?post=58370"},{"taxonomy":"product_cat","embeddable":true,"href":"https:\/\/www.customeeple.com\/es\/wp-json\/wp\/v2\/product_cat?post=58370"},{"taxonomy":"product_tag","embeddable":true,"href":"https:\/\/www.customeeple.com\/es\/wp-json\/wp\/v2\/product_tag?post=58370"}],"curies":[{"name":"wp","href":"https:\/\/api.w.org\/{rel}","templated":true}]}}