{"id":58368,"date":"2021-05-25T09:29:15","date_gmt":"2021-05-25T08:29:15","guid":{"rendered":"https:\/\/www.customeeple.com\/?post_type=product&#038;p=58368"},"modified":"2024-07-13T00:00:12","modified_gmt":"2024-07-12T23:00:12","slug":"skitarii-marshal-pre-order","status":"publish","type":"product","link":"https:\/\/www.customeeple.com\/es\/producto\/skitarii-marshal-pre-order\/","title":{"rendered":"Mariscal Skitarii"},"content":{"rendered":"<p>Los Mariscales lideran los man\u00edpulos y cohortes Skitarii. Son guerreros veteranos de innumerables cruzadas, privilegiados por llevar aumentos y mejoras. Los Mariscales act\u00faan como intermediarios entre las formaciones Skitarii y sus maestros sacerdotales, empleando enlaces sagrados para perfeccionar las doctrinas de sus guerreros hasta alcanzar la perfecci\u00f3n sagrada.<\/p>\n<p>Si buscas un comandante adecuado para tu man\u00edpulo skitarii, un Mariscal es perfecto para dirigirlo en batalla. Como oficial superior de los Skitarii, un Mariscal no s\u00f3lo es la elecci\u00f3n perfecta desde el punto de vista tem\u00e1tico, sino que su presencia refuerza la eficiencia de las unidades cercanas bajo su mando.<\/p>\n<p>Con este kit podr\u00e1s montar 1 Mariscal Skitarii. Consta de 9 piezas de pl\u00e1stico e incluye una peana Citadel redonda de 32mm.<\/p>\n","protected":false},"excerpt":{"rendered":"<p>Games Workshop Miniature.<\/p>\n","protected":false},"featured_media":58313,"template":"","meta":{"_acf_changed":false},"product_brand":[],"product_cat":[1177,1180,1372,1623,1229],"product_tag":[1947,1179,1943],"class_list":{"0":"post-58368","1":"product","2":"type-product","3":"status-publish","4":"has-post-thumbnail","6":"product_cat-games-workshop-es","7":"product_cat-retail-products-es","8":"product_cat-sci-fi-es","9":"product_cat-wargames-es-2","10":"product_cat-warhammer-40k-es","11":"product_tag-adeptus-mechanicus-es","12":"product_tag-gamesworkshop-es","13":"product_tag-gw-es","15":"first","16":"onbackorder","17":"sale","18":"taxable","19":"shipping-taxable","20":"purchasable","21":"product-type-simple"},"exclude_global_add_ons":[],"addons":[],"acf":[],"_links":{"self":[{"href":"https:\/\/www.customeeple.com\/es\/wp-json\/wp\/v2\/product\/58368","targetHints":{"allow":["GET"]}}],"collection":[{"href":"https:\/\/www.customeeple.com\/es\/wp-json\/wp\/v2\/product"}],"about":[{"href":"https:\/\/www.customeeple.com\/es\/wp-json\/wp\/v2\/types\/product"}],"wp:featuredmedia":[{"embeddable":true,"href":"https:\/\/www.customeeple.com\/es\/wp-json\/wp\/v2\/media\/58313"}],"wp:attachment":[{"href":"https:\/\/www.customeeple.com\/es\/wp-json\/wp\/v2\/media?parent=58368"}],"wp:term":[{"taxonomy":"product_brand","embeddable":true,"href":"https:\/\/www.customeeple.com\/es\/wp-json\/wp\/v2\/product_brand?post=58368"},{"taxonomy":"product_cat","embeddable":true,"href":"https:\/\/www.customeeple.com\/es\/wp-json\/wp\/v2\/product_cat?post=58368"},{"taxonomy":"product_tag","embeddable":true,"href":"https:\/\/www.customeeple.com\/es\/wp-json\/wp\/v2\/product_tag?post=58368"}],"curies":[{"name":"wp","href":"https:\/\/api.w.org\/{rel}","templated":true}]}}