{"id":58364,"date":"2021-05-25T08:26:33","date_gmt":"2021-05-25T07:26:33","guid":{"rendered":"https:\/\/www.customeeple.com\/?post_type=product&#038;p=58364"},"modified":"2024-07-13T00:00:12","modified_gmt":"2024-07-12T23:00:12","slug":"flayed-ones","status":"publish","type":"product","link":"https:\/\/www.customeeple.com\/es\/producto\/flayed-ones\/","title":{"rendered":"Desolladores"},"content":{"rendered":"<p>Los Desollados lanzan estridentes gritos de caza al caer sobre el enemigo con sus garras relampagueando. Infectados con el horripilante virus desollador, los Desolladores intentan atiborrarse de la carne y la sangre de sus enemigos masacrados, sangre que se cae por sus formas mec\u00e1nicas mientras intentan saciar una sed que nunca podr\u00e1n apagar.<\/p>\n<p>Cubiertos de los macabros restos de sus \u00faltimas v\u00edctimas, los Desolladores se lanzan a la batalla y atacan con rapidez desde la oscuridad para hacer trizas a su pr\u00f3ximo objetivo. Su estatura encorvada, sus largas garras y la piel desollada que los cubre los hacen destacar frente a otras unidades de Necrones, lo que los convierte en un complemento ideal para cualquier colecci\u00f3n.<\/p>\n<p>Este kit de pl\u00e1stico de 55 piezas te permite montar cinco Desolladores que podr\u00e1s usar en tus partidas de Warhammer 40,000 y se suministra con cinco peanas Citadel redondas de 28,5 mm.<\/p>\n","protected":false},"excerpt":{"rendered":"<p>Games Workshop Miniature.<\/p>\n","protected":false},"featured_media":58315,"template":"","meta":{"_acf_changed":false},"product_brand":[],"product_cat":[1177,1180,1372,1623,1229],"product_tag":[1787,1179,1943,1944,787],"class_list":{"0":"post-58364","1":"product","2":"type-product","3":"status-publish","4":"has-post-thumbnail","6":"product_cat-games-workshop-es","7":"product_cat-retail-products-es","8":"product_cat-sci-fi-es","9":"product_cat-wargames-es-2","10":"product_cat-warhammer-40k-es","11":"product_tag-40k-es","12":"product_tag-gamesworkshop-es","13":"product_tag-gw-es","14":"product_tag-necrons-es","15":"product_tag-warhammer-40k-es-2","17":"first","18":"onbackorder","19":"sale","20":"taxable","21":"shipping-taxable","22":"purchasable","23":"product-type-simple"},"exclude_global_add_ons":[],"addons":[],"acf":[],"_links":{"self":[{"href":"https:\/\/www.customeeple.com\/es\/wp-json\/wp\/v2\/product\/58364","targetHints":{"allow":["GET"]}}],"collection":[{"href":"https:\/\/www.customeeple.com\/es\/wp-json\/wp\/v2\/product"}],"about":[{"href":"https:\/\/www.customeeple.com\/es\/wp-json\/wp\/v2\/types\/product"}],"wp:featuredmedia":[{"embeddable":true,"href":"https:\/\/www.customeeple.com\/es\/wp-json\/wp\/v2\/media\/58315"}],"wp:attachment":[{"href":"https:\/\/www.customeeple.com\/es\/wp-json\/wp\/v2\/media?parent=58364"}],"wp:term":[{"taxonomy":"product_brand","embeddable":true,"href":"https:\/\/www.customeeple.com\/es\/wp-json\/wp\/v2\/product_brand?post=58364"},{"taxonomy":"product_cat","embeddable":true,"href":"https:\/\/www.customeeple.com\/es\/wp-json\/wp\/v2\/product_cat?post=58364"},{"taxonomy":"product_tag","embeddable":true,"href":"https:\/\/www.customeeple.com\/es\/wp-json\/wp\/v2\/product_tag?post=58364"}],"curies":[{"name":"wp","href":"https:\/\/api.w.org\/{rel}","templated":true}]}}