{"id":58352,"date":"2021-05-25T08:05:27","date_gmt":"2021-05-25T07:05:27","guid":{"rendered":"https:\/\/www.customeeple.com\/?post_type=product&#038;p=58352"},"modified":"2021-05-29T13:53:08","modified_gmt":"2021-05-29T12:53:08","slug":"heavy-intercessors","status":"publish","type":"product","link":"https:\/\/www.customeeple.com\/es\/producto\/heavy-intercessors\/","title":{"rendered":"Intercesores pesados"},"content":{"rendered":"<p>Vestidos con una gruesa armadura Gravis, los Intercesores Pesados aseguran el terreno y son inamovibles en defensa. Siempre listos ante cualquier se\u00f1al de contraataque enemigo, se mantienen firmes, lanzando descargas de fuego pesado que mantienen a raya a todo enemigo, excepto a los m\u00e1s decididos o temerarios.<\/p>\n<p>Los Intercesores Pesados son el \u00faltimo grito en guerra defensiva. Estas tropas superresistentes son perfectas para mantener objetivos, a la vez que hacen fuego a larga distancia con diferentes rifles b\u00f3lter pesados y bolteres pesados.<\/p>\n<p>Este kit de pl\u00e1stico de 120 piezas te permite montar cinco Intercesores Pesados y se suministra con cinco peanas Citadel redondas de 40 mm. La escuadra entera puede equiparse con rifle b\u00f3lter pesado, rifle b\u00f3lter tormenta infernal, o rifle b\u00f3lter ejecutor, y un miembro de la escuadra puede mejorarse para que lleve un b\u00f3lter pesado, un b\u00f3lter pesado tormenta infernal o un b\u00f3lter pesado ejecutor. La caja tambi\u00e9n incluye una hoja de calcoman\u00edas de los Marines Espaciales.<\/p>\n","protected":false},"excerpt":{"rendered":"<p>Games Workshop miniature.<\/p>\n","protected":false},"featured_media":58323,"template":"","meta":{"_acf_changed":false},"product_brand":[],"product_cat":[1177,1180,1372,1229],"product_tag":[1787,1179,1943,1740],"class_list":{"0":"post-58352","1":"product","2":"type-product","3":"status-publish","4":"has-post-thumbnail","6":"product_cat-games-workshop-es","7":"product_cat-retail-products-es","8":"product_cat-sci-fi-es","9":"product_cat-warhammer-40k-es","10":"product_tag-40k-es","11":"product_tag-gamesworkshop-es","12":"product_tag-gw-es","13":"product_tag-space-marines-es","15":"first","16":"onbackorder","17":"sale","18":"taxable","19":"shipping-taxable","20":"purchasable","21":"product-type-simple"},"exclude_global_add_ons":[],"addons":[],"acf":[],"_links":{"self":[{"href":"https:\/\/www.customeeple.com\/es\/wp-json\/wp\/v2\/product\/58352","targetHints":{"allow":["GET"]}}],"collection":[{"href":"https:\/\/www.customeeple.com\/es\/wp-json\/wp\/v2\/product"}],"about":[{"href":"https:\/\/www.customeeple.com\/es\/wp-json\/wp\/v2\/types\/product"}],"wp:featuredmedia":[{"embeddable":true,"href":"https:\/\/www.customeeple.com\/es\/wp-json\/wp\/v2\/media\/58323"}],"wp:attachment":[{"href":"https:\/\/www.customeeple.com\/es\/wp-json\/wp\/v2\/media?parent=58352"}],"wp:term":[{"taxonomy":"product_brand","embeddable":true,"href":"https:\/\/www.customeeple.com\/es\/wp-json\/wp\/v2\/product_brand?post=58352"},{"taxonomy":"product_cat","embeddable":true,"href":"https:\/\/www.customeeple.com\/es\/wp-json\/wp\/v2\/product_cat?post=58352"},{"taxonomy":"product_tag","embeddable":true,"href":"https:\/\/www.customeeple.com\/es\/wp-json\/wp\/v2\/product_tag?post=58352"}],"curies":[{"name":"wp","href":"https:\/\/api.w.org\/{rel}","templated":true}]}}