{"id":58348,"date":"2021-05-25T07:58:29","date_gmt":"2021-05-25T06:58:31","guid":{"rendered":"https:\/\/www.customeeple.com\/?post_type=product&#038;p=58348"},"modified":"2021-10-09T10:53:41","modified_gmt":"2021-10-09T09:53:41","slug":"lelith-hesperax","status":"publish","type":"product","link":"https:\/\/www.customeeple.com\/es\/producto\/lelith-hesperax\/","title":{"rendered":"Lelith Hesperax"},"content":{"rendered":"<p>Las habilidades atl\u00e9ticas de Lelith Hesperax est\u00e1n muy por encima de las del resto de Brujas. Ha elevado la muerte al nivel de arte, blandiendo nada m\u00e1s que simples cuchillos. Hiriendo con precisi\u00f3n a sus v\u00edctimas en un borr\u00f3n de filos y m\u00fasculo, remata la matanza con un sangriento final entre una floritura sangrienta.<\/p>\n<p>Hay pocos luchadores en el juego con la capacidad de masacrar enemigos al por mayor y batirse en duelo con Personajes enemigos con la misma facilidad, \u00a1pero Lelith Hesperax no es una simple luchadora! Si buscas a alguien no tanto para liderar tu fuerza como para abrirse paso a trav\u00e9s del ej\u00e9rcito enemigo en un torbellino de cuchilladas, aseg\u00farate de a\u00f1adir esta gladiadora suprema a tu colecci\u00f3n.<\/p>\n<p>Con este kit podr\u00e1s montar 1 Lelith Hesperax. Consta de 10 piezas de pl\u00e1stico e incluye una peana Citadel redonda de 32 mm<\/p>\n","protected":false},"excerpt":{"rendered":"<p>Games Workshop Miniature.<\/p>\n","protected":false},"featured_media":58327,"template":"","meta":{"_acf_changed":false},"product_brand":[],"product_cat":[1177,1180,1372,1623,1229],"product_tag":[1866,1939,1179,1943],"class_list":{"0":"post-58348","1":"product","2":"type-product","3":"status-publish","4":"has-post-thumbnail","6":"product_cat-games-workshop-es","7":"product_cat-retail-products-es","8":"product_cat-sci-fi-es","9":"product_cat-wargames-es-2","10":"product_cat-warhammer-40k-es","11":"product_tag-drukhari-es","12":"product_tag-games-workshop-es","13":"product_tag-gamesworkshop-es","14":"product_tag-gw-es","16":"first","17":"onbackorder","18":"sale","19":"taxable","20":"shipping-taxable","21":"purchasable","22":"product-type-simple"},"exclude_global_add_ons":[],"addons":[],"acf":[],"_links":{"self":[{"href":"https:\/\/www.customeeple.com\/es\/wp-json\/wp\/v2\/product\/58348","targetHints":{"allow":["GET"]}}],"collection":[{"href":"https:\/\/www.customeeple.com\/es\/wp-json\/wp\/v2\/product"}],"about":[{"href":"https:\/\/www.customeeple.com\/es\/wp-json\/wp\/v2\/types\/product"}],"wp:featuredmedia":[{"embeddable":true,"href":"https:\/\/www.customeeple.com\/es\/wp-json\/wp\/v2\/media\/58327"}],"wp:attachment":[{"href":"https:\/\/www.customeeple.com\/es\/wp-json\/wp\/v2\/media?parent=58348"}],"wp:term":[{"taxonomy":"product_brand","embeddable":true,"href":"https:\/\/www.customeeple.com\/es\/wp-json\/wp\/v2\/product_brand?post=58348"},{"taxonomy":"product_cat","embeddable":true,"href":"https:\/\/www.customeeple.com\/es\/wp-json\/wp\/v2\/product_cat?post=58348"},{"taxonomy":"product_tag","embeddable":true,"href":"https:\/\/www.customeeple.com\/es\/wp-json\/wp\/v2\/product_tag?post=58348"}],"curies":[{"name":"wp","href":"https:\/\/api.w.org\/{rel}","templated":true}]}}