{"id":58243,"date":"2021-05-15T11:23:04","date_gmt":"2021-05-15T10:23:05","guid":{"rendered":"https:\/\/www.customeeple.com\/?post_type=product&#038;p=58243"},"modified":"2021-05-23T18:53:40","modified_gmt":"2021-05-23T17:53:40","slug":"vengorian-lord","status":"publish","type":"product","link":"https:\/\/www.customeeple.com\/es\/producto\/vengorian-lord\/","title":{"rendered":"Soulblight Gravelords: Lauka Vai, Mother of Nightmares \/ Vengorian Lord"},"content":{"rendered":"<p>Lauka Vai era anta\u00f1o una valiente vampira-caballero quien, a pesar de desde\u00f1ar a las razas mortales de Ghur se opon\u00eda cazar a aquellos m\u00e1s debiles. Sin embargo, su lucha constante contra el hambre que la devora por dentro conoci\u00f3 un final a destiempo mientras luchaba contra un hechicero de Tzeentch. Tras caer en una poza de fluido primordial, volvi\u00f3 con una forma a\u00fan m\u00e1s monstruosa y mat\u00f3 a sus compa\u00f1eros caballeros en un ataque de rabia. Ahora integra los rangos de la dinast\u00eda Avengorii, crueles como ella, y lidera a sus cong\u00e9neres vampiros con la dignidad de una aut\u00e9ntica reina guerrera mientras lucha una guerra que jam\u00e1s podr\u00e1 ganar contra sus instintos m\u00e1s b\u00e1sicos.<\/p>\n<p>Lauka Vai se yergue majestuosa sobre el campo de batalla. Su figura combina murci\u00e9lago, drag\u00f3n y vampiro, y lucha contra cualquiera que pudiera suponer un enemigo con la facilidad propia de una caballero con formas monstruosas. Mientras est\u00e1 en control de su mente y mantiene su sed a raya, los dem\u00e1s monstruos Soulblight la siguen con devoci\u00f3n, pero en cualquier momento puede poseerla una rabia mort\u00edfera que convierte a la Madre de las Pesadillas en un hurac\u00e1n arrasador.<\/p>\n<p>En el interior de esta caja encontrar\u00e1s 39 componentes de pl\u00e1stico con los que montar 1 Lauka Vai, Madre de las Pesadillas, y 1 peana Citadel redonda de 80 mm. Esta miniatura tambi\u00e9n puede montarse como un Vengorian Lord.<\/p>\n<p>Cuando se sintieron los primeros murmullos del gran hechizo de la muerte de Nagash, muchos Vampire Lords con afinidad por la magia viajaron hasta las cercan\u00edas de Nagashizzar para recibir con mayor facilidad una abundancia de poder cuando acaeciera la primera oleada de magia de la muerte. Desafortunadamente, su apuesta fue demasiado ambiciosa y la magia amatista del necrose\u00edsmo los convirti\u00f3 en Vengorian Lords. Amargados por su monstruosa transformaci\u00f3n, ahora se ocultan en guaridas lejanas y solo vuelven para liderar cruzadas de retribuci\u00f3n vengativa contra aquellos quienes se atreven a vivir una vida libres de su maldici\u00f3n.<\/p>\n<p>Aunque tienen el aspecto de un monstruo sediento de sangre totalmente alejado de la retorcida nobleza de un vampiro, los Vengorian Lords a\u00fan son comandantes de talento que dirigen a sus tropas con habilidad para que cometan actos de violencia brutal. Tambi\u00e9n conservan la caracter\u00edstica aptitud para la magia de los Soulblight, y cuando un aspirante a h\u00e9roe se atreve a acercarse demasiado a sus afiladas garras, un veloz zarpazo es todo lo necesario para ofrendar otra alma a Nagash. Mientras tanto, a los Vengorians les cuesta reconciliarse con su bestia interior, pues est\u00e1n a tan solo un instante de resquebrajar la fina m\u00e1scara de estabilidad que ostentan y abandonarse a un frenes\u00ed de sangre y violencia.<\/p>\n","protected":false},"excerpt":{"rendered":"<p>Games Workshop accesories.<\/p>\n","protected":false},"featured_media":58194,"template":"","meta":{"_acf_changed":false},"product_brand":[],"product_cat":[1400,1177,1180,1623,1654],"product_tag":[1178,1710,1179,1936,1937,785],"class_list":{"0":"post-58243","1":"product","2":"type-product","3":"status-publish","4":"has-post-thumbnail","6":"product_cat-fantasia","7":"product_cat-games-workshop-es","8":"product_cat-retail-products-es","9":"product_cat-wargames-es-2","10":"product_cat-warhammer-age-of-sigmar-es-2","11":"product_tag-ageofsigmar-es","12":"product_tag-aos-es","13":"product_tag-gamesworkshop-es","14":"product_tag-gravelords-es","15":"product_tag-soulblight-es","16":"product_tag-wargame-es-2","18":"first","19":"onbackorder","20":"sale","21":"taxable","22":"shipping-taxable","23":"purchasable","24":"product-type-simple"},"exclude_global_add_ons":[],"addons":[],"acf":[],"_links":{"self":[{"href":"https:\/\/www.customeeple.com\/es\/wp-json\/wp\/v2\/product\/58243","targetHints":{"allow":["GET"]}}],"collection":[{"href":"https:\/\/www.customeeple.com\/es\/wp-json\/wp\/v2\/product"}],"about":[{"href":"https:\/\/www.customeeple.com\/es\/wp-json\/wp\/v2\/types\/product"}],"wp:featuredmedia":[{"embeddable":true,"href":"https:\/\/www.customeeple.com\/es\/wp-json\/wp\/v2\/media\/58194"}],"wp:attachment":[{"href":"https:\/\/www.customeeple.com\/es\/wp-json\/wp\/v2\/media?parent=58243"}],"wp:term":[{"taxonomy":"product_brand","embeddable":true,"href":"https:\/\/www.customeeple.com\/es\/wp-json\/wp\/v2\/product_brand?post=58243"},{"taxonomy":"product_cat","embeddable":true,"href":"https:\/\/www.customeeple.com\/es\/wp-json\/wp\/v2\/product_cat?post=58243"},{"taxonomy":"product_tag","embeddable":true,"href":"https:\/\/www.customeeple.com\/es\/wp-json\/wp\/v2\/product_tag?post=58243"}],"curies":[{"name":"wp","href":"https:\/\/api.w.org\/{rel}","templated":true}]}}