{"id":58241,"date":"2021-05-15T11:23:01","date_gmt":"2021-05-15T10:23:01","guid":{"rendered":"https:\/\/www.customeeple.com\/?post_type=product&#038;p=58241"},"modified":"2026-03-25T11:54:53","modified_gmt":"2026-03-25T10:54:53","slug":"blood-knights","status":"publish","type":"product","link":"https:\/\/www.customeeple.com\/es\/producto\/blood-knights\/","title":{"rendered":"Soulblight Gravelords: Blood Knights"},"content":{"rendered":"<p>Algunos vampiros dedican su vida eterna a dominar un solo campo, y aquellos decididos a convertirse guerreros sin par siempre terminan engrosando los rangos de los Blood Knights. Montados sobre sus corceles, las pesadillas no muertas, estos expertos marciales son imparables cuando cargan y sienten una profunda saisfacci\u00f3n a la hora de aplastar a los soldados inferiores que acaban bajo sus cascos.<\/p>\n<p>Al ser caballeros de \u00e9lite que encabezan los ej\u00e9rcitos Soulblight Gravelords sobre sus monturas, los Blood Knights han perfeccionado el arte de penetrar formaciones de tropas enemigas, dando golpes de lanza y espada a su paso. Su armadura y su poderoso f\u00edsico los convierte en guerreros resilientes en el combate cuerpo a cuerpo, y gracias a la maldici\u00f3n Soublight son capaces de restaurar su vitalidad cuando la sangre empieza a fluir.<\/p>\n<p>En el interior de esta caja encontrar\u00e1s 67 componentes de pl\u00e1stico, con los que puedes montar 5 Blood Knights armados son espadas o lanzas templarias, as\u00ed como una opci\u00f3n de cabezas con y sin casco. Una miniatura puede montarse como l\u00edder de la unidad Kastellan equipado con un casco especial, armadura alada y brazo con maza, mientras que otro puede montarse como Standard Bearer. Las miniaturas vienen acompa\u00f1adas de 5 peanas Citadel ovaladas de 75 mm.<\/p>\n","protected":false},"excerpt":{"rendered":"<p>Games Workshop accesories.<\/p>\n","protected":false},"featured_media":58192,"template":"","meta":{"_acf_changed":false},"product_brand":[],"product_cat":[1400,1177,1180,1623,1654],"product_tag":[1178,1710,1179,1936,1937,785],"class_list":{"0":"post-58241","1":"product","2":"type-product","3":"status-publish","4":"has-post-thumbnail","6":"product_cat-fantasia","7":"product_cat-games-workshop-es","8":"product_cat-retail-products-es","9":"product_cat-wargames-es-2","10":"product_cat-warhammer-age-of-sigmar-es-2","11":"product_tag-ageofsigmar-es","12":"product_tag-aos-es","13":"product_tag-gamesworkshop-es","14":"product_tag-gravelords-es","15":"product_tag-soulblight-es","16":"product_tag-wargame-es-2","18":"first","19":"onbackorder","20":"sale","21":"taxable","22":"shipping-taxable","23":"purchasable","24":"product-type-simple"},"exclude_global_add_ons":[],"addons":[],"acf":[],"_links":{"self":[{"href":"https:\/\/www.customeeple.com\/es\/wp-json\/wp\/v2\/product\/58241","targetHints":{"allow":["GET"]}}],"collection":[{"href":"https:\/\/www.customeeple.com\/es\/wp-json\/wp\/v2\/product"}],"about":[{"href":"https:\/\/www.customeeple.com\/es\/wp-json\/wp\/v2\/types\/product"}],"wp:featuredmedia":[{"embeddable":true,"href":"https:\/\/www.customeeple.com\/es\/wp-json\/wp\/v2\/media\/58192"}],"wp:attachment":[{"href":"https:\/\/www.customeeple.com\/es\/wp-json\/wp\/v2\/media?parent=58241"}],"wp:term":[{"taxonomy":"product_brand","embeddable":true,"href":"https:\/\/www.customeeple.com\/es\/wp-json\/wp\/v2\/product_brand?post=58241"},{"taxonomy":"product_cat","embeddable":true,"href":"https:\/\/www.customeeple.com\/es\/wp-json\/wp\/v2\/product_cat?post=58241"},{"taxonomy":"product_tag","embeddable":true,"href":"https:\/\/www.customeeple.com\/es\/wp-json\/wp\/v2\/product_tag?post=58241"}],"curies":[{"name":"wp","href":"https:\/\/api.w.org\/{rel}","templated":true}]}}