{"id":58239,"date":"2021-05-15T11:18:51","date_gmt":"2021-05-15T10:18:51","guid":{"rendered":"https:\/\/www.customeeple.com\/?post_type=product&#038;p=58239"},"modified":"2021-05-23T18:53:55","modified_gmt":"2021-05-23T17:53:55","slug":"fell-bats","status":"publish","type":"product","link":"https:\/\/www.customeeple.com\/es\/producto\/fell-bats\/","title":{"rendered":"Soulblight Gravelords: Fell Bats"},"content":{"rendered":"<p>Los Deadwalker Zombies son creados a partir de cad\u00e1veres frescos; reciben la fuerza mediante el poder de necromancia oscura y son enviados al campo de batalla en una horda de paso tambaleante. Sin mente, y regidos \u00fanicamente por un instinto colectivo, las migraciones zombis se han convertido en una plaga sempiterna tras el necrose\u00edsmo. Muchas ciudad han creado \u00abpirobandas\u00bb errantes que purgan con fuego los brotes antes de que sea demasiado tarde.<\/p>\n<p>A pesar de que de manera individual son lentos, torpes y fr\u00e1giles, una manada de Deadwalker Zombies del tama\u00f1o adecuado puede suponer una amenaza incluso para los soldados enemigos m\u00e1s habilidosos, simplemente por su superioridad num\u00e9rica. Su hambre mononeuronal les da un componente de velocidad sorprendente cuando la presa se acerca demasiado, y cualquier desafortunado que caiga en sus garras acabar\u00e1 por unirse a los rangos Soulblight antes de que acabe la batalla.<\/p>\n<p>En el interior de esta caja encontrar\u00e1s 94 componentes de pl\u00e1stico, con los que puedes montar 20 Deadwalker Zombies. Estas miniaturas vienen acompa\u00f1adas de 20 peanas Citadel redondas de 25 mm.<\/p>\n","protected":false},"excerpt":{"rendered":"<p>Games Workshop boardgame.<\/p>\n","protected":false},"featured_media":58196,"template":"","meta":{"_acf_changed":false},"product_brand":[],"product_cat":[1400,1177,1180,1654],"product_tag":[1535,1710,1264,1179,1936,1937,785],"class_list":{"0":"post-58239","1":"product","2":"type-product","3":"status-publish","4":"has-post-thumbnail","6":"product_cat-fantasia","7":"product_cat-games-workshop-es","8":"product_cat-retail-products-es","9":"product_cat-warhammer-age-of-sigmar-es-2","10":"product_tag-age-of-sigmar-es","11":"product_tag-aos-es","12":"product_tag-boardgame-es","13":"product_tag-gamesworkshop-es","14":"product_tag-gravelords-es","15":"product_tag-soulblight-es","16":"product_tag-wargame-es-2","17":"pa_language-in","18":"pa_language-spanish","20":"first","21":"onbackorder","22":"sale","23":"taxable","24":"shipping-taxable","25":"purchasable","26":"product-type-simple"},"exclude_global_add_ons":[],"addons":[],"acf":[],"_links":{"self":[{"href":"https:\/\/www.customeeple.com\/es\/wp-json\/wp\/v2\/product\/58239","targetHints":{"allow":["GET"]}}],"collection":[{"href":"https:\/\/www.customeeple.com\/es\/wp-json\/wp\/v2\/product"}],"about":[{"href":"https:\/\/www.customeeple.com\/es\/wp-json\/wp\/v2\/types\/product"}],"wp:featuredmedia":[{"embeddable":true,"href":"https:\/\/www.customeeple.com\/es\/wp-json\/wp\/v2\/media\/58196"}],"wp:attachment":[{"href":"https:\/\/www.customeeple.com\/es\/wp-json\/wp\/v2\/media?parent=58239"}],"wp:term":[{"taxonomy":"product_brand","embeddable":true,"href":"https:\/\/www.customeeple.com\/es\/wp-json\/wp\/v2\/product_brand?post=58239"},{"taxonomy":"product_cat","embeddable":true,"href":"https:\/\/www.customeeple.com\/es\/wp-json\/wp\/v2\/product_cat?post=58239"},{"taxonomy":"product_tag","embeddable":true,"href":"https:\/\/www.customeeple.com\/es\/wp-json\/wp\/v2\/product_tag?post=58239"}],"curies":[{"name":"wp","href":"https:\/\/api.w.org\/{rel}","templated":true}]}}