{"id":58235,"date":"2021-05-15T11:10:03","date_gmt":"2021-05-15T10:10:03","guid":{"rendered":"https:\/\/www.customeeple.com\/?post_type=product&#038;p=58235"},"modified":"2021-05-23T18:47:42","modified_gmt":"2021-05-23T17:47:42","slug":"vampire-lord","status":"publish","type":"product","link":"https:\/\/www.customeeple.com\/es\/producto\/vampire-lord\/","title":{"rendered":"Soulblight Gravelords: Vampire Lord"},"content":{"rendered":"<p>Con cada a\u00f1o que vive, el vampiro acumula poder. Sus poderes arcanos y marciales siguen creciendo mientras los campeones de las razas mortales se marchitan y mueren. Muchos vampiros adoptan el t\u00edtulo de Vampire Lord y lideran legiones de servidores no muertos y hordas de vampiros Soulblight de menor rango en enormes campa\u00f1as de conquista en los Reinos mortales. Un Vampire Lord alberga tal odio por la vida mortal que es capaz de detenerse en medio de una batalla para desangrar a un enemigo que as\u00ed lo merezca antes de proceder con la masacre junto a sus camaradas.<\/p>\n<p>Los Vampire Lords no solo son los l\u00edderes por antonomasia de los contingentes Soulblight Gravelords, sino que adem\u00e1s son el ejemplo a seguir para todo aquel afectado por la maldici\u00f3n Soulblight. El aut\u00e9ntico poder de estos guerreros consumados, capaces de aplastar a unidades enteras de soldados inferiores con la misma facilidad con la que tejen las mort\u00edferas artes m\u00e1gicas de Shyish, reside en su f\u00e9rrero liderazgo de las destartaladas hordas que marchan con ellos. Al desatar la rabia bestial que impulsa su antinatural sed de sangre, las manadas cercanas de esqueletos y zombis se sienten revigorizadas para alcanzar cotas de violencia inusitada.<\/p>\n<p>Esta caja contiene 12 componentes de pl\u00e1stico, con los cuales puedes montar 1 Vampire Lord, as\u00ed como 1 peana Citadel redonda de 40 mm.<\/p>\n","protected":false},"excerpt":{"rendered":"<p>Games Workshop boardgame.<\/p>\n","protected":false},"featured_media":58200,"template":"","meta":{"_acf_changed":false},"product_brand":[],"product_cat":[1400,1177,1180,1372,1229,1654],"product_tag":[1535,1710,1264,1179,1936,1937,785],"class_list":{"0":"post-58235","1":"product","2":"type-product","3":"status-publish","4":"has-post-thumbnail","6":"product_cat-fantasia","7":"product_cat-games-workshop-es","8":"product_cat-retail-products-es","9":"product_cat-sci-fi-es","10":"product_cat-warhammer-40k-es","11":"product_cat-warhammer-age-of-sigmar-es-2","12":"product_tag-age-of-sigmar-es","13":"product_tag-aos-es","14":"product_tag-boardgame-es","15":"product_tag-gamesworkshop-es","16":"product_tag-gravelords-es","17":"product_tag-soulblight-es","18":"product_tag-wargame-es-2","19":"pa_language-in","20":"pa_language-spanish","22":"first","23":"onbackorder","24":"sale","25":"taxable","26":"shipping-taxable","27":"purchasable","28":"product-type-simple"},"exclude_global_add_ons":[],"addons":[],"acf":[],"_links":{"self":[{"href":"https:\/\/www.customeeple.com\/es\/wp-json\/wp\/v2\/product\/58235","targetHints":{"allow":["GET"]}}],"collection":[{"href":"https:\/\/www.customeeple.com\/es\/wp-json\/wp\/v2\/product"}],"about":[{"href":"https:\/\/www.customeeple.com\/es\/wp-json\/wp\/v2\/types\/product"}],"wp:featuredmedia":[{"embeddable":true,"href":"https:\/\/www.customeeple.com\/es\/wp-json\/wp\/v2\/media\/58200"}],"wp:attachment":[{"href":"https:\/\/www.customeeple.com\/es\/wp-json\/wp\/v2\/media?parent=58235"}],"wp:term":[{"taxonomy":"product_brand","embeddable":true,"href":"https:\/\/www.customeeple.com\/es\/wp-json\/wp\/v2\/product_brand?post=58235"},{"taxonomy":"product_cat","embeddable":true,"href":"https:\/\/www.customeeple.com\/es\/wp-json\/wp\/v2\/product_cat?post=58235"},{"taxonomy":"product_tag","embeddable":true,"href":"https:\/\/www.customeeple.com\/es\/wp-json\/wp\/v2\/product_tag?post=58235"}],"curies":[{"name":"wp","href":"https:\/\/api.w.org\/{rel}","templated":true}]}}