{"id":58233,"date":"2021-05-15T11:04:17","date_gmt":"2021-05-15T10:04:17","guid":{"rendered":"https:\/\/www.customeeple.com\/?post_type=product&#038;p=58233"},"modified":"2024-07-13T00:00:11","modified_gmt":"2024-07-12T23:00:11","slug":"soulblight-gravelords-deathrattle-skeletons","status":"publish","type":"product","link":"https:\/\/www.customeeple.com\/es\/producto\/soulblight-gravelords-deathrattle-skeletons\/","title":{"rendered":"Soulblight Gravelords: Deathrattle Skeletons"},"content":{"rendered":"<p>Los Deathrattle Skeletons, equipados con armas oxidadas y los restos de lo que en su d\u00eda fue una imponente armadura, son el impet\u00e9rrito n\u00facleo de muchos ej\u00e9rcitos Soulblight Gravelords. No solo son guerreros que no conocen el cansancio ni los remordimientos, sino que adem\u00e1s trabajan duro en los campos de los Reinos Deathrattle, vigilados por Wight Kings como el parang\u00f3n de la necrotop\u00eda entr\u00f3pica de Nagash.<\/p>\n<p>Aunque individualmente no sean los mejores soldados, los Deathrattle Skeletons avanzan por el campo de batalla como una marea eterna de hueso y hierro repiqueteante, compensando sus puntos d\u00e9biles con una abrumadora superioridad num\u00e9rica. Incluso los incautos que creen haber derribado a sus desalmados oponentes de sonrisa siniestra pronto se dan cuenta que la magia de muerte de Shyish no tiene escapatoria, y los esqueletos vuelven a alzarse para cargar de nuevo.<\/p>\n<p>En el interior de esta caja encontrar\u00e1s 170 componentes de pl\u00e1stico con los que podr\u00e1s montar 20 Deathrattle Skeletons y desplegarlos como una o dos unidades. Cada grupo de 10 contiene opciones para montar un Portaestandarte y un Skeleton Champion armado con una maza o una alabarda. Las miniaturas est\u00e1n acompa\u00f1adas de 20 peanas Citadel redondas de 25 mm.<\/p>\n","protected":false},"excerpt":{"rendered":"<p>Games Workshop miniatures.<\/p>\n","protected":false},"featured_media":58202,"template":"","meta":{"_acf_changed":false},"product_brand":[],"product_cat":[1177,1180,1623,1654],"product_tag":[1535,1710,1939,1179,1936,1937],"class_list":{"0":"post-58233","1":"product","2":"type-product","3":"status-publish","4":"has-post-thumbnail","6":"product_cat-games-workshop-es","7":"product_cat-retail-products-es","8":"product_cat-wargames-es-2","9":"product_cat-warhammer-age-of-sigmar-es-2","10":"product_tag-age-of-sigmar-es","11":"product_tag-aos-es","12":"product_tag-games-workshop-es","13":"product_tag-gamesworkshop-es","14":"product_tag-gravelords-es","15":"product_tag-soulblight-es","17":"first","18":"onbackorder","19":"sale","20":"taxable","21":"shipping-taxable","22":"purchasable","23":"product-type-simple"},"exclude_global_add_ons":[],"addons":[],"acf":[],"_links":{"self":[{"href":"https:\/\/www.customeeple.com\/es\/wp-json\/wp\/v2\/product\/58233","targetHints":{"allow":["GET"]}}],"collection":[{"href":"https:\/\/www.customeeple.com\/es\/wp-json\/wp\/v2\/product"}],"about":[{"href":"https:\/\/www.customeeple.com\/es\/wp-json\/wp\/v2\/types\/product"}],"wp:featuredmedia":[{"embeddable":true,"href":"https:\/\/www.customeeple.com\/es\/wp-json\/wp\/v2\/media\/58202"}],"wp:attachment":[{"href":"https:\/\/www.customeeple.com\/es\/wp-json\/wp\/v2\/media?parent=58233"}],"wp:term":[{"taxonomy":"product_brand","embeddable":true,"href":"https:\/\/www.customeeple.com\/es\/wp-json\/wp\/v2\/product_brand?post=58233"},{"taxonomy":"product_cat","embeddable":true,"href":"https:\/\/www.customeeple.com\/es\/wp-json\/wp\/v2\/product_cat?post=58233"},{"taxonomy":"product_tag","embeddable":true,"href":"https:\/\/www.customeeple.com\/es\/wp-json\/wp\/v2\/product_tag?post=58233"}],"curies":[{"name":"wp","href":"https:\/\/api.w.org\/{rel}","templated":true}]}}