{"id":57773,"date":"2021-04-22T13:42:34","date_gmt":"2021-04-22T12:42:34","guid":{"rendered":"https:\/\/www.customeeple.com\/?post_type=product&#038;p=57773"},"modified":"2024-04-15T17:41:02","modified_gmt":"2024-04-15T16:41:02","slug":"la-morada-maldita","status":"publish","type":"product","link":"https:\/\/www.customeeple.com\/es\/producto\/la-morada-maldita\/","title":{"rendered":"La Morada Maldita (ESP)"},"content":{"rendered":"<div class=\"product attribute overview\">\n<div class=\"value\">\n<p>En sus viajes por todo el mundo, un anciano aventurero fue coleccionando numerosas gemas. Pero su favorita, sin duda, era una gran joya morada. Antes de morir, decidi\u00f3 legar todo su tesoro&#8230; \u00a1al pueblo!<br \/>\nComo habitantes de la villa, ir\u00e9is corriendo a su morada para superar los retos y coger todas las gemas que pod\u00e1is. Pero, \u00a1cuidado con la gran joya embrujada!, dicen que el que la toca quedar\u00e1 maldito&#8230;<\/p>\n<p>La Morada Maldita es un trepidante juego de agudeza visual en el que \u00absufrir\u00e9is\u00bb incre\u00edbles maldiciones y suceder\u00e1n extra\u00f1as situaciones que os har\u00e1n pasar un rato \u00a1de lo m\u00e1s divertido!<\/p>\n<\/div>\n<\/div>\n<p><strong>Cantidad de jugadores:<\/strong> 2 &#8211; 6<\/p>\n<p><strong>Duraci\u00f3n:<\/strong> 30<\/p>\n<p><strong>Edad:<\/strong> +7 a\u00f1os<\/p>\n","protected":false},"excerpt":{"rendered":"<p>Boardgame.<\/p>\n","protected":false},"featured_media":57767,"template":"","meta":{"_acf_changed":false},"product_brand":[],"product_cat":[1561,1557,1653,2347,1180],"product_tag":[1264,1280,1793],"class_list":{"0":"post-57773","1":"product","2":"type-product","3":"status-publish","4":"has-post-thumbnail","6":"product_cat-familiar-es","7":"product_cat-card-game-es","8":"product_cat-boardgames","9":"product_cat-mercurio-es","10":"product_cat-retail-products-es","11":"product_tag-boardgame-es","12":"product_tag-juego-de-mesa-es","13":"product_tag-mercurio-es","15":"first","16":"onbackorder","17":"sale","18":"taxable","19":"shipping-taxable","20":"purchasable","21":"product-type-simple"},"exclude_global_add_ons":[],"addons":[],"acf":[],"_links":{"self":[{"href":"https:\/\/www.customeeple.com\/es\/wp-json\/wp\/v2\/product\/57773","targetHints":{"allow":["GET"]}}],"collection":[{"href":"https:\/\/www.customeeple.com\/es\/wp-json\/wp\/v2\/product"}],"about":[{"href":"https:\/\/www.customeeple.com\/es\/wp-json\/wp\/v2\/types\/product"}],"wp:featuredmedia":[{"embeddable":true,"href":"https:\/\/www.customeeple.com\/es\/wp-json\/wp\/v2\/media\/57767"}],"wp:attachment":[{"href":"https:\/\/www.customeeple.com\/es\/wp-json\/wp\/v2\/media?parent=57773"}],"wp:term":[{"taxonomy":"product_brand","embeddable":true,"href":"https:\/\/www.customeeple.com\/es\/wp-json\/wp\/v2\/product_brand?post=57773"},{"taxonomy":"product_cat","embeddable":true,"href":"https:\/\/www.customeeple.com\/es\/wp-json\/wp\/v2\/product_cat?post=57773"},{"taxonomy":"product_tag","embeddable":true,"href":"https:\/\/www.customeeple.com\/es\/wp-json\/wp\/v2\/product_tag?post=57773"}],"curies":[{"name":"wp","href":"https:\/\/api.w.org\/{rel}","templated":true}]}}