{"id":57722,"date":"2021-04-17T11:00:22","date_gmt":"2021-04-17T10:00:23","guid":{"rendered":"https:\/\/www.customeeple.com\/?post_type=product&#038;p=57722"},"modified":"2021-05-15T09:58:30","modified_gmt":"2021-05-15T08:58:30","slug":"gardus-steel-soul","status":"publish","type":"product","link":"https:\/\/www.customeeple.com\/es\/producto\/gardus-steel-soul\/","title":{"rendered":"Gardus Steel Soul"},"content":{"rendered":"<div id=\"tabs\" class=\"responsive-tabs tabs\">\n<div id=\"description\" class=\"tabs__panel tabs__state--active\">\n<div class=\"legacy-tab legacy-tab--description\">\n<div class=\"tab-panel__column\">\n<p>Gardus Steel Soul, venerado Lord-Celestant de los Hallowed Knights y s\u00edmbolo vivo de esperanza para todos los ciudadanos del Orden, brilla como un faro de luz divina a la cabeza de su hueste de guerra de Stormcast Eternals. Steel Soul blande su fe con la misma seguridad que su espada r\u00fanica y su martillo de guerra, as\u00ed que nunca se cansa de servir a su Dios Rey y a los inocentes que se ha comprometido a salvaguardar.<\/p>\n<p>Gardus Steel Soul es tan experto en liderar a sus Hallowed Knights como en abatir a los enemigos del Orden en combate cuerpo a cuerpo, as\u00ed que no temas dejar que se meta en el fragor de la batalla. Esta impresionante miniatura, que puedes montar con o sin casco, representa a Steel Soul en pleno aterrizaje tras ser proyectado desde Azyr envuelto en un rayo sigmarita, con su capa de guerra ondeando tras \u00e9l por la fuerza del impacto y recreando la emblem\u00e1tica ilustraci\u00f3n de la novela Hallowed Knights: Black Pyramid, publicada por Black Library.<\/p>\n<p>Este kit de pl\u00e1stico multicomponente consta de 15 piezas, con las que se puede montar un Gardus Steel Soul, y se suministra con 1 peana Citadel redonda de 50 mm.<\/p>\n<\/div>\n<\/div>\n<\/div>\n<\/div>\n","protected":false},"excerpt":{"rendered":"<p>Games Workshop boardgame.<\/p>\n","protected":false},"featured_media":57706,"template":"","meta":{"_acf_changed":false},"product_brand":[],"product_cat":[1400,1177,1180,1623,1654],"product_tag":[1535,1710,1264,1179,1882,785],"class_list":{"0":"post-57722","1":"product","2":"type-product","3":"status-publish","4":"has-post-thumbnail","6":"product_cat-fantasia","7":"product_cat-games-workshop-es","8":"product_cat-retail-products-es","9":"product_cat-wargames-es-2","10":"product_cat-warhammer-age-of-sigmar-es-2","11":"product_tag-age-of-sigmar-es","12":"product_tag-aos-es","13":"product_tag-boardgame-es","14":"product_tag-gamesworkshop-es","15":"product_tag-stormcast-es","16":"product_tag-wargame-es-2","17":"pa_language-in","18":"pa_language-spanish","20":"first","21":"onbackorder","22":"sale","23":"taxable","24":"shipping-taxable","25":"purchasable","26":"product-type-simple"},"exclude_global_add_ons":[],"addons":[],"acf":[],"_links":{"self":[{"href":"https:\/\/www.customeeple.com\/es\/wp-json\/wp\/v2\/product\/57722","targetHints":{"allow":["GET"]}}],"collection":[{"href":"https:\/\/www.customeeple.com\/es\/wp-json\/wp\/v2\/product"}],"about":[{"href":"https:\/\/www.customeeple.com\/es\/wp-json\/wp\/v2\/types\/product"}],"wp:featuredmedia":[{"embeddable":true,"href":"https:\/\/www.customeeple.com\/es\/wp-json\/wp\/v2\/media\/57706"}],"wp:attachment":[{"href":"https:\/\/www.customeeple.com\/es\/wp-json\/wp\/v2\/media?parent=57722"}],"wp:term":[{"taxonomy":"product_brand","embeddable":true,"href":"https:\/\/www.customeeple.com\/es\/wp-json\/wp\/v2\/product_brand?post=57722"},{"taxonomy":"product_cat","embeddable":true,"href":"https:\/\/www.customeeple.com\/es\/wp-json\/wp\/v2\/product_cat?post=57722"},{"taxonomy":"product_tag","embeddable":true,"href":"https:\/\/www.customeeple.com\/es\/wp-json\/wp\/v2\/product_tag?post=57722"}],"curies":[{"name":"wp","href":"https:\/\/api.w.org\/{rel}","templated":true}]}}