{"id":57671,"date":"2021-04-15T15:01:50","date_gmt":"2021-04-15T14:01:51","guid":{"rendered":"https:\/\/www.customeeple.com\/?post_type=product&#038;p=57671"},"modified":"2021-04-15T17:58:48","modified_gmt":"2021-04-15T16:58:48","slug":"inserto-compatible-whqcursedcity","status":"publish","type":"product","link":"https:\/\/www.customeeple.com\/es\/producto\/inserto-compatible-whqcursedcity\/","title":{"rendered":"Inserto organizador Compatible con WQ Ciudad Maldita"},"content":{"rendered":"<p>Este es un inserto de juego dise\u00f1ado para el juego<strong><a href=\"https:\/\/boardgamegeek.com\/boardgame\/180241\/warhammer-age-sigmar\"> Warhammer Quest:\u00a0 Cursed City<\/a><\/strong>\u00a0 y est\u00e1 destinado a mejorar la experiencia de juego y mantener todas las piezas en orden en la caja.<\/p>\n<p>Tiene mucho espacio para almacenar futuras expansiones.<\/p>\n<p>El encarte incluye 7 cajas, 2 para todas las piezas del tablero, 1 para las cartas y 4 para todas las fichas.\u00a0La caja para las cartas incluye 5 divisores que puedes mover para organizarlas como quieras.<\/p>\n<p>Dentro de la caja del juego no se pueden almacenar miniaturas si se usa este inserto.<\/p>\n<p>Si lo deseas, tambi\u00e9n puedes a\u00f1adir 3 tapas acr\u00edlicas para 2 cajas de fichas y la caja de cartas. Estas llevan imanes para mantenerlas en su lugar.<\/p>\n<div class=\"moreinfo\"><strong>Material: <\/strong>DM<\/div>\n<div class=\"moreinfo\"><strong>Espesor:<\/strong> 2,5 mm<br \/>\n<strong>Tama\u00f1o:<\/strong> 43 x 29 x 6.5 cm<\/div>\n<div class=\"moreinfo\">\n<p dir=\"ltr\"><span class=\"JLqJ4b ChMk0b\" data-language-for-alternatives=\"es\" data-language-to-translate-into=\"fr\" data-phrase-index=\"0\"><strong>Nota:<\/strong> este producto se vende sin montar .<\/span> <span class=\"JLqJ4b ChMk0b\" data-language-for-alternatives=\"es\" data-language-to-translate-into=\"fr\" data-phrase-index=\"1\">Necesitar\u00e1s pegamento para montarlo.<\/span><\/p>\n<p><strong>Warhammer Quest: Cursed City <\/strong>es un juego publicado por <a href=\"https:\/\/www.games-workshop.com\/es-ES\/Inicio\"><strong>\u00a0Games Workshop. <\/strong><\/a><strong>Customeeple<\/strong> no esta afiliado con esta compa\u00f1\u00eda y este producto no esta apoyado por ellos.<\/p>\n<\/div>\n","protected":false},"excerpt":{"rendered":"<p>Un inserto resistente para almacenar todos los tableros, marcadores y cartas del juego.<\/p>\n","protected":false},"featured_media":57681,"template":"","meta":{"_acf_changed":false},"product_brand":[],"product_cat":[191,1370,1177,1395,1654],"product_tag":[332],"class_list":{"0":"post-57671","1":"product","2":"type-product","3":"status-publish","4":"has-post-thumbnail","6":"product_cat-accesorios","7":"product_cat-customeeple-es","8":"product_cat-games-workshop-es","9":"product_cat-insertos","10":"product_cat-warhammer-age-of-sigmar-es-2","11":"product_tag-insert-es","13":"first","14":"instock","15":"taxable","16":"shipping-taxable","17":"purchasable","18":"product-type-variable"},"exclude_global_add_ons":[],"addons":[],"acf":[],"_links":{"self":[{"href":"https:\/\/www.customeeple.com\/es\/wp-json\/wp\/v2\/product\/57671","targetHints":{"allow":["GET"]}}],"collection":[{"href":"https:\/\/www.customeeple.com\/es\/wp-json\/wp\/v2\/product"}],"about":[{"href":"https:\/\/www.customeeple.com\/es\/wp-json\/wp\/v2\/types\/product"}],"wp:featuredmedia":[{"embeddable":true,"href":"https:\/\/www.customeeple.com\/es\/wp-json\/wp\/v2\/media\/57681"}],"wp:attachment":[{"href":"https:\/\/www.customeeple.com\/es\/wp-json\/wp\/v2\/media?parent=57671"}],"wp:term":[{"taxonomy":"product_brand","embeddable":true,"href":"https:\/\/www.customeeple.com\/es\/wp-json\/wp\/v2\/product_brand?post=57671"},{"taxonomy":"product_cat","embeddable":true,"href":"https:\/\/www.customeeple.com\/es\/wp-json\/wp\/v2\/product_cat?post=57671"},{"taxonomy":"product_tag","embeddable":true,"href":"https:\/\/www.customeeple.com\/es\/wp-json\/wp\/v2\/product_tag?post=57671"}],"curies":[{"name":"wp","href":"https:\/\/api.w.org\/{rel}","templated":true}]}}