{"id":57634,"date":"2021-04-10T11:58:57","date_gmt":"2021-04-10T10:58:57","guid":{"rendered":"https:\/\/www.customeeple.com\/?post_type=product&#038;p=57634"},"modified":"2021-04-17T11:33:14","modified_gmt":"2021-04-17T10:33:14","slug":"elf-and-dwarf-biased-referees","status":"publish","type":"product","link":"https:\/\/www.customeeple.com\/es\/producto\/elf-and-dwarf-biased-referees\/","title":{"rendered":"\u00c1rbitros poco imparciales Elf y Dwarf"},"content":{"rendered":"<p>Los \u00e1rbitros de Blood Bowl tienen la gran responsabilidad de interpretar y hacer cumplir los escritos sagrados de Nuffle. Se les conf\u00eda el deber vital de defender los valores de este bello juego y garantizar que ambos equipos sigan estrictamente las reglas y compitan de forma justa. Menos mal que muchos de ellos est\u00e1n abiertos a los sobornos, porque la verdad es que eso suena un poco aburrido.<\/p>\n<p>Adquiere un \u00c1rbitro poco imparcial para tus partidos, y podr\u00e1s utilizar estas incre\u00edbles miniaturas para recordar cualquier intento de soborno que quede, adem\u00e1s de darle mucho m\u00e1s ambiente a tus partidos.<\/p>\n<p>Estas miniaturas de pl\u00e1stico se suministran en 8 piezas, permiti\u00e9ndote montar un \u00e1rbitro Dwarf y<\/p>\n","protected":false},"excerpt":{"rendered":"<p>Games Workshop Blood Bowl Team.<\/p>\n","protected":false},"featured_media":57594,"template":"","meta":{"_acf_changed":false},"product_brand":[],"product_cat":[1258,1400,1177,1653,1555,1180,1554],"product_tag":[1250,1179],"class_list":{"0":"post-57634","1":"product","2":"type-product","3":"status-publish","4":"has-post-thumbnail","6":"product_cat-blood-bowl-es","7":"product_cat-fantasia","8":"product_cat-games-workshop-es","9":"product_cat-boardgames","10":"product_cat-miniature-games-es","11":"product_cat-retail-products-es","12":"product_cat-wargames-es","13":"product_tag-blood-bowl-es","14":"product_tag-gamesworkshop-es","16":"first","17":"onbackorder","18":"sale","19":"taxable","20":"shipping-taxable","21":"purchasable","22":"product-type-simple"},"exclude_global_add_ons":[],"addons":[],"acf":[],"_links":{"self":[{"href":"https:\/\/www.customeeple.com\/es\/wp-json\/wp\/v2\/product\/57634","targetHints":{"allow":["GET"]}}],"collection":[{"href":"https:\/\/www.customeeple.com\/es\/wp-json\/wp\/v2\/product"}],"about":[{"href":"https:\/\/www.customeeple.com\/es\/wp-json\/wp\/v2\/types\/product"}],"wp:featuredmedia":[{"embeddable":true,"href":"https:\/\/www.customeeple.com\/es\/wp-json\/wp\/v2\/media\/57594"}],"wp:attachment":[{"href":"https:\/\/www.customeeple.com\/es\/wp-json\/wp\/v2\/media?parent=57634"}],"wp:term":[{"taxonomy":"product_brand","embeddable":true,"href":"https:\/\/www.customeeple.com\/es\/wp-json\/wp\/v2\/product_brand?post=57634"},{"taxonomy":"product_cat","embeddable":true,"href":"https:\/\/www.customeeple.com\/es\/wp-json\/wp\/v2\/product_cat?post=57634"},{"taxonomy":"product_tag","embeddable":true,"href":"https:\/\/www.customeeple.com\/es\/wp-json\/wp\/v2\/product_tag?post=57634"}],"curies":[{"name":"wp","href":"https:\/\/api.w.org\/{rel}","templated":true}]}}