{"id":57624,"date":"2021-04-10T11:34:46","date_gmt":"2021-04-10T10:34:46","guid":{"rendered":"https:\/\/www.customeeple.com\/?post_type=product&#038;p=57624"},"modified":"2021-04-17T11:34:32","modified_gmt":"2021-04-17T10:34:32","slug":"imperial-nobility-blood-bowl-team-the-bogenhafen-barons","status":"publish","type":"product","link":"https:\/\/www.customeeple.com\/es\/producto\/imperial-nobility-blood-bowl-team-the-bogenhafen-barons\/","title":{"rendered":"Equipo Imperial Nobility de Blood Bowl: Los B\u00f6genhafen Barons"},"content":{"rendered":"<p>Adem\u00e1s de ser un pasatiempo incre\u00edblemente popular y que cuenta con un p\u00fablico enorme y sorprendentemente variado, Blood Bowl es tambi\u00e9n un negocio muy muy muy muy rentable. \u00daltimamente los equipos Imperial Nobility han salido de debajo de las piedras, y los fondos ilimitados de sus patrones est\u00e1n contratando a los mejores jugadores, adquiriendo el mejor equipo y las mejores instalaciones de entrenamiento y apoyando a sus equipos mediante campa\u00f1as publicitarias pr\u00e1cticamente ubicuas. Los B\u00f6genhafen Barons son los m\u00e1s populares de entre ellos tras irrumpir en la liga y cambiarle el rumbo.<\/p>\n<p>Aunque tengan alguna similaridad superficial a los equipos Human, los Imperial Nobility tienen unas habilidades distintas, que los convierten en unos rivales correosos. Y si adem\u00e1s el plantel cuenta con un buen entrenador, son capaces de ridiculizar a sus oponentes al mismo tiempo que preparan el campo para que los Noble Blitzers marquen un tanto. Adem\u00e1s, tanto si ganan como si pierden est\u00e1n guap\u00edsimos, gracias al mejor uniforme se haya visto jam\u00e1s sobre la cancha.<\/p>\n<p>En el interio de esta caja multicomponente encontrar\u00e1s todas las piezas que necesitas para montar a los B\u00f6genhafen Barons, un equipo Imperial Nobility para tus partidas de Blood Bowl.\u00a0<strong>Contiene 12 jugadores:<\/strong><br \/>\n\u2013 4 Imperial Retainer Linemen<br \/>\n\u2013 4 Bodyguards<br \/>\n\u2013 2 Noble Blitzers<br \/>\n\u2013 2 Imperial Throwers<\/p>\n<p>Tambi\u00e9n contiene 2 fichas de turno, 2 monedas, 4 balones, 12 peanas Blood Bowl redondas de 32 mm y una hoja de calcoman\u00edas.<\/p>\n<p>Encontrar\u00e1s las reglas para utilizar a los equipos Imperial Nobility en tus partidas de Blood Bowl en el Reglamento b\u00e1sico de Blood Bowl y el n\u00famero 12 de la revista Spike!<\/p>\n","protected":false},"excerpt":{"rendered":"<p>Games Workshop Blood Bowl Team.<\/p>\n","protected":false},"featured_media":57598,"template":"","meta":{"_acf_changed":false},"product_brand":[],"product_cat":[1258,1400,1177,1653,1555,1180,1554],"product_tag":[1250,1179],"class_list":{"0":"post-57624","1":"product","2":"type-product","3":"status-publish","4":"has-post-thumbnail","6":"product_cat-blood-bowl-es","7":"product_cat-fantasia","8":"product_cat-games-workshop-es","9":"product_cat-boardgames","10":"product_cat-miniature-games-es","11":"product_cat-retail-products-es","12":"product_cat-wargames-es","13":"product_tag-blood-bowl-es","14":"product_tag-gamesworkshop-es","16":"first","17":"onbackorder","18":"sale","19":"taxable","20":"shipping-taxable","21":"purchasable","22":"product-type-simple"},"exclude_global_add_ons":[],"addons":[],"acf":[],"_links":{"self":[{"href":"https:\/\/www.customeeple.com\/es\/wp-json\/wp\/v2\/product\/57624","targetHints":{"allow":["GET"]}}],"collection":[{"href":"https:\/\/www.customeeple.com\/es\/wp-json\/wp\/v2\/product"}],"about":[{"href":"https:\/\/www.customeeple.com\/es\/wp-json\/wp\/v2\/types\/product"}],"wp:featuredmedia":[{"embeddable":true,"href":"https:\/\/www.customeeple.com\/es\/wp-json\/wp\/v2\/media\/57598"}],"wp:attachment":[{"href":"https:\/\/www.customeeple.com\/es\/wp-json\/wp\/v2\/media?parent=57624"}],"wp:term":[{"taxonomy":"product_brand","embeddable":true,"href":"https:\/\/www.customeeple.com\/es\/wp-json\/wp\/v2\/product_brand?post=57624"},{"taxonomy":"product_cat","embeddable":true,"href":"https:\/\/www.customeeple.com\/es\/wp-json\/wp\/v2\/product_cat?post=57624"},{"taxonomy":"product_tag","embeddable":true,"href":"https:\/\/www.customeeple.com\/es\/wp-json\/wp\/v2\/product_tag?post=57624"}],"curies":[{"name":"wp","href":"https:\/\/api.w.org\/{rel}","templated":true}]}}