{"id":57614,"date":"2021-04-10T10:41:23","date_gmt":"2021-04-10T09:41:24","guid":{"rendered":"https:\/\/www.customeeple.com\/?post_type=product&#038;p=57614"},"modified":"2021-04-17T11:30:09","modified_gmt":"2021-04-17T10:30:09","slug":"warhammer-underworlds-starter-set","status":"publish","type":"product","link":"https:\/\/www.customeeple.com\/es\/producto\/warhammer-underworlds-starter-set\/","title":{"rendered":"Warhammer Underworlds: Starter Set (ENG)"},"content":{"rendered":"<p>PRODUCTO EN INGL\u00c9S.<\/p>\n<p>La Ciudad Espejada de Torresombr\u00eda es un plano pesadillesco de ilusiones y locura, un laberinto en continuo cambio compuesto por escaleras infinitas, callejones estrechos y alt\u00edsimos arcos. \u00bfTe atreves a entrar y reclamar la gloria que aguarda en ella?<\/p>\n<p>Este set de inicio es la forma ideal de iniciarte en Warhammer Underworlds. Con dos bandas completas, las reglas y todos los dados, marcadores y tableros que necesitas para jugar, no hay mejor elecci\u00f3n para comenzar tus aventuras en el juego de miniaturas competitivo definitivo.<\/p>\n<p><strong>Esta caja contiene:<\/strong><br \/>\n\u2013 Un libro de reglas Aprende a jugar de 36 p\u00e1ginas.<br \/>\n\u2013 La banda completa de Tormenta de Celestus, una compa\u00f1\u00eda de Stormcast Eternals. Monta tu banda con cuatro miniaturas de pl\u00e1stico de encaje a presi\u00f3n moldeadas en pl\u00e1stico coloreado para que destaquen aunque est\u00e9n sin pintar, junto a cartas de guerrero y varias cartas espec\u00edficas de la banda que te permitir\u00e1n emplear sus nobles estrategias en batalla.<br \/>\n\u2013 La banda completa de los Siniestros de Drepur, un grupo de Nighthaunt que atormenta Torresombr\u00eda. Monta tu banda con cuatro miniaturas de pl\u00e1stico de encaje a presi\u00f3n moldeadas en pl\u00e1stico coloreado para que destaquen aunque est\u00e9n sin pintar, junto a cartas de guerrero y varias cartas espec\u00edficas de la banda que te permitir\u00e1n dominar su poder en combate.<br \/>\n\u2013 2 tableros de juego desplegables de doble cara que puedes usar para crear tus campos de batalla.<br \/>\n\u2013 Fichas y marcadores de Warhammer Underworlds, que incluyen marcadores de objetivo, de herida, de gloria y muchos m\u00e1s.<br \/>\n\u2013 8 dados: 5 dados de ataque y 3 dados de defensa, \u00a1suficientes para los ataques m\u00e1s devastadores y las defensas m\u00e1s desesperadas!<\/p>\n","protected":false},"excerpt":{"rendered":"<p>Boardgame.<\/p>\n","protected":false},"featured_media":57608,"template":"","meta":{"_acf_changed":false},"product_brand":[],"product_cat":[1400,1180,1623,1426],"product_tag":[1710,1650,1264,1760,1179,1280],"class_list":{"0":"post-57614","1":"product","2":"type-product","3":"status-publish","4":"has-post-thumbnail","6":"product_cat-fantasia","7":"product_cat-retail-products-es","8":"product_cat-wargames-es-2","9":"product_cat-whu-spire-es","10":"product_tag-aos-es","11":"product_tag-beastgrave-es","12":"product_tag-boardgame-es","13":"product_tag-direchasm-es","14":"product_tag-gamesworkshop-es","15":"product_tag-juego-de-mesa-es","17":"first","18":"onbackorder","19":"sale","20":"taxable","21":"shipping-taxable","22":"purchasable","23":"product-type-simple"},"exclude_global_add_ons":[],"addons":[],"acf":[],"_links":{"self":[{"href":"https:\/\/www.customeeple.com\/es\/wp-json\/wp\/v2\/product\/57614","targetHints":{"allow":["GET"]}}],"collection":[{"href":"https:\/\/www.customeeple.com\/es\/wp-json\/wp\/v2\/product"}],"about":[{"href":"https:\/\/www.customeeple.com\/es\/wp-json\/wp\/v2\/types\/product"}],"wp:featuredmedia":[{"embeddable":true,"href":"https:\/\/www.customeeple.com\/es\/wp-json\/wp\/v2\/media\/57608"}],"wp:attachment":[{"href":"https:\/\/www.customeeple.com\/es\/wp-json\/wp\/v2\/media?parent=57614"}],"wp:term":[{"taxonomy":"product_brand","embeddable":true,"href":"https:\/\/www.customeeple.com\/es\/wp-json\/wp\/v2\/product_brand?post=57614"},{"taxonomy":"product_cat","embeddable":true,"href":"https:\/\/www.customeeple.com\/es\/wp-json\/wp\/v2\/product_cat?post=57614"},{"taxonomy":"product_tag","embeddable":true,"href":"https:\/\/www.customeeple.com\/es\/wp-json\/wp\/v2\/product_tag?post=57614"}],"curies":[{"name":"wp","href":"https:\/\/api.w.org\/{rel}","templated":true}]}}