{"id":57492,"date":"2021-04-03T12:59:56","date_gmt":"2021-04-03T11:59:56","guid":{"rendered":"https:\/\/www.customeeple.com\/?post_type=product&#038;p=57492"},"modified":"2023-11-18T00:00:08","modified_gmt":"2023-11-17T23:00:08","slug":"shrine-luminor","status":"publish","type":"product","link":"https:\/\/www.customeeple.com\/es\/producto\/shrine-luminor\/","title":{"rendered":"Lumineth Realm-lords: Shrine Luminor"},"content":{"rendered":"<p>Los Shrines Luminor, transportados sobre metalita rica en piedra del reino, flotan con gracilidad sobre el suelo y son los bastiones purificadores en el tumultuoso mundo que ha dejado tras de s\u00ed la Era del Caos.<\/p>\n<p>Tus h\u00e9roes se podr\u00e1n beneficiar de la fortaleza de estos monumentos y t\u00fa podr\u00e1s aprovechar las ventajas para tus ej\u00e9rcitos, tanto para tus magos como para tus comandantes. Utiliza tu Guardi\u00e1n del santuario para canalizar el poder de la metalita y lanza las bonificaciones por invocaci\u00f3n bien lejos.<\/p>\n<p>En el interior de esta caja encontrar\u00e1s 36 piezas de pl\u00e1stico, con las que puedes montar un elemento de escenograf\u00eda Shrine Luminor.<\/p>\n<p>&nbsp;<\/p>\n","protected":false},"excerpt":{"rendered":"<p>Games Workshop accesories.<\/p>\n","protected":false},"featured_media":57440,"template":"","meta":{"_acf_changed":false},"product_brand":[],"product_cat":[926,1400,1177,1180,1623,1654],"product_tag":[1178,1710,1179,1876],"class_list":{"0":"post-57492","1":"product","2":"type-product","3":"status-publish","4":"has-post-thumbnail","6":"product_cat-escenografia-es-2","7":"product_cat-fantasia","8":"product_cat-games-workshop-es","9":"product_cat-retail-products-es","10":"product_cat-wargames-es-2","11":"product_cat-warhammer-age-of-sigmar-es-2","12":"product_tag-ageofsigmar-es","13":"product_tag-aos-es","14":"product_tag-gamesworkshop-es","15":"product_tag-lumineth-es","17":"first","18":"onbackorder","19":"sale","20":"taxable","21":"shipping-taxable","22":"purchasable","23":"product-type-simple"},"exclude_global_add_ons":[],"addons":[],"acf":[],"_links":{"self":[{"href":"https:\/\/www.customeeple.com\/es\/wp-json\/wp\/v2\/product\/57492","targetHints":{"allow":["GET"]}}],"collection":[{"href":"https:\/\/www.customeeple.com\/es\/wp-json\/wp\/v2\/product"}],"about":[{"href":"https:\/\/www.customeeple.com\/es\/wp-json\/wp\/v2\/types\/product"}],"wp:featuredmedia":[{"embeddable":true,"href":"https:\/\/www.customeeple.com\/es\/wp-json\/wp\/v2\/media\/57440"}],"wp:attachment":[{"href":"https:\/\/www.customeeple.com\/es\/wp-json\/wp\/v2\/media?parent=57492"}],"wp:term":[{"taxonomy":"product_brand","embeddable":true,"href":"https:\/\/www.customeeple.com\/es\/wp-json\/wp\/v2\/product_brand?post=57492"},{"taxonomy":"product_cat","embeddable":true,"href":"https:\/\/www.customeeple.com\/es\/wp-json\/wp\/v2\/product_cat?post=57492"},{"taxonomy":"product_tag","embeddable":true,"href":"https:\/\/www.customeeple.com\/es\/wp-json\/wp\/v2\/product_tag?post=57492"}],"curies":[{"name":"wp","href":"https:\/\/api.w.org\/{rel}","templated":true}]}}