{"id":57488,"date":"2021-04-03T10:38:19","date_gmt":"2021-04-03T09:38:20","guid":{"rendered":"https:\/\/www.customeeple.com\/?post_type=product&#038;p=57488"},"modified":"2024-07-13T00:00:23","modified_gmt":"2024-07-12T23:00:23","slug":"lumineth-realm-lords-lyrior-uthralle-warden-of-ymetrica-vanari-lord-regent-copy","status":"publish","type":"product","link":"https:\/\/www.customeeple.com\/es\/producto\/lumineth-realm-lords-lyrior-uthralle-warden-of-ymetrica-vanari-lord-regent-copy\/","title":{"rendered":"Lumineth Realm-lords: Sevireth, Lord of the Seventh Wind (Hurakan Spirit of the Wind)"},"content":{"rendered":"<p>De los siete vientos sintientes de Hysh, ninguno ha sufrido tanto a manos del Caos como Sevireth. El esp\u00edritu tambi\u00e9n conocido como la Tempestad Roja, que se manifiesta en forma f\u00edsica para defender los Diez Para\u00edsos, busca derribar los monumentos de sus rivales con tormentas de arena m\u00e1gicas mientras dispara una flecha tras otra contra los corazones negros de los invasores del reino.<\/p>\n<p>Tan r\u00e1pido como los vientos abrasadores que recorren los desiertos de Hysh, Sevireth sobrevuela el campo de batalla para eliminar oponentes clave con Enathrai, su arco m\u00e1gico gigante. Los chubascos des\u00e9rticos abrasadores que lo siguen pueden arrancar la carne del hueso y arrasar la esencia m\u00e1gica de los monumentos profanos de los enemigos.<\/p>\n<p>El kit se compone de 26 piezas de pl\u00e1stico, con las que puedes montar un Sevireth, Lord of the Seventh Wind, y viene con 1x peana redonda Citadel de 60 mm.<\/p>\n<p>Alternativamente, esta miniatura puede montarse como un Hurakan Spirit of the Wind.<\/p>\n<p>Los vientos sintientes de Hysh contemplaban furiosos c\u00f3mo los Diez Para\u00edsos eran corrompidos por la presencia del Caos, pero los Lumineth les dieron un objetivo, y decidieron luchar en defensa de su hogar. Con flechas arcanas y tormentas de esquirlas rocosas, avanzan por el campo de batalla como torbellinos para matar a los agentes del desorden.<\/p>\n<p>R\u00e1pidos como el rayo y armados con el arco de la venganza del viento, los Hurakan Spirits of the Wind son casi imposibles de alcanzar, y disparan con punter\u00eda certera mientras se mueven. La combinaci\u00f3n de velocidad y poder\u00edo los convierte en la elecci\u00f3n perfecta para contrarrestar a las miniaturas m\u00e1s fuertes del enemigo, sean infanter\u00eda de \u00e9lite o h\u00e9roes legendarios.<\/p>\n","protected":false},"excerpt":{"rendered":"<p>Games Workshop accesories.<\/p>\n","protected":false},"featured_media":57450,"template":"","meta":{"_acf_changed":false},"product_brand":[],"product_cat":[1400,1177,1180,1623,1654],"product_tag":[1535,1710,1179,1876],"class_list":{"0":"post-57488","1":"product","2":"type-product","3":"status-publish","4":"has-post-thumbnail","6":"product_cat-fantasia","7":"product_cat-games-workshop-es","8":"product_cat-retail-products-es","9":"product_cat-wargames-es-2","10":"product_cat-warhammer-age-of-sigmar-es-2","11":"product_tag-age-of-sigmar-es","12":"product_tag-aos-es","13":"product_tag-gamesworkshop-es","14":"product_tag-lumineth-es","16":"first","17":"onbackorder","18":"sale","19":"taxable","20":"shipping-taxable","21":"purchasable","22":"product-type-simple"},"exclude_global_add_ons":[],"addons":[],"acf":[],"_links":{"self":[{"href":"https:\/\/www.customeeple.com\/es\/wp-json\/wp\/v2\/product\/57488","targetHints":{"allow":["GET"]}}],"collection":[{"href":"https:\/\/www.customeeple.com\/es\/wp-json\/wp\/v2\/product"}],"about":[{"href":"https:\/\/www.customeeple.com\/es\/wp-json\/wp\/v2\/types\/product"}],"wp:featuredmedia":[{"embeddable":true,"href":"https:\/\/www.customeeple.com\/es\/wp-json\/wp\/v2\/media\/57450"}],"wp:attachment":[{"href":"https:\/\/www.customeeple.com\/es\/wp-json\/wp\/v2\/media?parent=57488"}],"wp:term":[{"taxonomy":"product_brand","embeddable":true,"href":"https:\/\/www.customeeple.com\/es\/wp-json\/wp\/v2\/product_brand?post=57488"},{"taxonomy":"product_cat","embeddable":true,"href":"https:\/\/www.customeeple.com\/es\/wp-json\/wp\/v2\/product_cat?post=57488"},{"taxonomy":"product_tag","embeddable":true,"href":"https:\/\/www.customeeple.com\/es\/wp-json\/wp\/v2\/product_tag?post=57488"}],"curies":[{"name":"wp","href":"https:\/\/api.w.org\/{rel}","templated":true}]}}