{"id":57480,"date":"2021-04-03T09:10:38","date_gmt":"2021-04-03T08:10:38","guid":{"rendered":"https:\/\/www.customeeple.com\/?post_type=product&#038;p=57480"},"modified":"2021-04-03T10:14:09","modified_gmt":"2021-04-03T09:14:09","slug":"vanari-starshard-ballista","status":"publish","type":"product","link":"https:\/\/www.customeeple.com\/es\/producto\/vanari-starshard-ballista\/","title":{"rendered":"Lumineth Realm-lords: Vanari Starshard Ballista"},"content":{"rendered":"<p>Construidas con madera on\u00edrica, flexible pero extremadamente fuerte, las Vanari Starshard Ballistas son la m\u00e1quina de artiller\u00eda principal de los Lumineth Realm-lords. Disparan un par de virotes largos y perfectamente equilibrados al un\u00edsono, y el destello de luz que acompa\u00f1a sus impactos deslumbra y desorienta a quienes sus puntas afilad\u00edsimas no matan de inmediato.<\/p>\n<p>Estos lanzavirotes certeros son perfectos para eliminar unidades clave, y usan sus halcones mensajeros para mejorar la precisi\u00f3n contra los enemigos que est\u00e1n cerca de tus h\u00e9roes. Su largo alcance las hace ideales para mantenerse lejos de la refriega y enviar mejor una tormenta de proyectiles contra tus oponentes.<\/p>\n<p>El kit se compone de 47 piezas de pl\u00e1stico, con las que puedes montar una Vanari Starshard Ballista con su dotaci\u00f3n, y viene con 1x peana redonda Citadel de 80 mm.<\/p>\n","protected":false},"excerpt":{"rendered":"<p>Games Workshop boardgame.<\/p>\n","protected":false},"featured_media":57454,"template":"","meta":{"_acf_changed":false},"product_brand":[],"product_cat":[1400,1177,1180,1623,1654],"product_tag":[1535,1710,1264,1179,1876,785],"class_list":{"0":"post-57480","1":"product","2":"type-product","3":"status-publish","4":"has-post-thumbnail","6":"product_cat-fantasia","7":"product_cat-games-workshop-es","8":"product_cat-retail-products-es","9":"product_cat-wargames-es-2","10":"product_cat-warhammer-age-of-sigmar-es-2","11":"product_tag-age-of-sigmar-es","12":"product_tag-aos-es","13":"product_tag-boardgame-es","14":"product_tag-gamesworkshop-es","15":"product_tag-lumineth-es","16":"product_tag-wargame-es-2","17":"pa_language-in","18":"pa_language-spanish","20":"first","21":"onbackorder","22":"sale","23":"taxable","24":"shipping-taxable","25":"purchasable","26":"product-type-simple"},"exclude_global_add_ons":[],"addons":[],"acf":[],"_links":{"self":[{"href":"https:\/\/www.customeeple.com\/es\/wp-json\/wp\/v2\/product\/57480","targetHints":{"allow":["GET"]}}],"collection":[{"href":"https:\/\/www.customeeple.com\/es\/wp-json\/wp\/v2\/product"}],"about":[{"href":"https:\/\/www.customeeple.com\/es\/wp-json\/wp\/v2\/types\/product"}],"wp:featuredmedia":[{"embeddable":true,"href":"https:\/\/www.customeeple.com\/es\/wp-json\/wp\/v2\/media\/57454"}],"wp:attachment":[{"href":"https:\/\/www.customeeple.com\/es\/wp-json\/wp\/v2\/media?parent=57480"}],"wp:term":[{"taxonomy":"product_brand","embeddable":true,"href":"https:\/\/www.customeeple.com\/es\/wp-json\/wp\/v2\/product_brand?post=57480"},{"taxonomy":"product_cat","embeddable":true,"href":"https:\/\/www.customeeple.com\/es\/wp-json\/wp\/v2\/product_cat?post=57480"},{"taxonomy":"product_tag","embeddable":true,"href":"https:\/\/www.customeeple.com\/es\/wp-json\/wp\/v2\/product_tag?post=57480"}],"curies":[{"name":"wp","href":"https:\/\/api.w.org\/{rel}","templated":true}]}}