{"id":57474,"date":"2021-04-03T09:53:03","date_gmt":"2021-04-03T08:53:03","guid":{"rendered":"https:\/\/www.customeeple.com\/?post_type=product&#038;p=57474"},"modified":"2023-11-18T00:00:07","modified_gmt":"2023-11-17T23:00:07","slug":"ellania-and-ellathor-eclipsian-warsages","status":"publish","type":"product","link":"https:\/\/www.customeeple.com\/es\/producto\/ellania-and-ellathor-eclipsian-warsages\/","title":{"rendered":"Lumineth Realm-lords: Ellania y Ellathor, Eclipsian Warsages"},"content":{"rendered":"<p>Ellania y Ellathor son dos pr\u00f3digos gemelos que ejemplifican las filosofias teclianas y tyri\u00f3nicas ostentadas por los Lumineth. Esta pareja de hermanos ya ha demostrado habilidades sin parang\u00f3n a pesar de tener tan solo 50 a\u00f1os de edad. Desafortunadamente, su trayectoria mete\u00f3rica les ha grangeado tantos enemigos como amigos, y ahora deambulan por los Reinos Mortales luchando junto con las muchas fuerzas del Orden en su misi\u00f3n de expandir la causa de la justicia y la ilustraci\u00f3n.<\/p>\n<p>Estos gemelos, disponibles como aliados para todas las fuerzas del Orden, combinan una prodigiosa habilidad f\u00edsica y m\u00e1gica, lo que les permite combinar sin fisuras poderosos hechizos y combate cuerpo a cuerpo. La espada divina Altairi y el b\u00e1culo divino Dianaer hace que dar apoyo a tus aliados y destruir a tus enemigos sea rid\u00edculamente f\u00e1cil con estos h\u00e9roes Lumineth.<\/p>\n<p>En el interior de esta caja encontrar\u00e1s 12 piezas de pl\u00e1stico, con los que puedes montar 1 Ellania y 1 Ellathor, Eclipsian Warsages, as\u00ed como 1 peana Citadel redonda de 40 mm.<\/p>\n","protected":false},"excerpt":{"rendered":"<p>Games Workshop miniatures.<\/p>\n","protected":false},"featured_media":57444,"template":"","meta":{"_acf_changed":false},"product_brand":[],"product_cat":[1400,1177,1180,1654],"product_tag":[1535,1710,1179,1876],"class_list":{"0":"post-57474","1":"product","2":"type-product","3":"status-publish","4":"has-post-thumbnail","6":"product_cat-fantasia","7":"product_cat-games-workshop-es","8":"product_cat-retail-products-es","9":"product_cat-warhammer-age-of-sigmar-es-2","10":"product_tag-age-of-sigmar-es","11":"product_tag-aos-es","12":"product_tag-gamesworkshop-es","13":"product_tag-lumineth-es","15":"first","16":"onbackorder","17":"sale","18":"taxable","19":"shipping-taxable","20":"purchasable","21":"product-type-simple"},"exclude_global_add_ons":[],"addons":[],"acf":[],"_links":{"self":[{"href":"https:\/\/www.customeeple.com\/es\/wp-json\/wp\/v2\/product\/57474","targetHints":{"allow":["GET"]}}],"collection":[{"href":"https:\/\/www.customeeple.com\/es\/wp-json\/wp\/v2\/product"}],"about":[{"href":"https:\/\/www.customeeple.com\/es\/wp-json\/wp\/v2\/types\/product"}],"wp:featuredmedia":[{"embeddable":true,"href":"https:\/\/www.customeeple.com\/es\/wp-json\/wp\/v2\/media\/57444"}],"wp:attachment":[{"href":"https:\/\/www.customeeple.com\/es\/wp-json\/wp\/v2\/media?parent=57474"}],"wp:term":[{"taxonomy":"product_brand","embeddable":true,"href":"https:\/\/www.customeeple.com\/es\/wp-json\/wp\/v2\/product_brand?post=57474"},{"taxonomy":"product_cat","embeddable":true,"href":"https:\/\/www.customeeple.com\/es\/wp-json\/wp\/v2\/product_cat?post=57474"},{"taxonomy":"product_tag","embeddable":true,"href":"https:\/\/www.customeeple.com\/es\/wp-json\/wp\/v2\/product_tag?post=57474"}],"curies":[{"name":"wp","href":"https:\/\/api.w.org\/{rel}","templated":true}]}}