{"id":57470,"date":"2021-04-03T09:37:47","date_gmt":"2021-04-03T08:37:48","guid":{"rendered":"https:\/\/www.customeeple.com\/?post_type=product&#038;p=57470"},"modified":"2022-03-19T00:00:32","modified_gmt":"2022-03-18T23:00:32","slug":"vanari-bannerblade","status":"publish","type":"product","link":"https:\/\/www.customeeple.com\/es\/producto\/vanari-bannerblade\/","title":{"rendered":"Vanari Bannerblade"},"content":{"rendered":"<p>Los Bannerblades portan majestuosos estandartes a la batalla a la cabeza de una hueste Vanari, y son honrados campeones de los Lumineth a los que se les conf\u00eda el deber sagrado de defender los estandartes encantados en el fragor del combate. Estos estandartes son artefactos m\u00e1gicos bendecidos por cada uno de los cuatro templos aelementiri, y personifican el equilibrio que buscan todos los Realm-lords.<\/p>\n<p>Los Estandartes del Mundo, casi ingr\u00e1vidos, son poderosos focos de inspiraci\u00f3n para los Lumineth, que se envalentonan al combatir en su presencia. Tal es el poder m\u00e1gico de estos estandartes que se puede desatar de ellos la esencia del albor hyshiano para cegar y abrasar a cualquier enemigo que pose los ojos en \u00e9l.<\/p>\n<p>El kit se compone de 12 piezas de pl\u00e1stico con las que puedes montar un Vanari Bannerblade, y viene con 1x peana redonda Citadel de 40 mm.<\/p>\n","protected":false},"excerpt":{"rendered":"<p>Games Workshop<\/p>\n","protected":false},"featured_media":57456,"template":"","meta":{"_acf_changed":false},"product_brand":[],"product_cat":[1400,1177,1180,1623,1654],"product_tag":[1535,1710,1179,1876,785],"class_list":{"0":"post-57470","1":"product","2":"type-product","3":"status-publish","4":"has-post-thumbnail","6":"product_cat-fantasia","7":"product_cat-games-workshop-es","8":"product_cat-retail-products-es","9":"product_cat-wargames-es-2","10":"product_cat-warhammer-age-of-sigmar-es-2","11":"product_tag-age-of-sigmar-es","12":"product_tag-aos-es","13":"product_tag-gamesworkshop-es","14":"product_tag-lumineth-es","15":"product_tag-wargame-es-2","17":"first","18":"onbackorder","19":"taxable","20":"shipping-taxable","21":"purchasable","22":"product-type-simple"},"exclude_global_add_ons":[],"addons":[],"acf":[],"_links":{"self":[{"href":"https:\/\/www.customeeple.com\/es\/wp-json\/wp\/v2\/product\/57470","targetHints":{"allow":["GET"]}}],"collection":[{"href":"https:\/\/www.customeeple.com\/es\/wp-json\/wp\/v2\/product"}],"about":[{"href":"https:\/\/www.customeeple.com\/es\/wp-json\/wp\/v2\/types\/product"}],"wp:featuredmedia":[{"embeddable":true,"href":"https:\/\/www.customeeple.com\/es\/wp-json\/wp\/v2\/media\/57456"}],"wp:attachment":[{"href":"https:\/\/www.customeeple.com\/es\/wp-json\/wp\/v2\/media?parent=57470"}],"wp:term":[{"taxonomy":"product_brand","embeddable":true,"href":"https:\/\/www.customeeple.com\/es\/wp-json\/wp\/v2\/product_brand?post=57470"},{"taxonomy":"product_cat","embeddable":true,"href":"https:\/\/www.customeeple.com\/es\/wp-json\/wp\/v2\/product_cat?post=57470"},{"taxonomy":"product_tag","embeddable":true,"href":"https:\/\/www.customeeple.com\/es\/wp-json\/wp\/v2\/product_tag?post=57470"}],"curies":[{"name":"wp","href":"https:\/\/api.w.org\/{rel}","templated":true}]}}