{"id":57387,"date":"2021-03-25T13:38:05","date_gmt":"2021-03-25T12:38:05","guid":{"rendered":"https:\/\/www.customeeple.com\/?post_type=product&#038;p=57387"},"modified":"2022-09-29T23:06:26","modified_gmt":"2022-09-29T22:06:26","slug":"green-stuff-2019","status":"publish","type":"product","link":"https:\/\/www.customeeple.com\/es\/producto\/green-stuff-2019\/","title":{"rendered":"TAP: Masilla Verde"},"content":{"rendered":"<p id=\"tw-target-text\" class=\"tw-data-text tw-text-large XcVN5d tw-ta\" dir=\"ltr\" data-placeholder=\"Traducci\u00f3n\"><span lang=\"es\">Los fabricantes de modelos y aficionados utilizan la Kneadatite original (mejor conocida como Masilla Verde) para realizar conversiones, rellenar l\u00edneas de moldes y esculpir miniaturas.<\/span><\/p>\n<p class=\"tw-data-text tw-text-large XcVN5d tw-ta\" dir=\"ltr\" data-placeholder=\"Traducci\u00f3n\"><span lang=\"es\">&#8211; EXCELENTE PARA AGREGAR PIEZAS PEQUE\u00d1AS O OCULTAR L\u00cdNEAS DE MOLDE <\/span><\/p>\n<p class=\"tw-data-text tw-text-large XcVN5d tw-ta\" dir=\"ltr\" data-placeholder=\"Traducci\u00f3n\"><span lang=\"es\">&#8211; ENDURECE CUANDO SE MEZCLAN LOS DOS COMPONENTES <\/span><\/p>\n<p class=\"tw-data-text tw-text-large XcVN5d tw-ta\" dir=\"ltr\" data-placeholder=\"Traducci\u00f3n\"><span lang=\"es\">&#8211; SE PUEDE UTILIZAR CON PEGAMENTO PARA PEGAR COMPONENTES M\u00c1S GRANDES<\/span><\/p>\n","protected":false},"excerpt":{"rendered":"<p>Los fabricantes de modelos y aficionados utilizan la Kneadatite original (mejor conocida como Masilla Verde) para realizar conversiones, rellenar l\u00edneas de moldes y esculpir miniaturas. &#8211; EXCELENTE PARA AGREGAR PIEZAS PEQUE\u00d1AS O OCULTAR L\u00cdNEAS DE MOLDE &#8211; ENDURECE CUANDO SE MEZCLAN LOS DOS COMPONENTES &#8211; SE PUEDE UTILIZAR CON PEGAMENTO PARA PEGAR COMPONENTES M\u00c1S GRANDES<\/p>\n","protected":false},"featured_media":57393,"template":"","meta":{"_acf_changed":false},"product_brand":[],"product_cat":[1405,1401,1180],"product_tag":[1722,1723,1721],"class_list":{"0":"post-57387","1":"product","2":"type-product","3":"status-publish","4":"has-post-thumbnail","6":"product_cat-herramientas","7":"product_cat-pintura-y-modelismo","8":"product_cat-retail-products-es","9":"product_tag-tap-es","10":"product_tag-the-army-painter-es","11":"product_tag-tool-es","13":"first","14":"instock","15":"sale","16":"taxable","17":"shipping-taxable","18":"purchasable","19":"product-type-simple"},"exclude_global_add_ons":[],"addons":[],"acf":[],"_links":{"self":[{"href":"https:\/\/www.customeeple.com\/es\/wp-json\/wp\/v2\/product\/57387","targetHints":{"allow":["GET"]}}],"collection":[{"href":"https:\/\/www.customeeple.com\/es\/wp-json\/wp\/v2\/product"}],"about":[{"href":"https:\/\/www.customeeple.com\/es\/wp-json\/wp\/v2\/types\/product"}],"wp:featuredmedia":[{"embeddable":true,"href":"https:\/\/www.customeeple.com\/es\/wp-json\/wp\/v2\/media\/57393"}],"wp:attachment":[{"href":"https:\/\/www.customeeple.com\/es\/wp-json\/wp\/v2\/media?parent=57387"}],"wp:term":[{"taxonomy":"product_brand","embeddable":true,"href":"https:\/\/www.customeeple.com\/es\/wp-json\/wp\/v2\/product_brand?post=57387"},{"taxonomy":"product_cat","embeddable":true,"href":"https:\/\/www.customeeple.com\/es\/wp-json\/wp\/v2\/product_cat?post=57387"},{"taxonomy":"product_tag","embeddable":true,"href":"https:\/\/www.customeeple.com\/es\/wp-json\/wp\/v2\/product_tag?post=57387"}],"curies":[{"name":"wp","href":"https:\/\/api.w.org\/{rel}","templated":true}]}}