{"id":57367,"date":"2021-03-25T13:25:40","date_gmt":"2021-03-25T12:25:40","guid":{"rendered":"https:\/\/www.customeeple.com\/?post_type=product&#038;p=57367"},"modified":"2021-03-25T13:33:56","modified_gmt":"2021-03-25T12:33:56","slug":"miniature-and-model-files-2019","status":"publish","type":"product","link":"https:\/\/www.customeeple.com\/es\/producto\/miniature-and-model-files-2019\/","title":{"rendered":"TAP: Limas para miniaturas"},"content":{"rendered":"<p id=\"tw-target-text\" class=\"tw-data-text tw-text-large XcVN5d tw-ta\" dir=\"ltr\" data-placeholder=\"Traducci\u00f3n\"><span lang=\"es\">Estas limas de diamantes son herramientas extremadamente vers\u00e1tiles para el aficionado. Imprescindible para conversiones personalizadas y limpieza de l\u00edneas de moldes, as\u00ed como para preparar piezas para pegar. <\/span><\/p>\n<p class=\"tw-data-text tw-text-large XcVN5d tw-ta\" dir=\"ltr\" data-placeholder=\"Traducci\u00f3n\"><span lang=\"es\">&#8211; TRABAJA SOBRE SUPERFICIES DE PL\u00c1STICO, RESINA O METAL <\/span><\/p>\n<p class=\"tw-data-text tw-text-large XcVN5d tw-ta\" dir=\"ltr\" data-placeholder=\"Traducci\u00f3n\"><span lang=\"es\">&#8211; \u00a13 TIPOS DIFERENTES HACEN CUALQUIER TRABAJO! <\/span><\/p>\n<p class=\"tw-data-text tw-text-large XcVN5d tw-ta\" dir=\"ltr\" data-placeholder=\"Traducci\u00f3n\"><span lang=\"es\">&#8211; LIMAS DE DIAMANTE DE ALTA CALIDAD<\/span><\/p>\n","protected":false},"excerpt":{"rendered":"<p>Estas limas de diamantes son herramientas extremadamente vers\u00e1tiles para el aficionado. Imprescindible para conversiones personalizadas y limpieza de l\u00edneas de moldes, as\u00ed como para preparar piezas para pegar. &#8211; TRABAJA SOBRE SUPERFICIES DE PL\u00c1STICO, RESINA O METAL &#8211; \u00a13 TIPOS DIFERENTES HACEN CUALQUIER TRABAJO! &#8211; LIMAS DE DIAMANTE DE ALTA CALIDAD<\/p>\n","protected":false},"featured_media":57369,"template":"","meta":{"_acf_changed":false},"product_brand":[],"product_cat":[1405,1401,1180],"product_tag":[1722,1723,1721],"class_list":{"0":"post-57367","1":"product","2":"type-product","3":"status-publish","4":"has-post-thumbnail","6":"product_cat-herramientas","7":"product_cat-pintura-y-modelismo","8":"product_cat-retail-products-es","9":"product_tag-tap-es","10":"product_tag-the-army-painter-es","11":"product_tag-tool-es","13":"first","14":"instock","15":"sale","16":"taxable","17":"shipping-taxable","18":"purchasable","19":"product-type-simple"},"exclude_global_add_ons":[],"addons":[],"acf":[],"_links":{"self":[{"href":"https:\/\/www.customeeple.com\/es\/wp-json\/wp\/v2\/product\/57367","targetHints":{"allow":["GET"]}}],"collection":[{"href":"https:\/\/www.customeeple.com\/es\/wp-json\/wp\/v2\/product"}],"about":[{"href":"https:\/\/www.customeeple.com\/es\/wp-json\/wp\/v2\/types\/product"}],"wp:featuredmedia":[{"embeddable":true,"href":"https:\/\/www.customeeple.com\/es\/wp-json\/wp\/v2\/media\/57369"}],"wp:attachment":[{"href":"https:\/\/www.customeeple.com\/es\/wp-json\/wp\/v2\/media?parent=57367"}],"wp:term":[{"taxonomy":"product_brand","embeddable":true,"href":"https:\/\/www.customeeple.com\/es\/wp-json\/wp\/v2\/product_brand?post=57367"},{"taxonomy":"product_cat","embeddable":true,"href":"https:\/\/www.customeeple.com\/es\/wp-json\/wp\/v2\/product_cat?post=57367"},{"taxonomy":"product_tag","embeddable":true,"href":"https:\/\/www.customeeple.com\/es\/wp-json\/wp\/v2\/product_tag?post=57367"}],"curies":[{"name":"wp","href":"https:\/\/api.w.org\/{rel}","templated":true}]}}