{"id":57339,"date":"2021-03-25T13:02:22","date_gmt":"2021-03-25T12:02:22","guid":{"rendered":"https:\/\/www.customeeple.com\/?post_type=product&#038;p=57339"},"modified":"2025-10-02T17:51:38","modified_gmt":"2025-10-02T16:51:38","slug":"precision-side-cutter-2019","status":"publish","type":"product","link":"https:\/\/www.customeeple.com\/es\/producto\/precision-side-cutter-2019\/","title":{"rendered":"TAP: Tenazas de corte lateral de precisi\u00f3n"},"content":{"rendered":"<p id=\"tw-target-text\" class=\"tw-data-text tw-text-large XcVN5d tw-ta\" dir=\"ltr\" data-placeholder=\"Traducci\u00f3n\"><span lang=\"es\">Hecho de acero inoxidable con un mango de agarre de seguridad, las tenazas de corte lateral de precisi\u00f3n son perfectas para cortar miniaturas de metal o grandes trozos de resina. Ideal para peque\u00f1os cortes como brazos, cabezas o armas. Tambi\u00e9n se pueden usar para imitar cortes y da\u00f1o en el campo de batalla en miniaturas m\u00e1s grandes. <\/span><\/p>\n<p class=\"tw-data-text tw-text-large XcVN5d tw-ta\" dir=\"ltr\" data-placeholder=\"Traducci\u00f3n\"><span lang=\"es\">&#8211; \u00a1PERFECTO PARA MINIATURAS DE METAL Y RESINA! &#8211; \u00a1PRECISO Y AFILADO! <\/span><\/p>\n<p class=\"tw-data-text tw-text-large XcVN5d tw-ta\" dir=\"ltr\" data-placeholder=\"Traducci\u00f3n\"><span lang=\"es\">&#8211; ASA DE SEGURIDAD QUE GARANTIZA UN FUERTE AGARRE<\/span><\/p>\n","protected":false},"excerpt":{"rendered":"<p>Hecho de acero inoxidable con un mango de agarre de seguridad, las tenazas de corte lateral de precisi\u00f3n son perfectas para cortar miniaturas de metal o grandes trozos de resina. Ideal para peque\u00f1os cortes como brazos, cabezas o armas. Tambi\u00e9n se pueden usar para imitar cortes y da\u00f1o en el campo de batalla en miniaturas [&hellip;]<\/p>\n","protected":false},"featured_media":57337,"template":"","meta":{"_acf_changed":false},"product_brand":[],"product_cat":[1405,1401,1180],"product_tag":[1722,1723,1721],"class_list":{"0":"post-57339","1":"product","2":"type-product","3":"status-publish","4":"has-post-thumbnail","6":"product_cat-herramientas","7":"product_cat-pintura-y-modelismo","8":"product_cat-retail-products-es","9":"product_tag-tap-es","10":"product_tag-the-army-painter-es","11":"product_tag-tool-es","13":"first","14":"instock","15":"sale","16":"taxable","17":"shipping-taxable","18":"purchasable","19":"product-type-simple"},"exclude_global_add_ons":[],"addons":[],"acf":[],"_links":{"self":[{"href":"https:\/\/www.customeeple.com\/es\/wp-json\/wp\/v2\/product\/57339","targetHints":{"allow":["GET"]}}],"collection":[{"href":"https:\/\/www.customeeple.com\/es\/wp-json\/wp\/v2\/product"}],"about":[{"href":"https:\/\/www.customeeple.com\/es\/wp-json\/wp\/v2\/types\/product"}],"wp:featuredmedia":[{"embeddable":true,"href":"https:\/\/www.customeeple.com\/es\/wp-json\/wp\/v2\/media\/57337"}],"wp:attachment":[{"href":"https:\/\/www.customeeple.com\/es\/wp-json\/wp\/v2\/media?parent=57339"}],"wp:term":[{"taxonomy":"product_brand","embeddable":true,"href":"https:\/\/www.customeeple.com\/es\/wp-json\/wp\/v2\/product_brand?post=57339"},{"taxonomy":"product_cat","embeddable":true,"href":"https:\/\/www.customeeple.com\/es\/wp-json\/wp\/v2\/product_cat?post=57339"},{"taxonomy":"product_tag","embeddable":true,"href":"https:\/\/www.customeeple.com\/es\/wp-json\/wp\/v2\/product_tag?post=57339"}],"curies":[{"name":"wp","href":"https:\/\/api.w.org\/{rel}","templated":true}]}}