{"id":57328,"date":"2021-03-25T12:50:38","date_gmt":"2021-03-25T11:50:38","guid":{"rendered":"https:\/\/www.customeeple.com\/?post_type=product&#038;p=57328"},"modified":"2024-12-10T00:50:42","modified_gmt":"2024-12-09T23:50:42","slug":"tap-mixing-balls","status":"publish","type":"product","link":"https:\/\/www.customeeple.com\/es\/producto\/tap-mixing-balls\/","title":{"rendered":"TAP: Bolas de acero para mezclar"},"content":{"rendered":"<p id=\"tw-target-text\" class=\"tw-data-text tw-text-large XcVN5d tw-ta\" dir=\"ltr\" data-placeholder=\"Traducci\u00f3n\"><span lang=\"es\">Pigmento pesado, pintura vieja o una combinaci\u00f3n de los mismos: las bolas mezcladoras har\u00e1n que tus pinturas vuelvan a ser perfectas. Estas bolas de acero inoxidable de alta calidad de 5,5 mm mezclar\u00e1n el medio y el pigmento a la perfecci\u00f3n, con unas pocas sacudidas de la botella de pintura. <\/span><\/p>\n<p class=\"tw-data-text tw-text-large XcVN5d tw-ta\" dir=\"ltr\" data-placeholder=\"Traducci\u00f3n\"><span lang=\"es\">&#8211; ACERO INOXIDABLE DE 5,5 MM DE DI\u00c1METRO <\/span><\/p>\n<p class=\"tw-data-text tw-text-large XcVN5d tw-ta\" dir=\"ltr\" data-placeholder=\"Traducci\u00f3n\"><span lang=\"es\">&#8211; \u00a1100 BOLAS!<\/span><\/p>\n","protected":false},"excerpt":{"rendered":"<p>Pigmento pesado, pintura vieja o una combinaci\u00f3n de los mismos: las bolas mezcladoras har\u00e1n que tus pinturas vuelvan a ser perfectas. Estas bolas de acero inoxidable de alta calidad de 5,5 mm mezclar\u00e1n el medio y el pigmento a la perfecci\u00f3n, con unas pocas sacudidas de la botella de pintura. &#8211; ACERO INOXIDABLE DE 5,5 [&hellip;]<\/p>\n","protected":false},"featured_media":57324,"template":"","meta":{"_acf_changed":false},"product_brand":[],"product_cat":[1405,1401,1180],"product_tag":[1722,1723,1721],"class_list":{"0":"post-57328","1":"product","2":"type-product","3":"status-publish","4":"has-post-thumbnail","6":"product_cat-herramientas","7":"product_cat-pintura-y-modelismo","8":"product_cat-retail-products-es","9":"product_tag-tap-es","10":"product_tag-the-army-painter-es","11":"product_tag-tool-es","13":"first","14":"instock","15":"sale","16":"taxable","17":"shipping-taxable","18":"purchasable","19":"product-type-simple"},"exclude_global_add_ons":[],"addons":[],"acf":[],"_links":{"self":[{"href":"https:\/\/www.customeeple.com\/es\/wp-json\/wp\/v2\/product\/57328","targetHints":{"allow":["GET"]}}],"collection":[{"href":"https:\/\/www.customeeple.com\/es\/wp-json\/wp\/v2\/product"}],"about":[{"href":"https:\/\/www.customeeple.com\/es\/wp-json\/wp\/v2\/types\/product"}],"wp:featuredmedia":[{"embeddable":true,"href":"https:\/\/www.customeeple.com\/es\/wp-json\/wp\/v2\/media\/57324"}],"wp:attachment":[{"href":"https:\/\/www.customeeple.com\/es\/wp-json\/wp\/v2\/media?parent=57328"}],"wp:term":[{"taxonomy":"product_brand","embeddable":true,"href":"https:\/\/www.customeeple.com\/es\/wp-json\/wp\/v2\/product_brand?post=57328"},{"taxonomy":"product_cat","embeddable":true,"href":"https:\/\/www.customeeple.com\/es\/wp-json\/wp\/v2\/product_cat?post=57328"},{"taxonomy":"product_tag","embeddable":true,"href":"https:\/\/www.customeeple.com\/es\/wp-json\/wp\/v2\/product_tag?post=57328"}],"curies":[{"name":"wp","href":"https:\/\/api.w.org\/{rel}","templated":true}]}}