{"id":57317,"date":"2021-03-25T12:20:41","date_gmt":"2021-03-25T11:20:41","guid":{"rendered":"https:\/\/www.customeeple.com\/?post_type=product&#038;p=57317"},"modified":"2021-03-25T12:56:09","modified_gmt":"2021-03-25T11:56:09","slug":"tweezers-set-2019","status":"publish","type":"product","link":"https:\/\/www.customeeple.com\/es\/producto\/tweezers-set-2019\/","title":{"rendered":"TAP: Set de pinzas para modelismo"},"content":{"rendered":"<p class=\"western\">\nLas pinzas son una herramienta muy \u00fatil para montar miniaturas y manipular peque\u00f1os componentes, especialmente para pegar, convertir o manipular calcas.<\/p>\n<p class=\"western\">&#8211; PEGAMENTO CON PERFECTA PRECISI\u00d3N Y CONTROL<\/p>\n<p class=\"western\">&#8211; 2 TIPOS DIFERENTES PARA CUALQUIER TAREA<\/p>\n","protected":false},"excerpt":{"rendered":"<p>Las pinzas son una herramienta muy \u00fatil para montar miniaturas y manipular peque\u00f1os componentes, especialmente para pegar, convertir o manipular calcas. &#8211; PEGAMENTO CON PERFECTA PRECISI\u00d3N Y CONTROL &#8211; 2 TIPOS DIFERENTES PARA CUALQUIER TAREA<\/p>\n","protected":false},"featured_media":57315,"template":"","meta":{"_acf_changed":false},"product_brand":[],"product_cat":[1405,1401,1180],"product_tag":[1722,1723,1721],"class_list":{"0":"post-57317","1":"product","2":"type-product","3":"status-publish","4":"has-post-thumbnail","6":"product_cat-herramientas","7":"product_cat-pintura-y-modelismo","8":"product_cat-retail-products-es","9":"product_tag-tap-es","10":"product_tag-the-army-painter-es","11":"product_tag-tool-es","13":"first","14":"onbackorder","15":"sale","16":"taxable","17":"shipping-taxable","18":"purchasable","19":"product-type-simple"},"exclude_global_add_ons":[],"addons":[],"acf":[],"_links":{"self":[{"href":"https:\/\/www.customeeple.com\/es\/wp-json\/wp\/v2\/product\/57317","targetHints":{"allow":["GET"]}}],"collection":[{"href":"https:\/\/www.customeeple.com\/es\/wp-json\/wp\/v2\/product"}],"about":[{"href":"https:\/\/www.customeeple.com\/es\/wp-json\/wp\/v2\/types\/product"}],"wp:featuredmedia":[{"embeddable":true,"href":"https:\/\/www.customeeple.com\/es\/wp-json\/wp\/v2\/media\/57315"}],"wp:attachment":[{"href":"https:\/\/www.customeeple.com\/es\/wp-json\/wp\/v2\/media?parent=57317"}],"wp:term":[{"taxonomy":"product_brand","embeddable":true,"href":"https:\/\/www.customeeple.com\/es\/wp-json\/wp\/v2\/product_brand?post=57317"},{"taxonomy":"product_cat","embeddable":true,"href":"https:\/\/www.customeeple.com\/es\/wp-json\/wp\/v2\/product_cat?post=57317"},{"taxonomy":"product_tag","embeddable":true,"href":"https:\/\/www.customeeple.com\/es\/wp-json\/wp\/v2\/product_tag?post=57317"}],"curies":[{"name":"wp","href":"https:\/\/api.w.org\/{rel}","templated":true}]}}