{"id":57251,"date":"2021-03-23T13:07:58","date_gmt":"2021-03-23T12:07:58","guid":{"rendered":"https:\/\/www.customeeple.com\/?post_type=product&#038;p=57251"},"modified":"2026-03-25T11:54:53","modified_gmt":"2026-03-25T10:54:53","slug":"kabalite-warriors","status":"publish","type":"product","link":"https:\/\/www.customeeple.com\/es\/producto\/kabalite-warriors\/","title":{"rendered":"Drukhari Kabalite Warriors"},"content":{"rendered":"<p>Los Kabalite Warriors forman el palpitante coraz\u00f3n de cada fuerza de ataque de los Drukhari. Son los m\u00e1s crueles y voraces de su casta, hambrientos de poder y sedientos del sufrimiento de los dem\u00e1s. Los Kabalite Warriors son soldados despiadados, liderados al combate por un Sybarites, los maestros en el arte de la guerra.<\/p>\n<p>Esta caja contiene 10 Kabalite Warriors de pl\u00e1stico multicomponente. Esta caja compuesta por 102 componentes contiene cinco pares de piernas y 15 cabezas diferentes (5 descubiertas y 10 con casco), 10 cuerpos (con tres variantes de cuerpo de hombre y tres de mujer), y muchos m\u00e1s componentes adicionales. Tambi\u00e9n contiene un desgarrador, un bl\u00e1ster, un ca\u00f1\u00f3n cristalino, una lanza oscura, una pistola bl\u00e1ster y un agonizador. Las miniaturas se suministran en peanas redondas de 25mm.<\/p>\n<p>bases.<\/p>\n","protected":false},"excerpt":{"rendered":"<p>Games Workshop miniatures.<\/p>\n","protected":false},"featured_media":57196,"template":"","meta":{"_acf_changed":false},"product_brand":[],"product_cat":[1177,1180,1372,1229],"product_tag":[1868,1866,1179,787],"class_list":{"0":"post-57251","1":"product","2":"type-product","3":"status-publish","4":"has-post-thumbnail","6":"product_cat-games-workshop-es","7":"product_cat-retail-products-es","8":"product_cat-sci-fi-es","9":"product_cat-warhammer-40k-es","10":"product_tag-dark-eldar-es","11":"product_tag-drukhari-es","12":"product_tag-gamesworkshop-es","13":"product_tag-warhammer-40k-es-2","15":"first","16":"onbackorder","17":"sale","18":"taxable","19":"shipping-taxable","20":"purchasable","21":"product-type-simple"},"exclude_global_add_ons":[],"addons":[],"acf":[],"_links":{"self":[{"href":"https:\/\/www.customeeple.com\/es\/wp-json\/wp\/v2\/product\/57251","targetHints":{"allow":["GET"]}}],"collection":[{"href":"https:\/\/www.customeeple.com\/es\/wp-json\/wp\/v2\/product"}],"about":[{"href":"https:\/\/www.customeeple.com\/es\/wp-json\/wp\/v2\/types\/product"}],"wp:featuredmedia":[{"embeddable":true,"href":"https:\/\/www.customeeple.com\/es\/wp-json\/wp\/v2\/media\/57196"}],"wp:attachment":[{"href":"https:\/\/www.customeeple.com\/es\/wp-json\/wp\/v2\/media?parent=57251"}],"wp:term":[{"taxonomy":"product_brand","embeddable":true,"href":"https:\/\/www.customeeple.com\/es\/wp-json\/wp\/v2\/product_brand?post=57251"},{"taxonomy":"product_cat","embeddable":true,"href":"https:\/\/www.customeeple.com\/es\/wp-json\/wp\/v2\/product_cat?post=57251"},{"taxonomy":"product_tag","embeddable":true,"href":"https:\/\/www.customeeple.com\/es\/wp-json\/wp\/v2\/product_tag?post=57251"}],"curies":[{"name":"wp","href":"https:\/\/api.w.org\/{rel}","templated":true}]}}