{"id":57245,"date":"2021-03-23T12:08:50","date_gmt":"2021-03-23T11:08:50","guid":{"rendered":"https:\/\/www.customeeple.com\/?post_type=product&#038;p=57245"},"modified":"2023-02-15T08:30:53","modified_gmt":"2023-02-15T07:30:53","slug":"combat-patrol-drukhari","status":"publish","type":"product","link":"https:\/\/www.customeeple.com\/es\/producto\/combat-patrol-drukhari\/","title":{"rendered":"Combat Patrol: Drukhari"},"content":{"rendered":"<p>Los Drukhari son una raza decadente de atormentadores y asaltantes alien\u00edgenas. Los Drukhari, que una vez formaron parte de un imperio que se extend\u00eda por toda la galaxia, ahora se entregan a todas las pasiones macabras que su inteligencia suprema puede concebir. Se consideran superiores a las dem\u00e1s razas de la galaxia y est\u00e1n aquejados de una enfermedad del alma que solo el sufrimiento de los dem\u00e1s puede colmar. Las filas de los Drukhari est\u00e1n repletas de guerreros \u00e1giles y veloces, cada uno de ellos armado con un armamento dise\u00f1ado para infligir el m\u00e1ximo dolor y, gracias a su aplomo innato, elevan su tortuosa forma de guerra a una horripilante forma de arte.<\/p>\n<p>Lanza tu propia incursi\u00f3n en el espacio real con la Patrulla: Drukhari. El contenido de este set ha sido elegido espec\u00edficamente para proporcionarte una fuerza Drukhari ideal para partidas del tama\u00f1o Patrulla: miniaturas para un nivel de potencia aproximado de 25.<\/p>\n<p><strong>Este set incluye las siguientes unidades de pl\u00e1stico multicomponente:<\/strong><br \/>\n&#8211; 1 Arconte<br \/>\n&#8211; 10 Guerreros Kabalistas<br \/>\n&#8211; 5 \u00cdncubos<br \/>\n&#8211; 1 Expoliador<br \/>\n&#8211; 1 Incursor<\/p>\n<p>Estos kits se suministran con las peanas Citadel adecuadas para sus miniaturas, y tambi\u00e9n se incluye una hoja de calcoman\u00edas Drukhari.<\/p>\n","protected":false},"excerpt":{"rendered":"<p>Games Workshop boardgame.<\/p>\n","protected":false},"featured_media":57190,"template":"","meta":{"_acf_changed":false},"product_brand":[],"product_cat":[1177,1180,1372,1623,1229],"product_tag":[1422,1264,1866,1179,785,787],"class_list":{"0":"post-57245","1":"product","2":"type-product","3":"status-publish","4":"has-post-thumbnail","6":"product_cat-games-workshop-es","7":"product_cat-retail-products-es","8":"product_cat-sci-fi-es","9":"product_cat-wargames-es-2","10":"product_cat-warhammer-40k-es","11":"product_tag-40000-es","12":"product_tag-boardgame-es","13":"product_tag-drukhari-es","14":"product_tag-gamesworkshop-es","15":"product_tag-wargame-es-2","16":"product_tag-warhammer-40k-es-2","18":"first","19":"onbackorder","20":"sale","21":"taxable","22":"shipping-taxable","23":"purchasable","24":"product-type-simple"},"exclude_global_add_ons":[],"addons":[],"acf":[],"_links":{"self":[{"href":"https:\/\/www.customeeple.com\/es\/wp-json\/wp\/v2\/product\/57245","targetHints":{"allow":["GET"]}}],"collection":[{"href":"https:\/\/www.customeeple.com\/es\/wp-json\/wp\/v2\/product"}],"about":[{"href":"https:\/\/www.customeeple.com\/es\/wp-json\/wp\/v2\/types\/product"}],"wp:featuredmedia":[{"embeddable":true,"href":"https:\/\/www.customeeple.com\/es\/wp-json\/wp\/v2\/media\/57190"}],"wp:attachment":[{"href":"https:\/\/www.customeeple.com\/es\/wp-json\/wp\/v2\/media?parent=57245"}],"wp:term":[{"taxonomy":"product_brand","embeddable":true,"href":"https:\/\/www.customeeple.com\/es\/wp-json\/wp\/v2\/product_brand?post=57245"},{"taxonomy":"product_cat","embeddable":true,"href":"https:\/\/www.customeeple.com\/es\/wp-json\/wp\/v2\/product_cat?post=57245"},{"taxonomy":"product_tag","embeddable":true,"href":"https:\/\/www.customeeple.com\/es\/wp-json\/wp\/v2\/product_tag?post=57245"}],"curies":[{"name":"wp","href":"https:\/\/api.w.org\/{rel}","templated":true}]}}