{"id":57238,"date":"2021-03-23T11:52:28","date_gmt":"2021-03-23T10:52:29","guid":{"rendered":"https:\/\/www.customeeple.com\/?post_type=product&#038;p=57238"},"modified":"2021-04-03T10:33:01","modified_gmt":"2021-04-03T09:33:01","slug":"treebeard-mighty-ent","status":"publish","type":"product","link":"https:\/\/www.customeeple.com\/es\/producto\/treebeard-mighty-ent\/","title":{"rendered":"Middle Earth Strategy Battle Game: Treebeard, Mighty Ent"},"content":{"rendered":"<p>Treebeard, el ent m\u00e1s importante de su antigua raza, es inmensamente anciano y ha vagabundeado por los bosques de la Tierra Media desde los albores del mundo. Tras la p\u00e9rdida de las Ent mujeres, a Treebeard le han preocupado poco los acontecimientos ajenos al bosque de Fangorn, para ocuparse de hacer de pastor a los que tiene bajo su cuidado. Si una amenaza llega a Fangorn, indudablemente Treebeard desatar\u00e1 su ira contra ella.<\/p>\n<p>Meriadoc Brandybuck, un Hobbit llamado a menudo Merry, es un conocido alborotador y bromista. M\u00e1s de una vez ha sido responsable de encender los fuegos artificiales de Gandalf, para disgusto del Mago Gris. Sin embargo, Merry est\u00e1 listo para ayudar a Frodo en su b\u00fasqueda y parte de la Comarca hacia una vida llena de aventuras y descubrimientos que lo cambiar\u00e1n para siempre.<\/p>\n<p>Peregrin Took, o Pippin para sus allegados, es un Hobbit despreocupado que disfruta de una vida llena de travesuras junto a su mejor amigo, Merry. Pero cuando Pippin se ofrece como voluntario para ser parte de la Comunidad del Anillo, tiene poca idea de los peligros que se avecinan y del hecho de que a partir de entonces tendr\u00e1 que prescindir de su segundo desayuno.<\/p>\n<p>Treebeard es un l\u00edder natural de la lista de ej\u00e9rcitos de Fangorn, tanto en t\u00e9rminos de la narrativa de la Tierra Media como de su poder casi imparable en el campo de batalla. Puede llevar a Merry y Pippin a la batalla, como lo hizo mientras lideraba la \u00daltima Marcha de los Ents, y el kit incluye la opci\u00f3n de situar a ambos Hobbits sobre las ramas de sus hombros. Merry y Pippin tambi\u00e9n aparecen en el set como miniaturas a pie por derecho propio; de hecho, son un poco m\u00e1s altos de lo normal, ya que recientemente han tomado el bebedizo Ent, \u00a1lo que les ha permitido crecer inusitadamente!<\/p>\n<p>Este kit consta de 63 piezas de pl\u00e1stico con las que puedes montar 1x Treebeard (con o sin las versiones \u00abmontadas\u00bb de Merry y Pippin), 1x Meriadoc Brandybuck a pie y 1x Peregrin Took a pie. Incluye una 1 peana redonda Citadel de 60 mm y 2 peanas redondas Citadel de 25 mm.<\/p>\n<p><em>\u00a9 2021 New Line Productions, Inc. Todos los derechos reservados. El Se\u00f1or de los Anillos: La Comunidad del Anillo, El Se\u00f1or de los Anillos: Las Dos Torres, El Se\u00f1or de los Anillos: El Retorno del Rey y los nombres de los personajes, objetos, eventos y lugares que se mencionan en ellos son marcas registradas de The Saul Zaentz Company d\/b\/a Middle-earth Enterprises bajo licencia de New Line Productions, Inc.<br \/>\n\u00a9 Warner Bros. Entertainment Inc. Todos los derechos reservados. EL HOBBIT: UN VIAJE INESPERADO, EL HOBBIT: LA DESOLACI\u00d3N DE SMAUG, EL HOBBIT: LA BATALLA DE LOS CINCO EJ\u00c9RCITOS y los nombres de los personajes, objetos, eventos y lugares que se mencionan en ellos son marcas registradas de The Saul Zaentz Company d\/b\/a Middle-earth Enterprises bajo licencia de New Line Productions, Inc. (s21)<\/em><\/p>\n","protected":false},"excerpt":{"rendered":"<p>Games Workshop miniatures.<\/p>\n","protected":false},"featured_media":70813,"template":"","meta":{"_acf_changed":false},"product_brand":[],"product_cat":[1177,1555,1180,1554],"product_tag":[1179,1223],"class_list":{"0":"post-57238","1":"product","2":"type-product","3":"status-publish","4":"has-post-thumbnail","6":"product_cat-games-workshop-es","7":"product_cat-miniature-games-es","8":"product_cat-retail-products-es","9":"product_cat-wargames-es","10":"product_tag-gamesworkshop-es","11":"product_tag-spacemarines-es","13":"first","14":"onbackorder","15":"sale","16":"taxable","17":"shipping-taxable","18":"purchasable","19":"product-type-simple"},"exclude_global_add_ons":[],"addons":[],"acf":[],"_links":{"self":[{"href":"https:\/\/www.customeeple.com\/es\/wp-json\/wp\/v2\/product\/57238","targetHints":{"allow":["GET"]}}],"collection":[{"href":"https:\/\/www.customeeple.com\/es\/wp-json\/wp\/v2\/product"}],"about":[{"href":"https:\/\/www.customeeple.com\/es\/wp-json\/wp\/v2\/types\/product"}],"wp:featuredmedia":[{"embeddable":true,"href":"https:\/\/www.customeeple.com\/es\/wp-json\/wp\/v2\/media\/70813"}],"wp:attachment":[{"href":"https:\/\/www.customeeple.com\/es\/wp-json\/wp\/v2\/media?parent=57238"}],"wp:term":[{"taxonomy":"product_brand","embeddable":true,"href":"https:\/\/www.customeeple.com\/es\/wp-json\/wp\/v2\/product_brand?post=57238"},{"taxonomy":"product_cat","embeddable":true,"href":"https:\/\/www.customeeple.com\/es\/wp-json\/wp\/v2\/product_cat?post=57238"},{"taxonomy":"product_tag","embeddable":true,"href":"https:\/\/www.customeeple.com\/es\/wp-json\/wp\/v2\/product_tag?post=57238"}],"curies":[{"name":"wp","href":"https:\/\/api.w.org\/{rel}","templated":true}]}}