{"id":57207,"date":"2021-03-22T13:19:45","date_gmt":"2021-03-22T12:19:45","guid":{"rendered":"https:\/\/www.customeeple.com\/?post_type=product&#038;p=57207"},"modified":"2021-04-03T10:33:21","modified_gmt":"2021-04-03T09:33:21","slug":"military-orders-action-pack","status":"publish","type":"product","link":"https:\/\/www.customeeple.com\/es\/producto\/military-orders-action-pack\/","title":{"rendered":"Military Orders Action Pack"},"content":{"rendered":"<div class=\"accordion md-accordion\">\n<div class=\"card active\">\n<div id=\"mdb-accordion-body-955\" class=\"sb-item-body ng-tns-c89-0 ng-trigger ng-trigger-expandBody\" role=\"region\" aria-labelledby=\"mdb-accordion-head-955\">\n<div class=\"ng-tns-c89-0 card-body\">\n<div class=\"product-description ng-tns-c89-0\">\n<div class=\"product-description ng-tns-c89-0\">\n<p>Las \u00d3rdenes Militares, agrupaciones religiosas de car\u00e1cter castrense, fueron un fen\u00f3meno de la Edad Media que, sorprendentemente, ha resurgido en la Esfera Humana, y con una fuerza equiparable a la de su momento de mayor auge. Estas organizaciones aportan a PanOcean\u00eda una fuerza combate adicional al ej\u00e9rcito de PanOcean\u00eda. Supeditadas al control del Alto Mando panoce\u00e1nico, disponen de cierta libertad de actuaci\u00f3n y se distinguen por sus t\u00e1cticas de asalto que recuerdan las de otros tiempos m\u00e1s sangrientos.<\/p>\n<p>La caja perfecta para empezar a jugar y tu colecci\u00f3n del Ej\u00e9rcito de \u00d3rdenes Militares de PanOcean\u00eda.<\/p>\n<\/div>\n<hr class=\"ng-tns-c89-0\" \/>\n<p class=\"ng-star-inserted\">Caja\u00a0con<\/p>\n<ul class=\"ng-tns-c89-0\">\n<li class=\"ng-star-inserted\">\n<div>2x Crosier\u00a0<span class=\"ng-star-inserted\">(Combi Rifle)<\/span><\/div>\n<\/li>\n<li class=\"ng-star-inserted\">\n<div>1x Crosier\u00a0<span class=\"ng-star-inserted\">(Spitfire)<\/span><\/div>\n<\/li>\n<li class=\"ng-star-inserted\">\n<div>1x Black Friar\u00a0<span class=\"ng-star-inserted\">(Heavy Rocket Launcher)<\/span><\/div>\n<\/li>\n<li class=\"ng-star-inserted\">\n<div>1x Knight Commander\u00a0<span class=\"ng-star-inserted\">(Combi Rifle)<\/span><\/div>\n<\/li>\n<li class=\"ng-star-inserted\">\n<div>1x Knight Of Justice\u00a0<span class=\"ng-star-inserted\">(Spitfire)<\/span><\/div>\n<\/li>\n<li class=\"ng-star-inserted\">\n<div>1x Knight Of Santiago Hacker<\/div>\n<\/li>\n<li class=\"ng-star-inserted\">\n<div>1x Knight Of The Holy Sepulchre\u00a0<span class=\"ng-star-inserted\">(AP Heavy Machine Gun)<\/span><\/div>\n<\/li>\n<li class=\"ng-star-inserted\">\n<div>1x Infirmarer\u00a0<span class=\"ng-star-inserted\">(Boarding Shotgun)<\/span><\/div>\n<\/li>\n<\/ul>\n<\/div>\n<\/div>\n<\/div>\n<\/div>\n<\/div>\n","protected":false},"excerpt":{"rendered":"<p>JSA Army Pack.<\/p>\n","protected":false},"featured_media":57205,"template":"","meta":{"_acf_changed":false},"product_brand":[],"product_cat":[291,1668,1195,1180,1372,1623],"product_tag":[1863,151,1862,1861],"class_list":{"0":"post-57207","1":"product","2":"type-product","3":"status-publish","4":"has-post-thumbnail","6":"product_cat-infinity-es-2","7":"product_cat-miniatures-es","8":"product_cat-pan0ceania-es","9":"product_cat-retail-products-es","10":"product_cat-sci-fi-es","11":"product_cat-wargames-es-2","12":"product_tag-corvus-belli-es","13":"product_tag-infinity-es","14":"product_tag-military-orders-es","15":"product_tag-panoceania-es","17":"first","18":"onbackorder","19":"sale","20":"taxable","21":"shipping-taxable","22":"purchasable","23":"product-type-simple"},"exclude_global_add_ons":[],"addons":[],"acf":[],"_links":{"self":[{"href":"https:\/\/www.customeeple.com\/es\/wp-json\/wp\/v2\/product\/57207","targetHints":{"allow":["GET"]}}],"collection":[{"href":"https:\/\/www.customeeple.com\/es\/wp-json\/wp\/v2\/product"}],"about":[{"href":"https:\/\/www.customeeple.com\/es\/wp-json\/wp\/v2\/types\/product"}],"wp:featuredmedia":[{"embeddable":true,"href":"https:\/\/www.customeeple.com\/es\/wp-json\/wp\/v2\/media\/57205"}],"wp:attachment":[{"href":"https:\/\/www.customeeple.com\/es\/wp-json\/wp\/v2\/media?parent=57207"}],"wp:term":[{"taxonomy":"product_brand","embeddable":true,"href":"https:\/\/www.customeeple.com\/es\/wp-json\/wp\/v2\/product_brand?post=57207"},{"taxonomy":"product_cat","embeddable":true,"href":"https:\/\/www.customeeple.com\/es\/wp-json\/wp\/v2\/product_cat?post=57207"},{"taxonomy":"product_tag","embeddable":true,"href":"https:\/\/www.customeeple.com\/es\/wp-json\/wp\/v2\/product_tag?post=57207"}],"curies":[{"name":"wp","href":"https:\/\/api.w.org\/{rel}","templated":true}]}}