{"id":57152,"date":"2021-03-15T09:57:32","date_gmt":"2021-03-15T08:57:32","guid":{"rendered":"https:\/\/www.customeeple.com\/?post_type=product&#038;p=57152"},"modified":"2021-03-15T10:23:11","modified_gmt":"2021-03-15T09:23:11","slug":"inserto-compatible-stone-age","status":"publish","type":"product","link":"https:\/\/www.customeeple.com\/es\/producto\/inserto-compatible-stone-age\/","title":{"rendered":"Inserto compatible Stone Age"},"content":{"rendered":"<p>Nuestro inserto para el juego <strong><a href=\"https:\/\/boardgamegeek.com\/boardgame\/34635\/stone-age\">Stone Age <\/a><\/strong>te ayudara no solo a mantener todos los componentes del juego ordenados para su almacenaje y acelerara el comienzo de las partidas, pero ademas ayudara a que mantener todo ordenado durante la partida.\u00a0 el inserto incluye cajas individuales para los distintos componentes asi como unas peque\u00f1as cajas que sirven para mantener ordenado el alamacen de cada jugador.<\/p>\n<p>Este es un inserto de juego dise\u00f1ado para caber dentro de la caja del juego <strong><a href=\"https:\/\/boardgamegeek.com\/boardgame\/34635\/stone-age\">Stone Age<\/a>\u00a0<\/strong>para que puedas tener en orden todas las piezas que vienen con el juego.<\/p>\n<div class=\"moreinfo\"><strong>Material: <\/strong>DM<\/div>\n<div class=\"moreinfo\"><strong>Espesor:<\/strong> 2,5 mm<br \/>\n<strong>Tama\u00f1o:<\/strong> 31,5 x\u00a0 22,5 x 9,4 cm<\/div>\n<div class=\"moreinfo\">\n<p dir=\"ltr\"><span class=\"JLqJ4b ChMk0b\" data-language-for-alternatives=\"es\" data-language-to-translate-into=\"fr\" data-phrase-index=\"0\"><strong>Nota:<\/strong> este producto se vende sin montar ni pintar.<\/span> <span class=\"JLqJ4b ChMk0b\" data-language-for-alternatives=\"es\" data-language-to-translate-into=\"fr\" data-phrase-index=\"1\">Necesitar\u00e1s pegamento para montarlo.<\/span><\/p>\n<p><strong><a href=\"https:\/\/boardgamegeek.com\/boardgame\/34635\/stone-age\">Stone Age<\/a>\u00a0<\/strong>es un juego de <a class=\"ng-binding\" title=\"Bernd Brunnhofer\" href=\"https:\/\/boardgamegeek.com\/boardgamedesigner\/928\/bernd-brunnhofer\">Bernd Brunnhofer<\/a>\u00a0publicado por <a class=\"ng-binding\" title=\"Hans im Gl\u00fcck\" href=\"https:\/\/boardgamegeek.com\/boardgamepublisher\/133\/hans-im-gluck\">Hans im Gl\u00fcck.<\/a>\u00a0<strong>Customeeple<\/strong>\u00a0no mantiene ninguna relaci\u00f3n con esta compa\u00f1\u00eda y este producto no esta apoyado por ellos de ninguna forma.<\/p>\n<\/div>\n","protected":false},"excerpt":{"rendered":"<p>Un resistente inserto pensado para cajas de <strong>30,2 x 21 x 3<\/strong><\/p>\n","protected":false},"featured_media":57139,"template":"","meta":{"_acf_changed":false},"product_brand":[],"product_cat":[1370,1395],"product_tag":[656,332,1450,1455,1652],"class_list":{"0":"post-57152","1":"product","2":"type-product","3":"status-publish","4":"has-post-thumbnail","6":"product_cat-customeeple-es","7":"product_cat-insertos","8":"product_tag-arkham-horror-es-2","9":"product_tag-insert-es","10":"product_tag-keyforge-es","11":"product_tag-lgc-es","12":"product_tag-malifaux-es-2","14":"first","15":"instock","16":"taxable","17":"shipping-taxable","18":"purchasable","19":"product-type-simple"},"exclude_global_add_ons":[],"addons":[],"acf":[],"_links":{"self":[{"href":"https:\/\/www.customeeple.com\/es\/wp-json\/wp\/v2\/product\/57152","targetHints":{"allow":["GET"]}}],"collection":[{"href":"https:\/\/www.customeeple.com\/es\/wp-json\/wp\/v2\/product"}],"about":[{"href":"https:\/\/www.customeeple.com\/es\/wp-json\/wp\/v2\/types\/product"}],"wp:featuredmedia":[{"embeddable":true,"href":"https:\/\/www.customeeple.com\/es\/wp-json\/wp\/v2\/media\/57139"}],"wp:attachment":[{"href":"https:\/\/www.customeeple.com\/es\/wp-json\/wp\/v2\/media?parent=57152"}],"wp:term":[{"taxonomy":"product_brand","embeddable":true,"href":"https:\/\/www.customeeple.com\/es\/wp-json\/wp\/v2\/product_brand?post=57152"},{"taxonomy":"product_cat","embeddable":true,"href":"https:\/\/www.customeeple.com\/es\/wp-json\/wp\/v2\/product_cat?post=57152"},{"taxonomy":"product_tag","embeddable":true,"href":"https:\/\/www.customeeple.com\/es\/wp-json\/wp\/v2\/product_tag?post=57152"}],"curies":[{"name":"wp","href":"https:\/\/api.w.org\/{rel}","templated":true}]}}