{"id":5670,"date":"2015-06-04T19:48:53","date_gmt":"2013-12-30T18:39:53","guid":{"rendered":"http:\/\/www.customeeple.com\/?post_type=product&#038;p=5670"},"modified":"2015-09-23T11:21:50","modified_gmt":"2015-09-23T09:21:50","slug":"cajas-industriales-para-infinity","status":"publish","type":"product","link":"https:\/\/www.customeeple.com\/es\/producto\/cajas-industriales-para-infinity\/","title":{"rendered":"Infinity branded scenery Cargo (4 uds)"},"content":{"rendered":"<p>Nuestro set de cajas industriales son un excelente elemento de escenograf\u00eda para tus partidas de <strong><strong><a href=\"http:\/\/www.infinitythegame.com\/infinity\/en\"> Infinity<\/a><\/strong>. <\/strong>Todas nuestras piezas han sido dise\u00f1adas en colaboraci\u00f3n con\u00a0<strong><a href=\"http:\/\/www.corvusbelli.com\/\">Corvus Belli<\/a><\/strong> y son perfectamente compatibles con <a href=\"http:\/\/infinitythegame.com\/\" target=\"_blank\"><strong>Infinity the game<\/strong><\/a>.<\/p>\n<p>Nuestro set consiste en 1 caja grande y 3 peque\u00f1as que pueden ser usadas como escenograf\u00eda. Todas las cajas vienen impresas con logos de compa\u00f1\u00edas ficticias para dar mayor sensaci\u00f3n de ambiente al juego.<\/p>\n<p>El producto se env\u00eda sin montar y sin pintar. Las fotos solo muestran sugerencias de presentaci\u00f3n.<\/p>\n<div class=\"moreinfo\">\n<p><strong>Material: <\/strong>DM<\/p>\n<p dir=\"ltr\"><strong>Espesor:<\/strong> 2,5 mm<\/p>\n<p dir=\"ltr\"><strong>Tama\u00f1o:<strong><br \/>\n<\/strong><\/strong>Grande: 5,7 x 3,9 cm<br \/>\nPeque\u00f1as: 3,9 x 2,8 cm<strong><br \/>\n<\/strong><\/p>\n<p dir=\"ltr\"><strong>Cantidad:<\/strong> 1 caja grande y 3 peque\u00f1as<strong><strong>.<\/strong><\/strong><\/p>\n<p><strong>Uso: <\/strong>Escenograf\u00eda de juego.<\/p>\n<\/div>\n<p><strong>Nota:<\/strong> Escenograf\u00eda no incluida.<\/p>\n","protected":false},"excerpt":{"rendered":"<p>Un peque\u00f1o conjunto de cajas para ser usadas como escenograf\u00eda en\u00a0<strong><a href=\"http:\/\/www.infinitythegame.com\/infinity\/en\">Infinity the game<\/a><\/strong><\/p>\n","protected":false},"featured_media":6807,"template":"","meta":{"_acf_changed":false},"product_brand":[],"product_cat":[191,1370,346,291,347,1394],"product_tag":[151,306],"class_list":{"0":"post-5670","1":"product","2":"type-product","3":"status-publish","4":"has-post-thumbnail","6":"product_cat-accesorios","7":"product_cat-customeeple-es","8":"product_cat-escenografia","9":"product_cat-infinity-es-2","10":"product_cat-marcadores-es","11":"product_cat-infinity-es","12":"product_tag-infinity-es","13":"product_tag-infinity-the-game-es-2","15":"first","16":"instock","17":"sale","18":"taxable","19":"shipping-taxable","20":"purchasable","21":"product-type-simple"},"exclude_global_add_ons":[],"addons":[],"acf":[],"_links":{"self":[{"href":"https:\/\/www.customeeple.com\/es\/wp-json\/wp\/v2\/product\/5670","targetHints":{"allow":["GET"]}}],"collection":[{"href":"https:\/\/www.customeeple.com\/es\/wp-json\/wp\/v2\/product"}],"about":[{"href":"https:\/\/www.customeeple.com\/es\/wp-json\/wp\/v2\/types\/product"}],"wp:featuredmedia":[{"embeddable":true,"href":"https:\/\/www.customeeple.com\/es\/wp-json\/wp\/v2\/media\/6807"}],"wp:attachment":[{"href":"https:\/\/www.customeeple.com\/es\/wp-json\/wp\/v2\/media?parent=5670"}],"wp:term":[{"taxonomy":"product_brand","embeddable":true,"href":"https:\/\/www.customeeple.com\/es\/wp-json\/wp\/v2\/product_brand?post=5670"},{"taxonomy":"product_cat","embeddable":true,"href":"https:\/\/www.customeeple.com\/es\/wp-json\/wp\/v2\/product_cat?post=5670"},{"taxonomy":"product_tag","embeddable":true,"href":"https:\/\/www.customeeple.com\/es\/wp-json\/wp\/v2\/product_tag?post=5670"}],"curies":[{"name":"wp","href":"https:\/\/api.w.org\/{rel}","templated":true}]}}