{"id":56515,"date":"2021-02-25T13:02:40","date_gmt":"2021-02-25T12:02:41","guid":{"rendered":"https:\/\/www.customeeple.com\/?post_type=product&#038;p=56515"},"modified":"2025-10-02T01:12:03","modified_gmt":"2025-10-02T00:12:03","slug":"vallejo-paints-game-color","status":"publish","type":"product","link":"https:\/\/www.customeeple.com\/es\/producto\/vallejo-paints-game-color\/","title":{"rendered":"Vallejo Paints: Game Color"},"content":{"rendered":"<p>Colores acr\u00edlicos mates y opacos de base agua, especialmente formulados para uso a pincel. Cada color ha sido rigurosamente desarrollado en colaboraci\u00f3n con modelistas especializados en figuras y dioramas de fantas\u00eda. En la formulaci\u00f3n de esta gama se ha tenido en cuenta que algunas de las figuras se utilizan en juegos, y por ello se ha empleado una resina de \u00faltima generaci\u00f3n que ofrece una extraordinaria resistencia a la fricci\u00f3n causada por el movimiento manual de las figuras. Se recomienda aplicarlos sobre una superficie previamente imprimada. Los colores secan r\u00e1pidamente formando una pel\u00edcula homog\u00e9nea y autonivelante que respeta el m\u00e1s m\u00ednimo detalle presente en el modelo. Game Color tiene un comportamiento excepcional sobre todos los soportes, la adherencia de la pintura sobre resina, pl\u00e1stico, acero y metal blanco es extraordinaria. Los utensilios se pueden limpiar con agua.<br \/>\nGame Color no es inflamable y no contiene disolventes.<\/p>\n","protected":false},"excerpt":{"rendered":"<p>Vallejo paints.<\/p>\n","protected":false},"featured_media":56755,"template":"","meta":{"_acf_changed":false},"product_brand":[],"product_cat":[1401,1267,1180],"product_tag":[1842,1843,1630,1841],"class_list":{"0":"post-56515","1":"product","2":"type-product","3":"status-publish","4":"has-post-thumbnail","6":"product_cat-pintura-y-modelismo","7":"product_cat-paints-es","8":"product_cat-retail-products-es","9":"product_tag-acrilicos-vallejo-es","10":"product_tag-game-color-es","11":"product_tag-paints-es","12":"product_tag-vallejo-es","14":"first","15":"instock","16":"sale","17":"taxable","18":"shipping-taxable","19":"purchasable","20":"product-type-variable"},"exclude_global_add_ons":[],"addons":[],"acf":[],"_links":{"self":[{"href":"https:\/\/www.customeeple.com\/es\/wp-json\/wp\/v2\/product\/56515","targetHints":{"allow":["GET"]}}],"collection":[{"href":"https:\/\/www.customeeple.com\/es\/wp-json\/wp\/v2\/product"}],"about":[{"href":"https:\/\/www.customeeple.com\/es\/wp-json\/wp\/v2\/types\/product"}],"wp:featuredmedia":[{"embeddable":true,"href":"https:\/\/www.customeeple.com\/es\/wp-json\/wp\/v2\/media\/56755"}],"wp:attachment":[{"href":"https:\/\/www.customeeple.com\/es\/wp-json\/wp\/v2\/media?parent=56515"}],"wp:term":[{"taxonomy":"product_brand","embeddable":true,"href":"https:\/\/www.customeeple.com\/es\/wp-json\/wp\/v2\/product_brand?post=56515"},{"taxonomy":"product_cat","embeddable":true,"href":"https:\/\/www.customeeple.com\/es\/wp-json\/wp\/v2\/product_cat?post=56515"},{"taxonomy":"product_tag","embeddable":true,"href":"https:\/\/www.customeeple.com\/es\/wp-json\/wp\/v2\/product_tag?post=56515"}],"curies":[{"name":"wp","href":"https:\/\/api.w.org\/{rel}","templated":true}]}}