{"id":56491,"date":"2021-02-22T14:03:07","date_gmt":"2021-02-22T13:03:08","guid":{"rendered":"https:\/\/www.customeeple.com\/?post_type=product&#038;p=56491"},"modified":"2021-02-22T14:06:13","modified_gmt":"2021-02-22T13:06:13","slug":"slickblade-seekers-blissbarb-seekers","status":"publish","type":"product","link":"https:\/\/www.customeeple.com\/es\/producto\/slickblade-seekers-blissbarb-seekers\/","title":{"rendered":"Slickblade Seekers \/ Blissbarb Seekers"},"content":{"rendered":"<p>Los Slickblade Seekers se creen arist\u00f3cratas b\u00e9licos, los caballeros elegidos del Pr\u00edncipe Oscuro. No desean nada m\u00e1s que cargar contra el grueso de la batalla, amputando extremidades y decapitando enemigos con sus afiladas espadas.<\/p>\n<p>Ataca los flancos de la l\u00ednea enemiga con esta potente unidad de caballer\u00eda ligera. De una velocidad sin par, esta unidad es una elecci\u00f3n excepcional para aniquilar a unidades enemigas aisladas o blancos vulnerables como arqueros y artiller\u00eda.<\/p>\n<p>Los guerreros Blissbarb que se hacen con un corcel exaltado de Slaanesh libran sus batallas a una velocidad vertiginosa. Estos sibaritas, que cargan por el campo de batalla raudos como el rayo, lanzan oleadas de crueles flechas con precisi\u00f3n exacta.<\/p>\n<p>Los Blissbarb Seekers combinan velocidad incomparable y punter\u00eda certera, lo que los convierte en la mejor caballer\u00eda de arqueros en el juego. Con ellos, los movimientos de tus oponentes parecer\u00e1n torpes y pat\u00e9ticos mientras los acribillas con flechas despiadadas.<\/p>\n<p>En el interior de esta caja encontrar\u00e1s 114 componentes de pl\u00e1stico, con los que puedes montar 5 Slickblade Seekers (uno de los cuales puede ser el l\u00edder de la unidad, un Hunter-Seeker), adem\u00e1s de 5 peanas Citadel redondas de 75 mm. Alternativamente, puedes montar tambi\u00e9n 5 Blissbarb Seekers.<\/p>\n","protected":false},"excerpt":{"rendered":"<p>Games Workshop accesories.<\/p>\n","protected":false},"featured_media":56438,"template":"","meta":{"_acf_changed":false},"product_brand":[],"product_cat":[1400,1177,1180,1623,1654],"product_tag":[1535,1178,1710,1179,1826],"class_list":{"0":"post-56491","1":"product","2":"type-product","3":"status-publish","4":"has-post-thumbnail","6":"product_cat-fantasia","7":"product_cat-games-workshop-es","8":"product_cat-retail-products-es","9":"product_cat-wargames-es-2","10":"product_cat-warhammer-age-of-sigmar-es-2","11":"product_tag-age-of-sigmar-es","12":"product_tag-ageofsigmar-es","13":"product_tag-aos-es","14":"product_tag-gamesworkshop-es","15":"product_tag-slaanesh-es","17":"first","18":"onbackorder","19":"sale","20":"taxable","21":"shipping-taxable","22":"purchasable","23":"product-type-simple"},"exclude_global_add_ons":[],"addons":[],"acf":[],"_links":{"self":[{"href":"https:\/\/www.customeeple.com\/es\/wp-json\/wp\/v2\/product\/56491","targetHints":{"allow":["GET"]}}],"collection":[{"href":"https:\/\/www.customeeple.com\/es\/wp-json\/wp\/v2\/product"}],"about":[{"href":"https:\/\/www.customeeple.com\/es\/wp-json\/wp\/v2\/types\/product"}],"wp:featuredmedia":[{"embeddable":true,"href":"https:\/\/www.customeeple.com\/es\/wp-json\/wp\/v2\/media\/56438"}],"wp:attachment":[{"href":"https:\/\/www.customeeple.com\/es\/wp-json\/wp\/v2\/media?parent=56491"}],"wp:term":[{"taxonomy":"product_brand","embeddable":true,"href":"https:\/\/www.customeeple.com\/es\/wp-json\/wp\/v2\/product_brand?post=56491"},{"taxonomy":"product_cat","embeddable":true,"href":"https:\/\/www.customeeple.com\/es\/wp-json\/wp\/v2\/product_cat?post=56491"},{"taxonomy":"product_tag","embeddable":true,"href":"https:\/\/www.customeeple.com\/es\/wp-json\/wp\/v2\/product_tag?post=56491"}],"curies":[{"name":"wp","href":"https:\/\/api.w.org\/{rel}","templated":true}]}}