{"id":56489,"date":"2021-02-22T13:59:03","date_gmt":"2021-02-22T12:59:04","guid":{"rendered":"https:\/\/www.customeeple.com\/?post_type=product&#038;p=56489"},"modified":"2021-02-22T14:02:25","modified_gmt":"2021-02-22T13:02:25","slug":"slaangor-fiendbloods","status":"publish","type":"product","link":"https:\/\/www.customeeple.com\/es\/producto\/slaangor-fiendbloods\/","title":{"rendered":"Slaangor Fiendbloods"},"content":{"rendered":"<p>Cuando la locura de la batalla posee a los Slaangor Fiendbloods, la masacre que dejan a su paso es verdaderamente nausebunda. Estas bestias de largas extremidades exhiben una fortaleza y una velocidad de v\u00e9rtido, y luchan con una indiferencia enfermiza hacia su propia supervivencia.<\/p>\n<p>Aunque parecen casi fr\u00e1giles, lo cierto es que estos engendros golpean con la fuerza de un hurac\u00e1n. Al poseer una velocidad y una fuerza de cualidad sobrenatural, incluso una unidad peque\u00f1a puede atacar a sus oponentes con eficacia, mientras que un ataque conjunto es capaz de romper incluso las formaciones m\u00e1s grandes. Adem\u00e1s, una de las miniaturas de la caja puede montarse como un Slake-Horn, el l\u00edder de la unidad.<\/p>\n<p>En el interior de la caja encontrar\u00e1s 37 piezas de pl\u00e1stico, con las que puedes montar 3 miniaturas Slaangor Fiendbloods, una de las cuales puede montarse como un Slake-Horn, el l\u00edder de la unidad. Adem\u00e1s, incluye una peana Citadel redonda de 40 mm.<\/p>\n","protected":false},"excerpt":{"rendered":"<p>Games Workshop accesories.<\/p>\n","protected":false},"featured_media":56434,"template":"","meta":{"_acf_changed":false},"product_brand":[],"product_cat":[1400,1177,1180,1623,1654],"product_tag":[1535,1178,1179,1826,785],"class_list":{"0":"post-56489","1":"product","2":"type-product","3":"status-publish","4":"has-post-thumbnail","6":"product_cat-fantasia","7":"product_cat-games-workshop-es","8":"product_cat-retail-products-es","9":"product_cat-wargames-es-2","10":"product_cat-warhammer-age-of-sigmar-es-2","11":"product_tag-age-of-sigmar-es","12":"product_tag-ageofsigmar-es","13":"product_tag-gamesworkshop-es","14":"product_tag-slaanesh-es","15":"product_tag-wargame-es-2","17":"first","18":"onbackorder","19":"sale","20":"taxable","21":"shipping-taxable","22":"purchasable","23":"product-type-simple"},"exclude_global_add_ons":[],"addons":[],"acf":[],"_links":{"self":[{"href":"https:\/\/www.customeeple.com\/es\/wp-json\/wp\/v2\/product\/56489","targetHints":{"allow":["GET"]}}],"collection":[{"href":"https:\/\/www.customeeple.com\/es\/wp-json\/wp\/v2\/product"}],"about":[{"href":"https:\/\/www.customeeple.com\/es\/wp-json\/wp\/v2\/types\/product"}],"wp:featuredmedia":[{"embeddable":true,"href":"https:\/\/www.customeeple.com\/es\/wp-json\/wp\/v2\/media\/56434"}],"wp:attachment":[{"href":"https:\/\/www.customeeple.com\/es\/wp-json\/wp\/v2\/media?parent=56489"}],"wp:term":[{"taxonomy":"product_brand","embeddable":true,"href":"https:\/\/www.customeeple.com\/es\/wp-json\/wp\/v2\/product_brand?post=56489"},{"taxonomy":"product_cat","embeddable":true,"href":"https:\/\/www.customeeple.com\/es\/wp-json\/wp\/v2\/product_cat?post=56489"},{"taxonomy":"product_tag","embeddable":true,"href":"https:\/\/www.customeeple.com\/es\/wp-json\/wp\/v2\/product_tag?post=56489"}],"curies":[{"name":"wp","href":"https:\/\/api.w.org\/{rel}","templated":true}]}}