{"id":56483,"date":"2021-02-22T13:44:00","date_gmt":"2021-02-22T12:44:01","guid":{"rendered":"https:\/\/www.customeeple.com\/?post_type=product&#038;p=56483"},"modified":"2021-02-22T13:48:13","modified_gmt":"2021-02-22T12:48:13","slug":"shardspeaker-of-slaanesh","status":"publish","type":"product","link":"https:\/\/www.customeeple.com\/es\/producto\/shardspeaker-of-slaanesh\/","title":{"rendered":"Shardspeaker of Slaanesh"},"content":{"rendered":"<p>Los Shardspeakers de Slaanesh son hechiceros favorecidos que han sido obsequiados con una reliquia del Templo de los Espejos Deformes. Cuando canalizan el poder de dicho artefacto, pueden reducir un regimiento disciplinado a un grupo de desgraciados indefensos, simple carne de ca\u00f1\u00f3n.<\/p>\n<p>Estos magos poseen poderosas reliquias, y se desplazan por la retaguardia de tus tropas para darle apoyo a tus unidades de combate con hechizos debilitantes. Aunque tienen armadura y armas ligeras, est\u00e1n protegidos por esp\u00edritus mal\u00e9ficos que los rodean, dispuestos a protegerlos y a destruir a cualquier oponente lo bastante atrevido como para acercarse demasiado a ellos.<\/p>\n<p>En el interior de esta caja encontrar\u00e1s 7 piezas de pl\u00e1stico, con las que puedes montar 1 miniatura Shardspeaker of Slaanesh de una sola posici\u00f3n. Tambi\u00e9n incluye una peana Citadel redonda de 32 mm.<\/p>\n","protected":false},"excerpt":{"rendered":"<p>Games Workshop boardgame.<\/p>\n","protected":false},"featured_media":56432,"template":"","meta":{"_acf_changed":false},"product_brand":[],"product_cat":[1400,1177,1180,1623,1654],"product_tag":[1535,1264,1179,1826,785],"class_list":{"0":"post-56483","1":"product","2":"type-product","3":"status-publish","4":"has-post-thumbnail","6":"product_cat-fantasia","7":"product_cat-games-workshop-es","8":"product_cat-retail-products-es","9":"product_cat-wargames-es-2","10":"product_cat-warhammer-age-of-sigmar-es-2","11":"product_tag-age-of-sigmar-es","12":"product_tag-boardgame-es","13":"product_tag-gamesworkshop-es","14":"product_tag-slaanesh-es","15":"product_tag-wargame-es-2","16":"pa_language-in","17":"pa_language-spanish","19":"first","20":"onbackorder","21":"sale","22":"taxable","23":"shipping-taxable","24":"purchasable","25":"product-type-simple"},"exclude_global_add_ons":[],"addons":[],"acf":[],"_links":{"self":[{"href":"https:\/\/www.customeeple.com\/es\/wp-json\/wp\/v2\/product\/56483","targetHints":{"allow":["GET"]}}],"collection":[{"href":"https:\/\/www.customeeple.com\/es\/wp-json\/wp\/v2\/product"}],"about":[{"href":"https:\/\/www.customeeple.com\/es\/wp-json\/wp\/v2\/types\/product"}],"wp:featuredmedia":[{"embeddable":true,"href":"https:\/\/www.customeeple.com\/es\/wp-json\/wp\/v2\/media\/56432"}],"wp:attachment":[{"href":"https:\/\/www.customeeple.com\/es\/wp-json\/wp\/v2\/media?parent=56483"}],"wp:term":[{"taxonomy":"product_brand","embeddable":true,"href":"https:\/\/www.customeeple.com\/es\/wp-json\/wp\/v2\/product_brand?post=56483"},{"taxonomy":"product_cat","embeddable":true,"href":"https:\/\/www.customeeple.com\/es\/wp-json\/wp\/v2\/product_cat?post=56483"},{"taxonomy":"product_tag","embeddable":true,"href":"https:\/\/www.customeeple.com\/es\/wp-json\/wp\/v2\/product_tag?post=56483"}],"curies":[{"name":"wp","href":"https:\/\/api.w.org\/{rel}","templated":true}]}}