{"id":56479,"date":"2021-02-22T13:39:17","date_gmt":"2021-02-22T12:39:20","guid":{"rendered":"https:\/\/www.customeeple.com\/?post_type=product&#038;p=56479"},"modified":"2021-02-22T13:42:30","modified_gmt":"2021-02-22T12:42:30","slug":"endless-spells-daughters-of-khaine","status":"publish","type":"product","link":"https:\/\/www.customeeple.com\/es\/producto\/endless-spells-daughters-of-khaine\/","title":{"rendered":"Hechizos permanentes: Daughters of Khaine"},"content":{"rendered":"<p>Cuando las Daughters of Khaine van a la guerra, sus magos y sacerdotisas pueden conjurar sangre y sombras en su peligrosa magia para hostigar a sus enemigos.<\/p>\n<p>La Bloodwrack Viper es una enorme serpiente hecha de sangre hirviendo, una manifestaci\u00f3n del odio y la amargura que atrapa a su presa en un abrazo envenenado, estruj\u00e1ndola hasta que explota en un g\u00e9iser de v\u00edsceras y entra\u00f1as.<\/p>\n<p>El Bladewind, que vuela gracias a una tormenta de sangre, deja a su paso un rastro sangriento, cortando armaduras con una habilidad antinatural hasta llegar a la carne y la sangre que hay en su interior.<\/p>\n<p>Las sacerdotisas m\u00e1s devotas de Khaine pueden invocar una manifestaci\u00f3n de su Iron Heart, un icono goteante de sangre que arde con rabia sobrenatural. Aquellos ba\u00f1ados por su aura furiosa prosiguen con su lucha y matan incluso cuando han sufrido heridas mortales.<\/p>\n<p>Los hechizos permanentes de las Daughters of Khaine ofrecen un abanico de opciones t\u00e1cticas diversas y poderosas, dise\u00f1adas para derribar a tus oponentes y proveer de bendiciones a tus propias unidades. En el interior de esta caja encontrar\u00e1s miniaturas para los dos hechizos permanentes y para una Invocaci\u00f3n de Khaine. Dos de ellos pueden ser lanzados por tus magos, mientras que el tercero puede ser invocado por las sacerdotisas.<\/p>\n<p><strong>Las 42 piezas de esta caja montan tres miniaturas para tu ej\u00e9rcito Daughters of Khaine:<\/strong><\/p>\n<p>\u2013 Bloodwrack Viper<br \/>\n\u2013 Bladewind<br \/>\n\u2013 Heart of Fury<\/p>\n<p>Tambi\u00e9n incluye una peana redonda de 100 mm y dos peanas redondas de 50 mm.<\/p>\n<p>Las hojas de unidad de estas miniaturas est\u00e1n disponibles en el Tomo de batalla: Daughters of Khaine.<\/p>\n","protected":false},"excerpt":{"rendered":"<p>Games Workshop miniatures.<\/p>\n","protected":false},"featured_media":56428,"template":"","meta":{"_acf_changed":false},"product_brand":[],"product_cat":[1400,1177,1180,1623,1654],"product_tag":[1535,1827,1179,785],"class_list":{"0":"post-56479","1":"product","2":"type-product","3":"status-publish","4":"has-post-thumbnail","6":"product_cat-fantasia","7":"product_cat-games-workshop-es","8":"product_cat-retail-products-es","9":"product_cat-wargames-es-2","10":"product_cat-warhammer-age-of-sigmar-es-2","11":"product_tag-age-of-sigmar-es","12":"product_tag-daughters-of-khaine-es","13":"product_tag-gamesworkshop-es","14":"product_tag-wargame-es-2","16":"first","17":"onbackorder","18":"sale","19":"taxable","20":"shipping-taxable","21":"purchasable","22":"product-type-simple"},"exclude_global_add_ons":[],"addons":[],"acf":[],"_links":{"self":[{"href":"https:\/\/www.customeeple.com\/es\/wp-json\/wp\/v2\/product\/56479","targetHints":{"allow":["GET"]}}],"collection":[{"href":"https:\/\/www.customeeple.com\/es\/wp-json\/wp\/v2\/product"}],"about":[{"href":"https:\/\/www.customeeple.com\/es\/wp-json\/wp\/v2\/types\/product"}],"wp:featuredmedia":[{"embeddable":true,"href":"https:\/\/www.customeeple.com\/es\/wp-json\/wp\/v2\/media\/56428"}],"wp:attachment":[{"href":"https:\/\/www.customeeple.com\/es\/wp-json\/wp\/v2\/media?parent=56479"}],"wp:term":[{"taxonomy":"product_brand","embeddable":true,"href":"https:\/\/www.customeeple.com\/es\/wp-json\/wp\/v2\/product_brand?post=56479"},{"taxonomy":"product_cat","embeddable":true,"href":"https:\/\/www.customeeple.com\/es\/wp-json\/wp\/v2\/product_cat?post=56479"},{"taxonomy":"product_tag","embeddable":true,"href":"https:\/\/www.customeeple.com\/es\/wp-json\/wp\/v2\/product_tag?post=56479"}],"curies":[{"name":"wp","href":"https:\/\/api.w.org\/{rel}","templated":true}]}}