{"id":56477,"date":"2021-02-22T13:18:19","date_gmt":"2021-02-22T12:18:19","guid":{"rendered":"https:\/\/www.customeeple.com\/?post_type=product&#038;p=56477"},"modified":"2021-02-22T13:37:38","modified_gmt":"2021-02-22T12:37:38","slug":"sigvald-prince-of-slaanesh","status":"publish","type":"product","link":"https:\/\/www.customeeple.com\/es\/producto\/sigvald-prince-of-slaanesh\/","title":{"rendered":"Sigvald, Prince of Slaanesh"},"content":{"rendered":"<p>Sigvald el Magn\u00edfico se considera a s\u00ed mismo el hijo predilecto de Slaanesh, y pocos osar\u00edan contradecirle. Sobre el campo de batalla, el Pr\u00edncipe \u00c1ureo lucha como un torbellino dorado, riendo con crueldad a medida que su elegante espada se abre paso entre plebe y campeones por igual.<\/p>\n<p>Tanto si eres un duelista que puede derribar a los h\u00e9roes y monstruos m\u00e1s poderosos del juego como si simplemente quieres utilizar un instrumento romo (o sorprendentemente gr\u00e1cil) para romper las l\u00edneas enemigas, Sigvald el Magn\u00edfico es todo lo que necesitas y mucho m\u00e1s&#8230; \u00a1Y \u00e9l no lo cambiar\u00eda por nada!<\/p>\n<p>En el interior de esta caja encontrar\u00e1s 26 piezas de pl\u00e1stico con las que puedes montar 1 Sigvald, Prince of Slaanesh. Tambi\u00e9n incluye una peana Citadel redonda de 60 mm.<\/p>\n","protected":false},"excerpt":{"rendered":"<p>Games Workshop accesories.<\/p>\n","protected":false},"featured_media":56440,"template":"","meta":{"_acf_changed":false},"product_brand":[],"product_cat":[1400,1177,1180,1623,1654],"product_tag":[1535,1710,1179,1826],"class_list":{"0":"post-56477","1":"product","2":"type-product","3":"status-publish","4":"has-post-thumbnail","6":"product_cat-fantasia","7":"product_cat-games-workshop-es","8":"product_cat-retail-products-es","9":"product_cat-wargames-es-2","10":"product_cat-warhammer-age-of-sigmar-es-2","11":"product_tag-age-of-sigmar-es","12":"product_tag-aos-es","13":"product_tag-gamesworkshop-es","14":"product_tag-slaanesh-es","16":"first","17":"onbackorder","18":"sale","19":"taxable","20":"shipping-taxable","21":"purchasable","22":"product-type-simple"},"exclude_global_add_ons":[],"addons":[],"acf":[],"_links":{"self":[{"href":"https:\/\/www.customeeple.com\/es\/wp-json\/wp\/v2\/product\/56477","targetHints":{"allow":["GET"]}}],"collection":[{"href":"https:\/\/www.customeeple.com\/es\/wp-json\/wp\/v2\/product"}],"about":[{"href":"https:\/\/www.customeeple.com\/es\/wp-json\/wp\/v2\/types\/product"}],"wp:featuredmedia":[{"embeddable":true,"href":"https:\/\/www.customeeple.com\/es\/wp-json\/wp\/v2\/media\/56440"}],"wp:attachment":[{"href":"https:\/\/www.customeeple.com\/es\/wp-json\/wp\/v2\/media?parent=56477"}],"wp:term":[{"taxonomy":"product_brand","embeddable":true,"href":"https:\/\/www.customeeple.com\/es\/wp-json\/wp\/v2\/product_brand?post=56477"},{"taxonomy":"product_cat","embeddable":true,"href":"https:\/\/www.customeeple.com\/es\/wp-json\/wp\/v2\/product_cat?post=56477"},{"taxonomy":"product_tag","embeddable":true,"href":"https:\/\/www.customeeple.com\/es\/wp-json\/wp\/v2\/product_tag?post=56477"}],"curies":[{"name":"wp","href":"https:\/\/api.w.org\/{rel}","templated":true}]}}