{"id":56475,"date":"2021-02-22T13:08:45","date_gmt":"2021-02-22T12:08:45","guid":{"rendered":"https:\/\/www.customeeple.com\/?post_type=product&#038;p=56475"},"modified":"2021-02-22T13:11:21","modified_gmt":"2021-02-22T12:11:21","slug":"glutos-orscollion-lord-of-gluttony","status":"publish","type":"product","link":"https:\/\/www.customeeple.com\/es\/producto\/glutos-orscollion-lord-of-gluttony\/","title":{"rendered":"Glutos Orscollion, Lord of Gluttony"},"content":{"rendered":"<p>Glutos Orscollion, guiado por el daemon Loth&#8217;shar, est\u00e1 embarcado en una cruzada para probar los manjares m\u00e1s ex\u00f3ticos de los Reinos Mortales. Aposentado en un opulento palanqu\u00edn y rodeado de su corte de devotos, puede deshacer a ej\u00e9rcitos enteros con sus repugnantes hechizos.<\/p>\n<p>Glutos Orscollion no solo aumenta a aquellos que lo rodean mediante sus poderosas habilidades, sino que adem\u00e1s es un mago formidable y jam\u00e1s se arredra en combate. Si buscas una miniatura polifac\u00e9tica y vers\u00e1til que lidere y reafirme tus fuerzas hedonitas, Glutos es tu hombre.<\/p>\n<p>En el interior de esta caja encontrar\u00e1s 101 piezas de pl\u00e1stico con las que podr\u00e1s montar a Glutos Orscollion y sus siervos predilectos sobre un opulento palanqu\u00edn. Esta miniatura viene con una peana Citadel ovalada de 170 mm.<\/p>\n","protected":false},"excerpt":{"rendered":"<p>Games Workshop boardgame.<\/p>\n","protected":false},"featured_media":56444,"template":"","meta":{"_acf_changed":false},"product_brand":[],"product_cat":[1400,1177,1180,1372,1623,1229,1654],"product_tag":[1535,1710,1264,1179,1826,785],"class_list":{"0":"post-56475","1":"product","2":"type-product","3":"status-publish","4":"has-post-thumbnail","6":"product_cat-fantasia","7":"product_cat-games-workshop-es","8":"product_cat-retail-products-es","9":"product_cat-sci-fi-es","10":"product_cat-wargames-es-2","11":"product_cat-warhammer-40k-es","12":"product_cat-warhammer-age-of-sigmar-es-2","13":"product_tag-age-of-sigmar-es","14":"product_tag-aos-es","15":"product_tag-boardgame-es","16":"product_tag-gamesworkshop-es","17":"product_tag-slaanesh-es","18":"product_tag-wargame-es-2","20":"first","21":"onbackorder","22":"sale","23":"taxable","24":"shipping-taxable","25":"purchasable","26":"product-type-simple"},"exclude_global_add_ons":[],"addons":[],"acf":[],"_links":{"self":[{"href":"https:\/\/www.customeeple.com\/es\/wp-json\/wp\/v2\/product\/56475","targetHints":{"allow":["GET"]}}],"collection":[{"href":"https:\/\/www.customeeple.com\/es\/wp-json\/wp\/v2\/product"}],"about":[{"href":"https:\/\/www.customeeple.com\/es\/wp-json\/wp\/v2\/types\/product"}],"wp:featuredmedia":[{"embeddable":true,"href":"https:\/\/www.customeeple.com\/es\/wp-json\/wp\/v2\/media\/56444"}],"wp:attachment":[{"href":"https:\/\/www.customeeple.com\/es\/wp-json\/wp\/v2\/media?parent=56475"}],"wp:term":[{"taxonomy":"product_brand","embeddable":true,"href":"https:\/\/www.customeeple.com\/es\/wp-json\/wp\/v2\/product_brand?post=56475"},{"taxonomy":"product_cat","embeddable":true,"href":"https:\/\/www.customeeple.com\/es\/wp-json\/wp\/v2\/product_cat?post=56475"},{"taxonomy":"product_tag","embeddable":true,"href":"https:\/\/www.customeeple.com\/es\/wp-json\/wp\/v2\/product_tag?post=56475"}],"curies":[{"name":"wp","href":"https:\/\/api.w.org\/{rel}","templated":true}]}}