{"id":56365,"date":"2021-02-10T15:44:20","date_gmt":"2021-02-10T14:44:20","guid":{"rendered":"https:\/\/www.customeeple.com\/?post_type=product&#038;p=56365"},"modified":"2021-02-10T16:16:13","modified_gmt":"2021-02-10T15:16:13","slug":"inserto-compatible-draftosaurus-copy","status":"publish","type":"product","link":"https:\/\/www.customeeple.com\/es\/producto\/inserto-compatible-draftosaurus-copy\/","title":{"rendered":"Inserto compatible Draftosaurus (Copy)"},"content":{"rendered":"<p>Este es un inserto de juego dise\u00f1ado para el juego Robin de Locksley y est\u00e1 destinado a mejorar la experiencia de juego y mantener todas las piezas en orden en la caja.<\/p>\n<p>El inserto trae 2 cajas, una para la configuraci\u00f3n y otra para el juego, la primera esta pensada para todas las piezas para hacer el cuadrado y los meeples. mientras que la segunda contiene el dinero \/ tesoros y se puede usar durante el juego para separar la pila de robo de las piezas vendidas.<\/p>\n<p>Este inserto es compatible con la versi\u00f3n de caja cuadrada de este juego (versiones en espa\u00f1ol, franc\u00e9s y polaco). Si est\u00e1s interesado en la versi\u00f3n en ingl\u00e9s, env\u00edanos un correo electr\u00f3nico a hello@customeeple.com.<\/p>\n<div class=\"moreinfo\"><strong>Material: <\/strong>DM<\/div>\n<div class=\"moreinfo\"><strong>Espesor:<\/strong> 2,5 mm<br \/>\n<strong>Tama\u00f1o:<\/strong> 19,5 x 19,5x 3,7 cm<\/div>\n<div class=\"moreinfo\">\n<p dir=\"ltr\"><span class=\"JLqJ4b ChMk0b\" data-language-for-alternatives=\"es\" data-language-to-translate-into=\"fr\" data-phrase-index=\"0\"><strong>Nota:<\/strong> este producto se vende sin montar .<\/span> <span class=\"JLqJ4b ChMk0b\" data-language-for-alternatives=\"es\" data-language-to-translate-into=\"fr\" data-phrase-index=\"1\">Necesitar\u00e1s pegamento para montarlo.<\/span><\/p>\n<p><a class=\"ng-binding\" href=\"https:\/\/boardgamegeek.com\/boardgame\/280132\/robin-locksley\">Robin of Locksley<\/a> es un juego de <a href=\"https:\/\/boardgamegeek.com\/boardgamedesigner\/10\/uwe-rosenberg\">Uwe Rosemberg<\/a> publicado por\u00a0<a class=\"ng-binding\" title=\"Wyrmgold GmbH\" href=\"https:\/\/boardgamegeek.com\/boardgamepublisher\/42315\/wyrmgold-gmbh\">Wyrmgold<\/a>. <strong>Customeeple<\/strong>\u00a0no mantiene ninguna relaci\u00f3n con esta compa\u00f1\u00eda y este producto no esta apoyado por ellos de ninguna forma.<\/p>\n<\/div>\n","protected":false},"excerpt":{"rendered":"<p>Un resistente inserto pensado para cajas de <strong>19,5 x 19,5<\/strong><\/p>\n","protected":false},"featured_media":56367,"template":"","meta":{"_acf_changed":false},"product_brand":[],"product_cat":[191,1370,1395],"product_tag":[332],"class_list":{"0":"post-56365","1":"product","2":"type-product","3":"status-publish","4":"has-post-thumbnail","6":"product_cat-accesorios","7":"product_cat-customeeple-es","8":"product_cat-insertos","9":"product_tag-insert-es","11":"first","12":"instock","13":"taxable","14":"shipping-taxable","15":"purchasable","16":"product-type-simple"},"exclude_global_add_ons":[],"addons":[],"acf":[],"_links":{"self":[{"href":"https:\/\/www.customeeple.com\/es\/wp-json\/wp\/v2\/product\/56365","targetHints":{"allow":["GET"]}}],"collection":[{"href":"https:\/\/www.customeeple.com\/es\/wp-json\/wp\/v2\/product"}],"about":[{"href":"https:\/\/www.customeeple.com\/es\/wp-json\/wp\/v2\/types\/product"}],"wp:featuredmedia":[{"embeddable":true,"href":"https:\/\/www.customeeple.com\/es\/wp-json\/wp\/v2\/media\/56367"}],"wp:attachment":[{"href":"https:\/\/www.customeeple.com\/es\/wp-json\/wp\/v2\/media?parent=56365"}],"wp:term":[{"taxonomy":"product_brand","embeddable":true,"href":"https:\/\/www.customeeple.com\/es\/wp-json\/wp\/v2\/product_brand?post=56365"},{"taxonomy":"product_cat","embeddable":true,"href":"https:\/\/www.customeeple.com\/es\/wp-json\/wp\/v2\/product_cat?post=56365"},{"taxonomy":"product_tag","embeddable":true,"href":"https:\/\/www.customeeple.com\/es\/wp-json\/wp\/v2\/product_tag?post=56365"}],"curies":[{"name":"wp","href":"https:\/\/api.w.org\/{rel}","templated":true}]}}