{"id":56350,"date":"2021-02-10T13:52:22","date_gmt":"2021-02-10T12:52:24","guid":{"rendered":"https:\/\/www.customeeple.com\/?post_type=product&#038;p=56350"},"modified":"2021-03-02T12:23:21","modified_gmt":"2021-03-02T11:23:21","slug":"inserto-compatible-draftosaurus","status":"publish","type":"product","link":"https:\/\/www.customeeple.com\/es\/producto\/inserto-compatible-draftosaurus\/","title":{"rendered":"Inserto compatible Draftosaurus"},"content":{"rendered":"<p>Este es un inserto de juego dise\u00f1ado para el juego Draftosaurus que est\u00e1 destinado a mejorar la experiencia de juego en tiempos de COVID. El inserto trae 5 cajas peque\u00f1as donde cada jugador puede depositar los dinosaurios en un turno para que en lugar de pasar los dinosaurios de mano en mano, solo pases las cajas en las que est\u00e1n los dinosaurios. De esta forma se evita el contacto directo entre los jugadores al manipular las piezas y se acelera el juego.<\/p>\n<p>Consta de 6 cajas, una para guardar la bolsa y los dados del juego y otra 5 para cada uno de los jugadores durante la partida.<\/p>\n<div class=\"moreinfo\"><strong>Material: <\/strong>DM<\/div>\n<div class=\"moreinfo\"><strong>Espesor:<\/strong> 2,5 mm<br \/>\n<strong>Tama\u00f1o:<\/strong> 19,5 x 19,5x 3,7 cm<\/div>\n<div class=\"moreinfo\">\n<p dir=\"ltr\"><span class=\"JLqJ4b ChMk0b\" data-language-for-alternatives=\"es\" data-language-to-translate-into=\"fr\" data-phrase-index=\"0\"><strong>Nota:<\/strong> este producto se vende sin montar .<\/span> <span class=\"JLqJ4b ChMk0b\" data-language-for-alternatives=\"es\" data-language-to-translate-into=\"fr\" data-phrase-index=\"1\">Necesitar\u00e1s pegamento para montarlo.<\/span><\/p>\n<p><strong><a href=\"https:\/\/boardgamegeek.com\/boardgame\/163412\/patchwork\">Patchwork<\/a>\u00a0<\/strong>es un juego de <a href=\"https:\/\/boardgamegeek.com\/boardgamedesigner\/10\/uwe-rosenberg\">Uwe Rosemberg<\/a> publicado por <a href=\"https:\/\/boardgamegeek.com\/boardgamepublisher\/10\/mayfair-games\">Mayfair Games<\/a>. <strong>Customeeple<\/strong>\u00a0<strong>Customeeple<\/strong>\u00a0no mantiene ninguna relaci\u00f3n con esta compa\u00f1\u00eda y este producto no esta apoyado por ellos de ninguna forma.<\/p>\n<\/div>\n","protected":false},"excerpt":{"rendered":"<p>Un resistente inserto pensado para cajas de <strong>19,5 x 19,5<\/strong><\/p>\n","protected":false},"featured_media":56362,"template":"","meta":{"_acf_changed":false},"product_brand":[],"product_cat":[191,1370,1395],"product_tag":[332],"class_list":{"0":"post-56350","1":"product","2":"type-product","3":"status-publish","4":"has-post-thumbnail","6":"product_cat-accesorios","7":"product_cat-customeeple-es","8":"product_cat-insertos","9":"product_tag-insert-es","11":"first","12":"instock","13":"taxable","14":"shipping-taxable","15":"purchasable","16":"product-type-simple"},"exclude_global_add_ons":[],"addons":[],"acf":[],"_links":{"self":[{"href":"https:\/\/www.customeeple.com\/es\/wp-json\/wp\/v2\/product\/56350","targetHints":{"allow":["GET"]}}],"collection":[{"href":"https:\/\/www.customeeple.com\/es\/wp-json\/wp\/v2\/product"}],"about":[{"href":"https:\/\/www.customeeple.com\/es\/wp-json\/wp\/v2\/types\/product"}],"wp:featuredmedia":[{"embeddable":true,"href":"https:\/\/www.customeeple.com\/es\/wp-json\/wp\/v2\/media\/56362"}],"wp:attachment":[{"href":"https:\/\/www.customeeple.com\/es\/wp-json\/wp\/v2\/media?parent=56350"}],"wp:term":[{"taxonomy":"product_brand","embeddable":true,"href":"https:\/\/www.customeeple.com\/es\/wp-json\/wp\/v2\/product_brand?post=56350"},{"taxonomy":"product_cat","embeddable":true,"href":"https:\/\/www.customeeple.com\/es\/wp-json\/wp\/v2\/product_cat?post=56350"},{"taxonomy":"product_tag","embeddable":true,"href":"https:\/\/www.customeeple.com\/es\/wp-json\/wp\/v2\/product_tag?post=56350"}],"curies":[{"name":"wp","href":"https:\/\/api.w.org\/{rel}","templated":true}]}}