{"id":56335,"date":"2021-02-06T10:00:20","date_gmt":"2021-02-06T09:00:20","guid":{"rendered":"https:\/\/www.customeeple.com\/?post_type=product&#038;p=56335"},"modified":"2021-02-06T10:09:21","modified_gmt":"2021-02-06T09:09:21","slug":"istanbul-big-box","status":"publish","type":"product","link":"https:\/\/www.customeeple.com\/es\/producto\/istanbul-big-box\/","title":{"rendered":"Istanbul Big Box (ESP)"},"content":{"rendered":"<div class=\"p_collection\">\n<div id=\"primary_block\" class=\"clearfix\">\n<div class=\"add-top p_collection\">\n<p><b>Edici\u00f3n en espa\u00f1ol\/catal\u00e1n<\/b><\/p>\n<p><i>Hay mucho alboroto en el gran bazar de Estambul mientras los mercaderes y sus ayudantes corren por los estrechos callejones en un intento de tener m\u00e1s \u00e9xito que sus competidores. Todo debe estar bien organizado: las carretillas deben llenarse de bienes en los almacenes, y ser transportadas con presteza por los ayudantes a sus diversos destinos. \u00bfCu\u00e1l es tu objetivo? Ser el primer comerciante en recolectar determinado n\u00famero de rub\u00edes.<\/i><\/p>\n<p>En Istanbul diriges un equipo de un mercader y sus cuatro ayudantes a trav\u00e9s de 16 localizaciones del bazar. En cada una de esas localizaciones podr\u00e1s realizar una acci\u00f3n espec\u00edfica. El reto, sin embargo, es que para hacer una acci\u00f3n tendr\u00e1s que mover a tu mercader y a uno de sus asistentes hasta ah\u00ed, a continuaci\u00f3n dejar\u00e1s a tu ayudante ah\u00ed (para que se cupe de los detalles mientras t\u00fa te preocupas de cosas m\u00e1s importantes). Si en el futuro quieres volver a utilizar a ese ayudante, el mercader tendr\u00e1 que volver a la localizaci\u00f3n para recogerle. Deber\u00e1s planear con cautela tus jugadas para no encontrarte con que no te quedan ayudantes y seas incapaz de hacer nada\u2026<\/p>\n<p>M\u00e1s en detalle, durante tu turno mueves a tu mercader y a su s\u00e9quito de ayudantes uno o dos espacios a trav\u00e9s del bazar, y o bien dejas a un ayudante en tu nueva ubicaci\u00f3n o recoges uno que hubieras dejado con anterioridad, y finalmente har\u00e1s una acci\u00f3n. Si te encuentras con otros mercaderes o ciertos individuos en la localizaci\u00f3n podr\u00e1s hacer una peque\u00f1a acci\u00f3n extra. Las acciones posibles incluyen:<\/p>\n<p>\u2022 Pagar para aumentar la capacidad de tu carretilla, que al principio de la partida tan solo tiene capacidad para 2 unidades de cada bien.<br \/>\n\u2022 Llenar tu carretilla con un bien espec\u00edfico hasta llegar al tope de su capacidad.<br \/>\n\u2022 Adquirir una habilidad especial, y lo antes que pases por ah\u00ed tanto m\u00e1s f\u00e1cil ser\u00e1 conseguirlo.<br \/>\n\u2022 Comprar o cambiar bienes por rub\u00edes.<br \/>\n\u2022 Vender combinaciones especiales de bienes para conseguir el dinero que necesitar\u00e1s para hacer todo lo dem\u00e1s.<\/p>\n<p>Cuando un mercader ha recolectado cinco rub\u00edes en su carretilla, los jugadores completan la ronda y el juego termina. Si este jugador es el \u00fanico que ha alcanzado su objetivo gana autom\u00e1ticamente; en cualquier otro caso los empates se rompen por el dinero que tenga cada uno en la mano.<\/p>\n<p><b>INCLUYE LA EXPANSI\u00d3N MOCA Y PROPINAS, Y LA EXPANSI\u00d3N CARTAS Y SELLOS<\/b><\/p>\n<p><b>Moca y Propinas:<\/b>\u00a0vender telas preciosas, las especias m\u00e1s ex\u00f3ticas y las frutas m\u00e1s frescas de Estambul era sin duda un negocio provechoso. Pero ahora, los clientes del bazar han descubierto un nuevo manjar: \u00a1el caf\u00e9! Como astuto comerciante que eres, te frotas las manos ante la inmensa fortuna que podr\u00e1s hacer vendiendo estos sabrosos granos. Consigue ayuda extra de los parroquianos de la taberna para ayudarte en tu tarea.<\/p>\n<p><b>Cartas y Sellos:<\/b>\u00a0vosotros, los comerciantes de Estambul, ideasteis una nueva y muy lucrativa forma de ganar dinero extra: \u00a1enviar mensajes a los comerciantes del bazar! Mientras lo haces, podr\u00e1s encontrar informaci\u00f3n \u00fatil aqu\u00ed y all\u00e1 que puedes vender a la sociedad secreta a cambio de unos cuantos rub\u00edes&#8230;. Con el fin de mantener tu negocio en marcha, buscas nuevos socios para que te ayuden.<\/p>\n<p><b>INCLUYE LA MINI EXPANSI\u00d3N LIDER DE LA CARAVANA<\/b><\/p>\n<p><b>Istanbul ha sido reconocido internacionalmente con los siguientes premios y nominaciones<\/b><\/p>\n<p>\u2022 Ganador Mejor Juego Experto del A\u00f1o en Alemania<br \/>\n\u2022 Ganador Mejor Juego del A\u00f1o en Suiza<br \/>\n\u2022 Ganador Mejor Juego del A\u00f1o Gouden Ludo (Belgica)<br \/>\n\u2022 Nominado Mejor Juego Experto del A\u00f1o en Pa\u00edses Bajos<br \/>\n\u2022 Nominado Mejor Juego Meeples Choice<br \/>\n\u2022 Nominado Mejor Juego de estrategia multijugador International Gamers Award<br \/>\n\u2022 Nominado Mejor Juego del A\u00f1o en la Rep\u00fablica Checa<br \/>\n\u2022 Nominado Mejor Juego del A\u00f1o Golden Geek<br \/>\n\u2022 Nominado Mejor Juego de estrategia Golden Geek<br \/>\n\u2022 Nominado Mejor Juego familiar Golden Geek<\/p>\n<\/div>\n<\/div>\n<\/div>\n<div class=\"product_components double-top add-border\">\n<div>\n<p><strong>Cantidad de jugadores<\/strong>: 2 a 5\u00a0 jugadores<\/p>\n<p><strong>Duraci\u00f3n<\/strong>: 40-60 minutos<\/p>\n<p><strong>Edad<\/strong>: +10 a\u00f1os<\/p>\n<p><strong>Idioma<\/strong>: Espa\u00f1ol<\/p>\n<\/div>\n<div><\/div>\n<\/div>\n","protected":false},"excerpt":{"rendered":"<p>Boardgame.<\/p>\n","protected":false},"featured_media":56324,"template":"","meta":{"_acf_changed":false},"product_brand":[],"product_cat":[1561,1557,1653,1556,1180],"product_tag":[1264,1280,1810,1809],"class_list":{"0":"post-56335","1":"product","2":"type-product","3":"status-publish","4":"has-post-thumbnail","6":"product_cat-familiar-es","7":"product_cat-card-game-es","8":"product_cat-boardgames","9":"product_cat-board-games-es","10":"product_cat-retail-products-es","11":"product_tag-boardgame-es","12":"product_tag-juego-de-mesa-es","13":"product_tag-masqueoca-es","14":"product_tag-mqo-es","16":"first","17":"instock","18":"sale","19":"taxable","20":"shipping-taxable","21":"purchasable","22":"product-type-simple"},"exclude_global_add_ons":[],"addons":[],"acf":[],"_links":{"self":[{"href":"https:\/\/www.customeeple.com\/es\/wp-json\/wp\/v2\/product\/56335","targetHints":{"allow":["GET"]}}],"collection":[{"href":"https:\/\/www.customeeple.com\/es\/wp-json\/wp\/v2\/product"}],"about":[{"href":"https:\/\/www.customeeple.com\/es\/wp-json\/wp\/v2\/types\/product"}],"wp:featuredmedia":[{"embeddable":true,"href":"https:\/\/www.customeeple.com\/es\/wp-json\/wp\/v2\/media\/56324"}],"wp:attachment":[{"href":"https:\/\/www.customeeple.com\/es\/wp-json\/wp\/v2\/media?parent=56335"}],"wp:term":[{"taxonomy":"product_brand","embeddable":true,"href":"https:\/\/www.customeeple.com\/es\/wp-json\/wp\/v2\/product_brand?post=56335"},{"taxonomy":"product_cat","embeddable":true,"href":"https:\/\/www.customeeple.com\/es\/wp-json\/wp\/v2\/product_cat?post=56335"},{"taxonomy":"product_tag","embeddable":true,"href":"https:\/\/www.customeeple.com\/es\/wp-json\/wp\/v2\/product_tag?post=56335"}],"curies":[{"name":"wp","href":"https:\/\/api.w.org\/{rel}","templated":true}]}}